{"id":3146,"date":"2020-10-16T10:26:21","date_gmt":"2020-10-16T08:26:21","guid":{"rendered":"https:\/\/www.hotelhills.sk\/uslugi\/aktivity-v-okoli\/"},"modified":"2026-01-07T08:45:02","modified_gmt":"2026-01-07T07:45:02","slug":"atrakcje-w-okolicy","status":"publish","type":"page","link":"https:\/\/www.hotelhills.sk\/pl\/uslugi\/atrakcje-w-okolicy\/","title":{"rendered":"Atrakcje w okolicy"},"content":{"rendered":"<div class=\"gdc_row\">\n<div class=\"gdc_column gdc_chalf\">\n<div class=\"gdc_inner\">\n<p><strong>AQUAPARK, TURYSTYKA, ROWER, ATRAKCJE<\/strong><\/p>\n<h2>Aktywno\u015bci letnie<\/h2>\n<style>#sp-ea-4421 .spcollapsing { height: 0; overflow: hidden; transition-property: height;transition-duration: 300ms;}#sp-ea-4421.sp-easy-accordion>.sp-ea-single {margin-bottom: 0px; border: 1px solid #e2e2e2; }#sp-ea-4421.sp-easy-accordion>.sp-ea-single>.ea-header a {color: #444;}#sp-ea-4421.sp-easy-accordion>.sp-ea-single>.sp-collapse>.ea-body {background: #fff; color: #444;}#sp-ea-4421.sp-easy-accordion>.sp-ea-single {background: #eee;}#sp-ea-4421.sp-easy-accordion>.sp-ea-single>.ea-header a .ea-expand-icon { float: left; color: #444;font-size: 16px;}<\/style>\n<div id=\"sp_easy_accordion-1741862088\">\n<div id=\"sp-ea-4421\" class=\"sp-ea-one sp-easy-accordion\" data-ea-active=\"ea-click\" data-ea-mode=\"vertical\" data-preloader=\"\" data-scroll-active-item=\"\" data-offset-to-scroll=\"0\">\n<div class=\"ea-card sp-ea-single\">\n<h3 class=\"ea-header\"><a class=\"collapsed\" id=\"ea-header-44210\" role=\"button\" data-sptoggle=\"spcollapse\" data-sptarget=\"#collapse44210\" aria-controls=\"collapse44210\" href=\"#\" aria-expanded=\"false\" tabindex=\"0\"><i aria-hidden=\"true\" role=\"presentation\" class=\"ea-expand-icon eap-icon-ea-expand-plus\"><\/i> AquaCity Poprad \u2013 Wodny raj pod Tatrami<\/a><\/h3>\n<div class=\"sp-collapse spcollapse spcollapse\" id=\"collapse44210\" data-parent=\"#sp-ea-4421\" role=\"region\" aria-labelledby=\"ea-header-44210\">\n<div class=\"ea-body\">\n<p>Przez ca\u0142y rok mo\u017cna cieszy\u0107 si\u0119 doskona\u0142ym relaksem i odpoczynkiem w najpi\u0119kniejszym parku termalnym AquaCity Poprad. Woda termalna jest wydobywana z odwiertu o g\u0142\u0119boko\u015bci 1300 m i zawiera 20 r\u00f3\u017cnych minera\u0142\u00f3w, kt\u00f3re korzystnie wp\u0142ywaj\u0105 na zdrowie. Ciesz si\u0119 \u015bwietn\u0105 zabaw\u0105 w 13 zewn\u0119trznych i wewn\u0119trznych basenach termalnych o temperaturze wody od 30 do 38 \u00b0C. Ca\u0142kowita powierzchnia wody w aquaparku wynosi 3500 metr\u00f3w kwadratowych, a pojemno\u015b\u0107 ca\u0142ego obszaru mo\u017ce obs\u0142u\u017cy\u0107 do siedmiu tysi\u0119cy odwiedzaj\u0105cych. Centrum AquaCity Poprad jest wyj\u0105tkowe, zw\u0142aszcza ze wzgl\u0119du na wod\u0119, kt\u00f3ra pochodzi ze \u017ar\u00f3d\u0142a geotermalnego pod aquaparkiem.<\/p>\n<p>Na zewn\u0105trz mo\u017cna odpocz\u0105\u0107 w ca\u0142orocznym basenie wypoczynkowym lub relaksacyjnym, w kt\u00f3rym znajduj\u0105 si\u0119 kulki wodne, dysze masuj\u0105ce, grzybek wodny lub dzwonek ko\u0142ysz\u0105cy. Mo\u017cna te\u017c pop\u0142ywa\u0107 w zewn\u0119trznym basenie regeneracyjnym dla aktywnych sportowc\u00f3w o d\u0142ugo\u015bci 33 metr\u00f3w. Luksusowe baseny termalne Blue Diamond z barami z napojami oraz szeregiem atrakcji wodnych, jacuzzi, dysz masuj\u0105cych i strumieni wodnych to miejsce idealnego relaksu. Baseny relaksacyjne Blue Sapphire s\u0105 wyj\u0105tkowe nie tylko pod wzgl\u0119dem zakresu oferowanych us\u0142ug, ale r\u00f3wnie\u017c ze wzgl\u0119du na ich wk\u0142ad w ochron\u0119 \u015brodowiska. Baseny relaksacyjne o temperaturze wody 30 - 35\u00b0C, oferuj\u0105ce pe\u0142n\u0105 gam\u0119 masa\u017cy wodnych i powietrznych, le\u017canki i siedziska z b\u0105belkami wody, kurtyny i strumienie wodne, specjalne \u015bwiat\u0142a do chromoterapii - leczenia \u015bwiat\u0142em, urz\u0105dzenia do tworzenia sztucznych fal i inne atrakcje. Wspania\u0142y pobyt w AquaCity Poprad ko\u0144czy si\u0119 ka\u017cdego wieczoru wyj\u0105tkowym pokazem laserowym 3D w basenach Blue Sapphire, kt\u00f3ry nie ma sobie r\u00f3wnych w ca\u0142ej Europie. Pokaz laserowy w AquaCity jest pokazem mo\u017cliwo\u015bci wykorzystania najnowocze\u015bniejszych projektor\u00f3w laserowych.<\/p>\n<p>Na terenie o\u015brodka znajduj\u0105 si\u0119 2 kryte zje\u017cd\u017calnie wodne oraz wodny raj Piramida Maj\u00f3w, otwarty w miesi\u0105cach letnich ze zje\u017cd\u017calni\u0105 do raftingu, 2 szybkimi zje\u017cd\u017calniami Kamikaze i szerok\u0105 zje\u017cd\u017calni\u0105 rodzinn\u0105. Najm\u0142odsi go\u015bcie mog\u0105 bawi\u0107 si\u0119 na a\u017c siedmiu r\u00f3\u017cnych placach zabaw i k\u0105cikach. Letnia strefa na \u015bwie\u017cym powietrzu oferuje przestrze\u0144 dla bardziej aktywnych go\u015bci, trzy piaszczyste boiska s\u0105 idealne do gry w siatk\u00f3wk\u0119 pla\u017cow\u0105 i pi\u0142k\u0119 no\u017cn\u0105 z rodzin\u0105 lub przyjaci\u00f3\u0142mi. W bezpo\u015brednim s\u0105siedztwie boisk znajduje si\u0119 r\u00f3wnie\u017c piaszczysta pla\u017ca z le\u017cakami i parasolami oraz bar na pla\u017cy z szerok\u0105 ofert\u0105 orze\u017awiaj\u0105cych napoj\u00f3w i drink\u00f3w mieszanych. W morzu zabawy pod Tatrami podr\u00f3\u017cnicy odkryj\u0105 basen dla dzieci Wyspa Skarb\u00f3w. W duchu jednego z najpopularniejszych dzie\u0142 historycznych zbudowali basen w stylu egzotycznej zatoki ze s\u0142on\u0105 wod\u0105, w komplecie z wrakiem statku. Pobyt nad wod\u0105 w AquaCity Poprad mo\u017cna wykorzysta\u0107 r\u00f3wnie\u017c na relaks i wypoczynek po\u0142\u0105czony z zabiegami odnowy biologicznej oraz pobytem w centrum Vital World Fire &amp; Water Wellness &amp; Spa. Na powierzchni ponad 1590 m2 znajdziesz pe\u0142en kontrast\u00f3w, witalny \u015bwiat pod znakiem \u017cywio\u0142\u00f3w ognia i wody. Elementy te s\u0105 symbolem centrum odnowy biologicznej podzielonego na stref\u0119 prywatn\u0105 i imprezow\u0105, gdzie znajd\u0105 Pa\u0144stwo r\u00f3\u017cnego rodzaju sauny i pokoje inhalacyjne, saun\u0119 ceremonialn\u0105, stref\u0119 prywatn\u0105, pokoje relaksu z \u0142\u00f3\u017ckami wodnymi oraz wyj\u0105tkowy 14-metrowy Vital Bar.<\/p>\n<\/div>\n<\/div>\n<\/div>\n<div class=\"ea-card sp-ea-single\">\n<h3 class=\"ea-header\"><a class=\"collapsed\" id=\"ea-header-44211\" role=\"button\" data-sptoggle=\"spcollapse\" data-sptarget=\"#collapse44211\" aria-controls=\"collapse44211\" href=\"#\" aria-expanded=\"false\" tabindex=\"0\"><i aria-hidden=\"true\" role=\"presentation\" class=\"ea-expand-icon eap-icon-ea-expand-plus\"><\/i> Turystyka<\/a><\/h3>\n<div class=\"sp-collapse spcollapse spcollapse\" id=\"collapse44211\" data-parent=\"#sp-ea-4421\" role=\"region\" aria-labelledby=\"ea-header-44211\">\n<div class=\"ea-body\">\n<p>Odkryj i poczuj Tatry Wysokie wszystkimi zmys\u0142ami. Porzu\u0107 codzienne stereotypy dzisiejszych zabieganych czas\u00f3w i naucz si\u0119 na nowo odkrywa\u0107 natur\u0119 naszych zapieraj\u0105cych dech w piersiach krajobraz\u00f3w. Wysokie Tatry to wyj\u0105tkowe miejsce na Ziemi, gdzie znajduje si\u0119 25 szczyt\u00f3w o wysoko\u015bci ponad 2500 metr\u00f3w. m., unikalne jeziora polodowcowe, chroniona ro\u015blinno\u015b\u0107 i rzadka fauna. Nasze Tatry zapewni\u0105 Twojemu cia\u0142u i umys\u0142owi prawdziw\u0105 harmoni\u0119 z natur\u0105. Latem region Tatr Wysokich odwiedza ponad 1,3 miliona turyst\u00f3w, kt\u00f3rzy przez jeden lub kilka dni odpoczywaj\u0105 i \u0142aduj\u0105 baterie w tym pi\u0119knym regionie. Wysokie Tatry oferuj\u0105 urlopowiczom wiele mo\u017cliwo\u015bci aktywnego wypoczynku, od \u0142atwych po bardziej wymagaj\u0105ce w\u0119dr\u00f3wki piesze. Niepowtarzalnym prze\u017cyciem jest wyjazd kolejk\u0105 linow\u0105 na szczyty Tatr Wysokich. Z naszych g\u00f3r rozci\u0105ga si\u0119 pi\u0119kny widok na osoby w ka\u017cdym wieku. Na terenie TANAP-u wyznaczono ok. 600 km szlak\u00f3w turystycznych, kt\u00f3re doprowadz\u0105 turyst\u00f3w do najciekawszych miejsc w Tatrach Wysokich. Przez doliny prowadz\u0105 szlaki turystyczne, kt\u00f3re umo\u017cliwiaj\u0105 wej\u015bcie na tatrza\u0144skie schroniska, na trudniejsze i mniej wymagaj\u0105ce szczyty tatrza\u0144skie oraz przej\u015bcie przez tatrza\u0144skie prze\u0142\u0119cze. Wszystkie szlaki turystyczne przeznaczone do poruszania si\u0119 turyst\u00f3w na terenie Tatrza\u0144skiego Parku Narodowego oznakowane s\u0105 znakami (czerwonym, niebieskim, zielonym, \u017c\u00f3\u0142tym).<\/p>\n<\/div>\n<\/div>\n<\/div>\n<div class=\"ea-card sp-ea-single\">\n<h3 class=\"ea-header\"><a class=\"collapsed\" id=\"ea-header-44212\" role=\"button\" data-sptoggle=\"spcollapse\" data-sptarget=\"#collapse44212\" aria-controls=\"collapse44212\" href=\"#\" aria-expanded=\"false\" tabindex=\"0\"><i aria-hidden=\"true\" role=\"presentation\" class=\"ea-expand-icon eap-icon-ea-expand-plus\"><\/i> Kolarstwo<\/a><\/h3>\n<div class=\"sp-collapse spcollapse spcollapse\" id=\"collapse44212\" data-parent=\"#sp-ea-4421\" role=\"region\" aria-labelledby=\"ea-header-44212\">\n<div class=\"ea-body\">\n<p>Ponad 300 km oznakowanych tras rowerowych o r\u00f3\u017cnym stopniu trudno\u015bci, przeznaczonych dla ka\u017cdego \u2013 rodzin z dzie\u0107mi, mi\u0142o\u015bnik\u00f3w kolarstwa g\u00f3rskiego i szosowego, sportowc\u00f3w i pocz\u0105tkuj\u0105cych kolarzy. P\u0142askie trasy u podn\u00f3\u017ca g\u00f3r, wyeksponowane podjazdy na najwy\u017csze szczyty Tatr, trasa rowerowa prowadz\u0105ca niemal dooko\u0142a ca\u0142ego pasma Tatr Wysokich. Jazda na rowerze to doskona\u0142a okazja, aby po\u0142\u0105czy\u0107 sport z bezpo\u015brednim obcowaniem z natur\u0105.<\/p>\n<\/div>\n<\/div>\n<\/div>\n<div class=\"ea-card sp-ea-single\">\n<h3 class=\"ea-header\"><a class=\"collapsed\" id=\"ea-header-44213\" role=\"button\" data-sptoggle=\"spcollapse\" data-sptarget=\"#collapse44213\" aria-controls=\"collapse44213\" href=\"#\" aria-expanded=\"false\" tabindex=\"0\"><i aria-hidden=\"true\" role=\"presentation\" class=\"ea-expand-icon eap-icon-ea-expand-plus\"><\/i> Wdzi\u0119ki kobiece<\/a><\/h3>\n<div class=\"sp-collapse spcollapse spcollapse\" id=\"collapse44213\" data-parent=\"#sp-ea-4421\" role=\"region\" aria-labelledby=\"ea-header-44213\">\n<div class=\"ea-body\">\n<p>WYSY\u0141KA \u0141ODZI<br \/>Tradycja p\u0142ywania \u0142\u00f3dk\u0105 po Jeziorze Szczyrbskim i Nowym Jeziorze Szczyrbskim ma ponad 130-letni\u0105 histori\u0119. 5 lipca 2008 roku, po 25 latach, wznowiono \u017ceglarstwo na Szczyrbskim Plesie. Jezioro zosta\u0142o \u201eodblokowane\u201d i mo\u017cna z niego podziwia\u0107 pi\u0119kny widok na Solisko oraz spokojne wody tego wyj\u0105tkowego i unikalnego jeziora, kt\u00f3re by\u0142o jednocze\u015bnie jednym z siedmiu cud\u00f3w \u015bwiata. Do dyspozycji go\u015bci jest 22 \u0142odzie, kt\u00f3re zacumowane s\u0105 przy nowo wybudowanym pomo\u015bcie, z kt\u00f3rego rozpo\u015bciera si\u0119 pi\u0119kny widok na szczyty Tatr.<\/p>\n<p>TOR BOBBLE, HULAJNOGA, PARKI LINOWE, LETNI TUBING<\/p>\n<\/div>\n<\/div>\n<\/div>\n<\/div>\n<\/div>\n<\/div>\n<\/div>\n<div class=\"gdc_column gdc_chalf\">\n<div class=\"gdc_inner\">\n<p><strong>NARCIARSTWO, NARCIARSTWO BIEGOWE, SANKING<\/strong><\/p>\n<h2>Aktywno\u015bci zimowe<\/h2>\n<style>#sp-ea-4420 .spcollapsing { height: 0; overflow: hidden; transition-property: height;transition-duration: 300ms;}#sp-ea-4420.sp-easy-accordion>.sp-ea-single {margin-bottom: 0px; border: 1px solid #e2e2e2; }#sp-ea-4420.sp-easy-accordion>.sp-ea-single>.ea-header a {color: #444;}#sp-ea-4420.sp-easy-accordion>.sp-ea-single>.sp-collapse>.ea-body {background: #fff; color: #444;}#sp-ea-4420.sp-easy-accordion>.sp-ea-single {background: #eee;}#sp-ea-4420.sp-easy-accordion>.sp-ea-single>.ea-header a .ea-expand-icon { float: left; color: #444;font-size: 16px;}<\/style>\n<div id=\"sp_easy_accordion-1741862272\">\n<div id=\"sp-ea-4420\" class=\"sp-ea-one sp-easy-accordion\" data-ea-active=\"ea-click\" data-ea-mode=\"vertical\" data-preloader=\"\" data-scroll-active-item=\"\" data-offset-to-scroll=\"0\">\n<div class=\"ea-card sp-ea-single\">\n<h3 class=\"ea-header\"><a class=\"collapsed\" id=\"ea-header-44200\" role=\"button\" data-sptoggle=\"spcollapse\" data-sptarget=\"#collapse44200\" aria-controls=\"collapse44200\" href=\"#\" aria-expanded=\"false\" tabindex=\"0\"><i aria-hidden=\"true\" role=\"presentation\" class=\"ea-expand-icon eap-icon-ea-expand-plus\"><\/i> Tatransk\u00e1 Lomnica<\/a><\/h3>\n<div class=\"sp-collapse spcollapse spcollapse\" id=\"collapse44200\" data-parent=\"#sp-ea-4420\" role=\"region\" aria-labelledby=\"ea-header-44200\">\n<div class=\"ea-body\">\n<p>Serce narciarzy - \u0141omnicka Prze\u0142\u0119cz Ciesz si\u0119 jazd\u0105 na nartach w s\u0142onecznej scenerii \u0141omnickiej Prze\u0142\u0119czy, kt\u00f3rej pocz\u0105tek znajduje si\u0119 w kurorcie Tatrza\u0144ska \u0141omnica w Wysokich Tatrach. Najlepiej po\u0142o\u017cona i najbardziej stroma trasa narciarska z \u0141omnicy (Lomnick\u00fd Sedl) 2190 m n.p.m. m., zadowoli nawet najbardziej wymagaj\u0105cych narciarzy. 1300 metr\u00f3w przewy\u017cszenia, 5-miesi\u0119czna gwarancja \u015bniegu, najnowocze\u015bniejsze wyci\u0105gi krzese\u0142kowe i gondole oraz rozleg\u0142e stoki to gwarancja wspania\u0142ych wra\u017ce\u0144 na najwy\u017cszej klasy trasie carvingowej o d\u0142ugo\u015bci 6,5 km i szeroko\u015bci do 60 metr\u00f3w. O\u015brodek dysponuje r\u00f3wnie\u017c blisko 6 km mniej wymagaj\u0105cych tras narciarskich, co doceni\u0105 zw\u0142aszcza rodziny z dzie\u0107mi. Prze\u0142\u0119cz \u0141omnicka swoj\u0105 atrakcyjno\u015bci\u0105 przyci\u0105ga nie tylko zwyk\u0142ych narciarzy, mi\u0142o\u015bnik\u00f3w freeride'u, mi\u0142o\u015bnik\u00f3w adrenaliny i indywidualist\u00f3w.<\/p>\n<\/div>\n<\/div>\n<\/div>\n<div class=\"ea-card sp-ea-single\">\n<h3 class=\"ea-header\"><a class=\"collapsed\" id=\"ea-header-44201\" role=\"button\" data-sptoggle=\"spcollapse\" data-sptarget=\"#collapse44201\" aria-controls=\"collapse44201\" href=\"#\" aria-expanded=\"false\" tabindex=\"0\"><i aria-hidden=\"true\" role=\"presentation\" class=\"ea-expand-icon eap-icon-ea-expand-plus\"><\/i> Star\u00fd Smokovec<\/a><\/h3>\n<div class=\"sp-collapse spcollapse spcollapse\" id=\"collapse44201\" data-parent=\"#sp-ea-4420\" role=\"region\" aria-labelledby=\"ea-header-44201\">\n<div class=\"ea-body\">\n<p>Stary Smokowiec - komfortowa kolejka linowa na Hrebienok, ca\u0142odzienne i nocne zje\u017cd\u017canie na sankach to jedno z najlepszych zimowych prze\u017cy\u0107. Jakubkova louka, ze swoj\u0105 \u0142atw\u0105 tras\u0105 zjazdow\u0105, jest idealnym o\u015brodkiem dla pocz\u0105tkuj\u0105cych narciarzy. Hrebienok to najpopularniejsze miejsce zimowych wycieczek pieszych do wodospad\u00f3w Zimnego Potoku lub do schronisk alpejskich. Pocz\u0105tkuj\u0105cy narciarze odnajd\u0105 si\u0119 w o\u015brodkach Stary Smokowiec - Hrebienok lub Jakubkova Louka. Popularn\u0105 atrakcj\u0105 jest zjazd na sankach po o\u015bwietlonej trasie o d\u0142ugo\u015bci 2,5 km z Hrebienoka do Starego Smokowca. Je\u015bli chcesz nauczy\u0107 si\u0119 je\u017adzi\u0107 na nartach lub zabra\u0107 na narty swoje dzieci, profesjonalny zesp\u00f3\u0142 instruktor\u00f3w szko\u0142y narciarskiej oferuje lekcje nawet dla zupe\u0142nych nowicjuszy. Stary Smokowiec w Wysokich Tatrach jest idealn\u0105 baz\u0105 wypadow\u0105 na zimowe w\u0119dr\u00f3wki do schronisk i wodospad\u00f3w.<\/p>\n<\/div>\n<\/div>\n<\/div>\n<div class=\"ea-card sp-ea-single\">\n<h3 class=\"ea-header\"><a class=\"collapsed\" id=\"ea-header-44202\" role=\"button\" data-sptoggle=\"spcollapse\" data-sptarget=\"#collapse44202\" aria-controls=\"collapse44202\" href=\"#\" aria-expanded=\"false\" tabindex=\"0\"><i aria-hidden=\"true\" role=\"presentation\" class=\"ea-expand-icon eap-icon-ea-expand-plus\"><\/i> \u0160trbsk\u00e9 Pleso<\/a><\/h3>\n<div class=\"sp-collapse spcollapse spcollapse\" id=\"collapse44202\" data-parent=\"#sp-ea-4420\" role=\"region\" aria-labelledby=\"ea-header-44202\">\n<div class=\"ea-body\">\n<p>Najlepiej po\u0142o\u017cona tatrza\u0144ska osada, Szczyrbskie Jezioro, oferuje 9 kilometr\u00f3w \u0142atwych i \u015brednio trudnych tras zjazdowych na po\u0142udniowych stokach Przedniego Soliska, kt\u00f3re ciesz\u0105 si\u0119 popularno\u015bci\u0105 w\u015br\u00f3d rodzin z dzie\u0107mi i zaawansowanych narciarzy. W o\u015brodku Wysokie Tatry - Jezioro Szczyrbskie mo\u017cna korzysta\u0107 z us\u0142ug wypo\u017cyczalni sprz\u0119tu narciarskiego i snowboardowego, serwis\u00f3w narciarskich oraz szk\u00f3\u0142ek narciarskich dla pocz\u0105tkuj\u0105cych. Szczyrbskie Jezioro przyci\u0105ga doskona\u0142ymi warunkami narciarskimi z \u015bwietnymi trasami do slalomu, zjazdu i narciarstwa biegowego, a tak\u017ce us\u0142ugami na najwy\u017cszym poziomie. W tym sezonie zimowym narciarze b\u0119d\u0105 mogli cieszy\u0107 si\u0119 9 km o\u015bnie\u017conych tras, a mi\u0142o\u015bnicy narciarstwa biegowego znajd\u0105 trasy biegowe o \u0142\u0105cznej d\u0142ugo\u015bci a\u017c 26,5 km. Nie przegap okazji jazdy na nartach noc\u0105. Mi\u0142o\u015bnicy adrenaliny mog\u0105 odwiedzi\u0107 atrakcyjny snowpark. Szczyrbskie Jezioro jest najwy\u017cej po\u0142o\u017conym o\u015brodkiem narciarskim na S\u0142owacji, a jego magiczna atmosfera to r\u00f3wnie\u017c zas\u0142uga bogatej historii.<\/p>\n<\/div>\n<\/div>\n<\/div>\n<div class=\"ea-card sp-ea-single\">\n<h3 class=\"ea-header\"><a class=\"collapsed\" id=\"ea-header-44203\" role=\"button\" data-sptoggle=\"spcollapse\" data-sptarget=\"#collapse44203\" aria-controls=\"collapse44203\" href=\"#\" aria-expanded=\"false\" tabindex=\"0\"><i aria-hidden=\"true\" role=\"presentation\" class=\"ea-expand-icon eap-icon-ea-expand-plus\"><\/i> Biegi narciarskie<\/a><\/h3>\n<div class=\"sp-collapse spcollapse spcollapse\" id=\"collapse44203\" data-parent=\"#sp-ea-4420\" role=\"region\" aria-labelledby=\"ea-header-44203\">\n<div class=\"ea-body\">\n<p>Mi\u0142o\u015bnicy narciarstwa biegowego r\u00f3wnie\u017c znajd\u0105 co\u015b dla siebie w regionie Tatr Wysokich. Okolice Szczyrbskiego Jeziora oferuj\u0105 kilka tras o r\u00f3\u017cnym stopniu trudno\u015bci i \u0142\u0105cznej d\u0142ugo\u015bci 25 km. Trasy biegowe mo\u017cna znale\u017a\u0107 r\u00f3wnie\u017c w Tatrza\u0144skiej \u0141omnicy, Starym Smokowcu, a tak\u017ce u podn\u00f3\u017ca g\u00f3r. Zim\u0105 pole golfowe Black Stork w Wielkiej \u0141omnicy zamienia si\u0119 w kilka tras biegowych o \u0142\u0105cznej d\u0142ugo\u015bci ponad 10 km.<\/p>\n<\/div>\n<\/div>\n<\/div>\n<div class=\"ea-card sp-ea-single\">\n<h3 class=\"ea-header\"><a class=\"collapsed\" id=\"ea-header-44204\" role=\"button\" data-sptoggle=\"spcollapse\" data-sptarget=\"#collapse44204\" aria-controls=\"collapse44204\" href=\"#\" aria-expanded=\"false\" tabindex=\"0\"><i aria-hidden=\"true\" role=\"presentation\" class=\"ea-expand-icon eap-icon-ea-expand-plus\"><\/i> Jazda na sankach<\/a><\/h3>\n<div class=\"sp-collapse spcollapse spcollapse\" id=\"collapse44204\" data-parent=\"#sp-ea-4420\" role=\"region\" aria-labelledby=\"ea-header-44204\">\n<div class=\"ea-body\">\n<p>Zimowa zabawa w Tatrach nigdy si\u0119 nie ko\u0144czy. Wr\u00f3\u0107 do dzieci\u0144stwa i wskocz na sanki.<br \/>Baw si\u0119 dobrze na przygotowanej i o\u015bwietlonej trasie saneczkowej o d\u0142ugo\u015bci 2,5 km, kt\u00f3ra prowadzi z Hrebienka do Starego Smokowca. Mo\u017cna tam \u0142atwo wjecha\u0107 kolejk\u0105 linow\u0105, a przy dolnej stacji kolejki mo\u017cna wypo\u017cyczy\u0107 sanki. Wiecz\u00f3r pe\u0142en zabawy i przyg\u00f3d mo\u017cesz prze\u017cy\u0107 podczas nocnej wycieczki na sankach.<\/p>\n<\/div>\n<\/div>\n<\/div>\n<\/div>\n<\/div>\n<\/div>\n<\/div>\n<\/div>\n","protected":false},"excerpt":{"rendered":"","protected":false},"author":1,"featured_media":4884,"parent":3096,"menu_order":43,"comment_status":"closed","ping_status":"closed","template":"","meta":{"footnotes":""},"class_list":["post-3146","page","type-page","status-publish","has-post-thumbnail","hentry"],"acf":[],"aioseo_notices":[],"_links":{"self":[{"href":"https:\/\/www.hotelhills.sk\/pl\/wp-json\/wp\/v2\/pages\/3146","targetHints":{"allow":["GET"]}}],"collection":[{"href":"https:\/\/www.hotelhills.sk\/pl\/wp-json\/wp\/v2\/pages"}],"about":[{"href":"https:\/\/www.hotelhills.sk\/pl\/wp-json\/wp\/v2\/types\/page"}],"author":[{"embeddable":true,"href":"https:\/\/www.hotelhills.sk\/pl\/wp-json\/wp\/v2\/users\/1"}],"replies":[{"embeddable":true,"href":"https:\/\/www.hotelhills.sk\/pl\/wp-json\/wp\/v2\/comments?post=3146"}],"version-history":[{"count":5,"href":"https:\/\/www.hotelhills.sk\/pl\/wp-json\/wp\/v2\/pages\/3146\/revisions"}],"predecessor-version":[{"id":4918,"href":"https:\/\/www.hotelhills.sk\/pl\/wp-json\/wp\/v2\/pages\/3146\/revisions\/4918"}],"up":[{"embeddable":true,"href":"https:\/\/www.hotelhills.sk\/pl\/wp-json\/wp\/v2\/pages\/3096"}],"wp:featuredmedia":[{"embeddable":true,"href":"https:\/\/www.hotelhills.sk\/pl\/wp-json\/wp\/v2\/media\/4884"}],"wp:attachment":[{"href":"https:\/\/www.hotelhills.sk\/pl\/wp-json\/wp\/v2\/media?parent=3146"}],"curies":[{"name":"wp","href":"https:\/\/api.w.org\/{rel}","templated":true}]}}