{"id":3017,"date":"2020-10-16T08:37:50","date_gmt":"2020-10-16T06:37:50","guid":{"rendered":"https:\/\/www.hotelhills.sk\/zakwaterowanie\/hotel-horizont-resort\/exclusive-suite\/"},"modified":"2025-03-20T12:26:46","modified_gmt":"2025-03-20T11:26:46","slug":"exclusive-suite","status":"publish","type":"page","link":"https:\/\/www.hotelhills.sk\/pl\/zakwaterowanie\/exclusive-suite\/","title":{"rendered":"Apartamenty dwupoziomowe"},"content":{"rendered":"<style type=\"text\/css\">\n\t\t\t#gallery-1 {\n\t\t\t\tmargin: auto;\n\t\t\t}\n\t\t\t#gallery-1 .gallery-item {\n\t\t\t\tfloat: left;\n\t\t\t\tmargin-top: 10px;\n\t\t\t\ttext-align: center;\n\t\t\t\twidth: 25%;\n\t\t\t}\n\t\t\t#gallery-1 img {\n\t\t\t\tborder: 2px solid #cfcfcf;\n\t\t\t}\n\t\t\t#gallery-1 .gallery-caption {\n\t\t\t\tmargin-left: 0;\n\t\t\t}\n\t\t\t\/* see gallery_shortcode() in wp-includes\/media.php *\/\n\t\t<\/style>\n<div id='gallery-1' class='gallery galleryid-3017 gallery-columns-4 gallery-size-thumbnail'>\n<dl class='gallery-item'>\n<dt class='gallery-icon landscape'>\n\t\t\t\t<a href='https:\/\/www.hotelhills.sk\/wp-content\/uploads\/2025\/03\/Hotel_Hills_1000x650_50.jpeg' title=\"\" data-rl_title=\"\" class=\"rl-gallery-link\" data-rl_caption=\"\" data-rel=\"lightbox-gallery-1\"><img loading=\"lazy\" decoding=\"async\" width=\"800\" height=\"650\" src=\"https:\/\/www.hotelhills.sk\/wp-content\/uploads\/2025\/03\/Hotel_Hills_1000x650_50-800x650.jpeg\" class=\"attachment-thumbnail size-thumbnail\" alt=\"\" \/><\/a>\n\t\t\t<\/dt>\n<\/dl>\n<dl class='gallery-item'>\n<dt class='gallery-icon landscape'>\n\t\t\t\t<a href='https:\/\/www.hotelhills.sk\/wp-content\/uploads\/2025\/03\/Hotel_Hills_1000x650_51.jpeg' title=\"\" data-rl_title=\"\" class=\"rl-gallery-link\" data-rl_caption=\"\" data-rel=\"lightbox-gallery-1\"><img loading=\"lazy\" decoding=\"async\" width=\"800\" height=\"650\" src=\"https:\/\/www.hotelhills.sk\/wp-content\/uploads\/2025\/03\/Hotel_Hills_1000x650_51-800x650.jpeg\" class=\"attachment-thumbnail size-thumbnail\" alt=\"\" \/><\/a>\n\t\t\t<\/dt>\n<\/dl>\n<dl class='gallery-item'>\n<dt class='gallery-icon landscape'>\n\t\t\t\t<a href='https:\/\/www.hotelhills.sk\/wp-content\/uploads\/2025\/03\/Hotel_Hills_1000x650_52.jpeg' title=\"\" data-rl_title=\"\" class=\"rl-gallery-link\" data-rl_caption=\"\" data-rel=\"lightbox-gallery-1\"><img loading=\"lazy\" decoding=\"async\" width=\"800\" height=\"650\" src=\"https:\/\/www.hotelhills.sk\/wp-content\/uploads\/2025\/03\/Hotel_Hills_1000x650_52-800x650.jpeg\" class=\"attachment-thumbnail size-thumbnail\" alt=\"\" \/><\/a>\n\t\t\t<\/dt>\n<\/dl>\n<dl class='gallery-item'>\n<dt class='gallery-icon landscape'>\n\t\t\t\t<a href='https:\/\/www.hotelhills.sk\/wp-content\/uploads\/2025\/03\/Hotel_Hills_1000x650_55.jpeg' title=\"\" data-rl_title=\"\" class=\"rl-gallery-link\" data-rl_caption=\"\" data-rel=\"lightbox-gallery-1\"><img loading=\"lazy\" decoding=\"async\" width=\"800\" height=\"650\" src=\"https:\/\/www.hotelhills.sk\/wp-content\/uploads\/2025\/03\/Hotel_Hills_1000x650_55-800x650.jpeg\" class=\"attachment-thumbnail size-thumbnail\" alt=\"\" \/><\/a>\n\t\t\t<\/dt>\n<\/dl>\n<p><br style=\"clear: both\" \/>\n\t\t<\/div>\n<div class=\"line\"><\/div>\n<div class=\"gdc_row\">\n<div class=\"gdc_column gdc_cthird\">\n<div class=\"gdc_inner\">\n<h2>Informacja<\/h2>\n<p>Apartamenty dwupoziomowe typu maisonette s\u0105 odpowiednie dla zakwaterowania od 2 do 4 os\u00f3b. Powierzchnia apartament\u00f3w wynosi 66,45 m2. Oferuj\u0105 one wysoki standard zakwaterowania, wygod\u0119, prywatno\u015b\u0107. Ka\u017cda sypialnia znajduje si\u0119 na innym pi\u0119trze i ma w\u0142asn\u0105 \u0142azienk\u0119. Wszystkie 4 apartamenty typu maisonette wyposa\u017cone s\u0105 w klimatyzacj\u0119 i urz\u0105dzone w g\u00f3rskim stylu, kt\u00f3ry harmonizuje z otaczaj\u0105c\u0105 przyrod\u0105. Pokoje wyposa\u017cone s\u0105 w okna typu porte-fen\u00eatre, bez balkon\u00f3w, z przepi\u0119knym widokiem na potok Studen\u00fd potok i otaczaj\u0105c\u0105 go tatrza\u0144sk\u0105 przyrod\u0119. Znajduj\u0105 si\u0119 one w cz\u0119\u015bci hotelowej C na 2. i 3. pi\u0119trze. Wystarczaj\u0105ca ilo\u015b\u0107 miejsca pozwala na dostawienie \u0142\u00f3\u017ceczka dzieci\u0119cego, je\u015bli zajdzie taka potrzeba.<\/p>\n<\/div>\n<\/div>\n<div class=\"gdc_column gdc_cthird\">\n<div class=\"gdc_inner\">\n<h2>Sprz\u0119t<\/h2>\n<ul>\n<li>Ko\u0142dry antyalergiczne<\/li>\n<li>Okno francuskie<\/li>\n<li>Klimatyzacja<\/li>\n<li>Zestaw kosmetyczny<\/li>\n<li>Telewizor LCD 55&#8243;<\/li>\n<li>Mini-bar<\/li>\n<li>Materace ortopedyczne<\/li>\n<li>Parking przy hotelu<\/li>\n<li>Room Service \u2013 dostawa jedzenia do pokoju<\/li>\n<li>Zestaw do kawy i herbaty<\/li>\n<li>Prysznic, Toaleta, Suszarka do w\u0142os\u00f3w<\/li>\n<li>Telefon<\/li>\n<li>Bezpieczna<\/li>\n<li>Wi-Fi<\/li>\n<li>Szlafrok, kapcie<\/li>\n<\/ul>\n<\/div>\n<\/div>\n<div class=\"gdc_column gdc_cthird\">\n<div class=\"gdc_inner\">\n<h2>Us\u0142ugi dodatkowe<\/h2>\n<p>\u0141\u00f3\u017ceczko dzieci\u0119ce &#8211; bezp\u0142atnie<\/p>\n<p>P\u00f3\u017ane wymeldowanie:<\/p>\n<p>Je\u015bli s\u0105 Pa\u0144stwo zainteresowani wcze\u015bniejszym zameldowaniem lub p\u00f3\u017aniejszym wymeldowaniem, prosimy o kontakt z recepcj\u0105 hotelu. \u015awiadczenie tych dodatkowych us\u0142ug uzale\u017cnione jest od bie\u017c\u0105cych mo\u017cliwo\u015bci operacyjnych i przepustowo\u015bci hotelu.<\/p>\n<\/div>\n<\/div>\n<\/div>\n","protected":false},"excerpt":{"rendered":"","protected":false},"author":1,"featured_media":1837,"parent":2998,"menu_order":5,"comment_status":"closed","ping_status":"closed","template":"template-detail-pokoje.php","meta":{"footnotes":""},"class_list":["post-3017","page","type-page","status-publish","has-post-thumbnail","hentry"],"acf":[],"aioseo_notices":[],"_links":{"self":[{"href":"https:\/\/www.hotelhills.sk\/pl\/wp-json\/wp\/v2\/pages\/3017","targetHints":{"allow":["GET"]}}],"collection":[{"href":"https:\/\/www.hotelhills.sk\/pl\/wp-json\/wp\/v2\/pages"}],"about":[{"href":"https:\/\/www.hotelhills.sk\/pl\/wp-json\/wp\/v2\/types\/page"}],"author":[{"embeddable":true,"href":"https:\/\/www.hotelhills.sk\/pl\/wp-json\/wp\/v2\/users\/1"}],"replies":[{"embeddable":true,"href":"https:\/\/www.hotelhills.sk\/pl\/wp-json\/wp\/v2\/comments?post=3017"}],"version-history":[{"count":2,"href":"https:\/\/www.hotelhills.sk\/pl\/wp-json\/wp\/v2\/pages\/3017\/revisions"}],"predecessor-version":[{"id":4380,"href":"https:\/\/www.hotelhills.sk\/pl\/wp-json\/wp\/v2\/pages\/3017\/revisions\/4380"}],"up":[{"embeddable":true,"href":"https:\/\/www.hotelhills.sk\/pl\/wp-json\/wp\/v2\/pages\/2998"}],"wp:featuredmedia":[{"embeddable":true,"href":"https:\/\/www.hotelhills.sk\/pl\/wp-json\/wp\/v2\/media\/1837"}],"wp:attachment":[{"href":"https:\/\/www.hotelhills.sk\/pl\/wp-json\/wp\/v2\/media?parent=3017"}],"curies":[{"name":"wp","href":"https:\/\/api.w.org\/{rel}","templated":true}]}}