{"id":3006,"date":"2020-10-16T08:52:00","date_gmt":"2020-10-16T06:52:00","guid":{"rendered":"https:\/\/www.hotelhills.sk\/zakwaterowanie\/hotel-horizont-resort\/izby-basic\/"},"modified":"2025-03-20T12:22:52","modified_gmt":"2025-03-20T11:22:52","slug":"pokoje-lux","status":"publish","type":"page","link":"https:\/\/www.hotelhills.sk\/pl\/zakwaterowanie\/pokoje-lux\/","title":{"rendered":"Pokoje Lux"},"content":{"rendered":"<style type=\"text\/css\">\n\t\t\t#gallery-1 {\n\t\t\t\tmargin: auto;\n\t\t\t}\n\t\t\t#gallery-1 .gallery-item {\n\t\t\t\tfloat: left;\n\t\t\t\tmargin-top: 10px;\n\t\t\t\ttext-align: center;\n\t\t\t\twidth: 33%;\n\t\t\t}\n\t\t\t#gallery-1 img {\n\t\t\t\tborder: 2px solid #cfcfcf;\n\t\t\t}\n\t\t\t#gallery-1 .gallery-caption {\n\t\t\t\tmargin-left: 0;\n\t\t\t}\n\t\t\t\/* see gallery_shortcode() in wp-includes\/media.php *\/\n\t\t<\/style>\n<div id='gallery-1' class='gallery galleryid-3006 gallery-columns-3 gallery-size-thumbnail'>\n<dl class='gallery-item'>\n<dt class='gallery-icon landscape'>\n\t\t\t\t<a href='https:\/\/www.hotelhills.sk\/wp-content\/uploads\/2025\/03\/Hotel_Hills_1000x650_37.jpeg' title=\"\" data-rl_title=\"\" class=\"rl-gallery-link\" data-rl_caption=\"\" data-rel=\"lightbox-gallery-1\"><img loading=\"lazy\" decoding=\"async\" width=\"800\" height=\"650\" src=\"https:\/\/www.hotelhills.sk\/wp-content\/uploads\/2025\/03\/Hotel_Hills_1000x650_37-800x650.jpeg\" class=\"attachment-thumbnail size-thumbnail\" alt=\"\" \/><\/a>\n\t\t\t<\/dt>\n<\/dl>\n<dl class='gallery-item'>\n<dt class='gallery-icon landscape'>\n\t\t\t\t<a href='https:\/\/www.hotelhills.sk\/wp-content\/uploads\/2025\/03\/Hotel_Hills_web_10.jpg' title=\"\" data-rl_title=\"\" class=\"rl-gallery-link\" data-rl_caption=\"\" data-rel=\"lightbox-gallery-1\"><img loading=\"lazy\" decoding=\"async\" width=\"800\" height=\"650\" src=\"https:\/\/www.hotelhills.sk\/wp-content\/uploads\/2025\/03\/Hotel_Hills_web_10-800x650.jpg\" class=\"attachment-thumbnail size-thumbnail\" alt=\"\" \/><\/a>\n\t\t\t<\/dt>\n<\/dl>\n<dl class='gallery-item'>\n<dt class='gallery-icon landscape'>\n\t\t\t\t<a href='https:\/\/www.hotelhills.sk\/wp-content\/uploads\/2025\/03\/Hotel_Hills_web_06.jpg' title=\"\" data-rl_title=\"\" class=\"rl-gallery-link\" data-rl_caption=\"\" data-rel=\"lightbox-gallery-1\"><img loading=\"lazy\" decoding=\"async\" width=\"800\" height=\"650\" src=\"https:\/\/www.hotelhills.sk\/wp-content\/uploads\/2025\/03\/Hotel_Hills_web_06-800x650.jpg\" class=\"attachment-thumbnail size-thumbnail\" alt=\"\" \/><\/a>\n\t\t\t<\/dt>\n<\/dl>\n<p><br style=\"clear: both\" \/><\/p>\n<dl class='gallery-item'>\n<dt class='gallery-icon landscape'>\n\t\t\t\t<a href='https:\/\/www.hotelhills.sk\/wp-content\/uploads\/2025\/03\/Hotel_Hills_209_210_1920x1080_03-1600x900.jpg' title=\"\" data-rl_title=\"\" class=\"rl-gallery-link\" data-rl_caption=\"\" data-rel=\"lightbox-gallery-1\"><img loading=\"lazy\" decoding=\"async\" width=\"800\" height=\"650\" src=\"https:\/\/www.hotelhills.sk\/wp-content\/uploads\/2025\/03\/Hotel_Hills_209_210_1920x1080_03-800x650.jpg\" class=\"attachment-thumbnail size-thumbnail\" alt=\"\" \/><\/a>\n\t\t\t<\/dt>\n<\/dl>\n<dl class='gallery-item'>\n<dt class='gallery-icon landscape'>\n\t\t\t\t<a href='https:\/\/www.hotelhills.sk\/wp-content\/uploads\/2025\/03\/Hotel_Hills_209_210_1920x1080_05-1600x900.jpg' title=\"\" data-rl_title=\"\" class=\"rl-gallery-link\" data-rl_caption=\"\" data-rel=\"lightbox-gallery-1\"><img loading=\"lazy\" decoding=\"async\" width=\"800\" height=\"650\" src=\"https:\/\/www.hotelhills.sk\/wp-content\/uploads\/2025\/03\/Hotel_Hills_209_210_1920x1080_05-800x650.jpg\" class=\"attachment-thumbnail size-thumbnail\" alt=\"\" \/><\/a>\n\t\t\t<\/dt>\n<\/dl>\n<dl class='gallery-item'>\n<dt class='gallery-icon landscape'>\n\t\t\t\t<a href='https:\/\/www.hotelhills.sk\/wp-content\/uploads\/2025\/03\/Hotel_Hills_1000x650_34.jpeg' title=\"\" data-rl_title=\"\" class=\"rl-gallery-link\" data-rl_caption=\"\" data-rel=\"lightbox-gallery-1\"><img loading=\"lazy\" decoding=\"async\" width=\"800\" height=\"650\" src=\"https:\/\/www.hotelhills.sk\/wp-content\/uploads\/2025\/03\/Hotel_Hills_1000x650_34-800x650.jpeg\" class=\"attachment-thumbnail size-thumbnail\" alt=\"\" \/><\/a>\n\t\t\t<\/dt>\n<\/dl>\n<p><br style=\"clear: both\" \/>\n\t\t<\/div>\n<div class=\"line\"><\/div>\n<div class=\"gdc_row\">\n<div class=\"gdc_column gdc_cthird\">\n<div class=\"gdc_inner\">\n<h2>Informacje o zakwaterowaniu<\/h2>\n<p>Wybierz idealny pok\u00f3j na niezapomniany rodzinny pobyt wellness. Pokoje Lux, urz\u0105dzone w ponadczasowym i nowoczesnym stylu, s\u0105 idealne dla rodzin z dzie\u0107mi. Pokoje sk\u0142adaj\u0105 si\u0119 z po\u0142\u0105czonej sypialni i cz\u0119\u015bci dziennej, zapewniaj\u0105c du\u017co miejsca dla ca\u0142ej rodziny. W cz\u0119\u015bciach hotelu A, B i C znajd\u0105 Pa\u0144stwo 33 pokoje typu Lux, kt\u00f3re zlokalizowane s\u0105 na 2. i 3. pi\u0119trze. Wn\u0119trza utrzymane s\u0105 w stylu g\u00f3rskim, z wykorzystaniem drewna d\u0119bowego. Powierzchnia mieszka\u0144 waha si\u0119 od 27 m\u00b2 do 37 m\u00b2. Ka\u017cdy pok\u00f3j ma indywidualny uk\u0142ad pomieszcze\u0144 i jest wyposa\u017cony w \u0142\u00f3\u017cko podw\u00f3jne oraz rozk\u0142adan\u0105 sof\u0119 lub dodatkowe \u0142\u00f3\u017cko. Wysokiej jako\u015bci materace gwarantuj\u0105 komfortowy sen i doskona\u0142y relaks po dniu pe\u0142nym wra\u017ce\u0144. Wybrane pokoje dysponuj\u0105 r\u00f3wnie\u017c balkonem.<\/p>\n<\/div>\n<\/div>\n<div class=\"gdc_column gdc_cthird\">\n<div class=\"gdc_inner\">\n<h2>Sprz\u0119t<\/h2>\n<ul>\n<li>Ko\u0142dry antyalergiczne<\/li>\n<li>Zestaw kosmetyczny<\/li>\n<li>Telewizor LCD 55&#8243;<\/li>\n<li>Mini-bar<\/li>\n<li>Materace ortopedyczne<\/li>\n<li>Parking przy hotelu<\/li>\n<li>Room Service \u2013 dostawa jedzenia do pokoju<\/li>\n<li>Zestaw do kawy i herbaty<\/li>\n<li>Prysznic, Toaleta, Suszarka do w\u0142os\u00f3w<\/li>\n<li>Telefon<\/li>\n<li>Bezpieczna<\/li>\n<li>Wi-Fi<\/li>\n<li>K\u0105pielowy szlafrok<\/li>\n<\/ul>\n<\/div>\n<\/div>\n<div class=\"gdc_column gdc_cthird\">\n<div class=\"gdc_inner\">\n<h2>Us\u0142ugi dodatkowe<\/h2>\n<p>P\u00f3\u017ane wymeldowanie:<\/p>\n<p>Je\u015bli s\u0105 Pa\u0144stwo zainteresowani wcze\u015bniejszym zameldowaniem lub p\u00f3\u017aniejszym wymeldowaniem, prosimy o kontakt z recepcj\u0105 hotelu. \u015awiadczenie tych dodatkowych us\u0142ug uzale\u017cnione jest od bie\u017c\u0105cych mo\u017cliwo\u015bci operacyjnych i przepustowo\u015bci hotelu..<\/p>\n<\/div>\n<\/div>\n<\/div>\n","protected":false},"excerpt":{"rendered":"","protected":false},"author":1,"featured_media":1805,"parent":2998,"menu_order":3,"comment_status":"closed","ping_status":"closed","template":"template-detail-pokoje.php","meta":{"footnotes":""},"class_list":["post-3006","page","type-page","status-publish","has-post-thumbnail","hentry"],"acf":[],"aioseo_notices":[],"_links":{"self":[{"href":"https:\/\/www.hotelhills.sk\/pl\/wp-json\/wp\/v2\/pages\/3006","targetHints":{"allow":["GET"]}}],"collection":[{"href":"https:\/\/www.hotelhills.sk\/pl\/wp-json\/wp\/v2\/pages"}],"about":[{"href":"https:\/\/www.hotelhills.sk\/pl\/wp-json\/wp\/v2\/types\/page"}],"author":[{"embeddable":true,"href":"https:\/\/www.hotelhills.sk\/pl\/wp-json\/wp\/v2\/users\/1"}],"replies":[{"embeddable":true,"href":"https:\/\/www.hotelhills.sk\/pl\/wp-json\/wp\/v2\/comments?post=3006"}],"version-history":[{"count":4,"href":"https:\/\/www.hotelhills.sk\/pl\/wp-json\/wp\/v2\/pages\/3006\/revisions"}],"predecessor-version":[{"id":4376,"href":"https:\/\/www.hotelhills.sk\/pl\/wp-json\/wp\/v2\/pages\/3006\/revisions\/4376"}],"up":[{"embeddable":true,"href":"https:\/\/www.hotelhills.sk\/pl\/wp-json\/wp\/v2\/pages\/2998"}],"wp:featuredmedia":[{"embeddable":true,"href":"https:\/\/www.hotelhills.sk\/pl\/wp-json\/wp\/v2\/media\/1805"}],"wp:attachment":[{"href":"https:\/\/www.hotelhills.sk\/pl\/wp-json\/wp\/v2\/media?parent=3006"}],"curies":[{"name":"wp","href":"https:\/\/api.w.org\/{rel}","templated":true}]}}