{"id":2983,"date":"2020-11-02T14:58:58","date_gmt":"2020-11-02T13:58:58","guid":{"rendered":"https:\/\/www.hotelhills.sk\/wydarzenia\/svadby\/"},"modified":"2026-02-23T08:49:21","modified_gmt":"2026-02-23T07:49:21","slug":"sluby","status":"publish","type":"page","link":"https:\/\/www.hotelhills.sk\/pl\/wydarzenia\/sluby\/","title":{"rendered":"\u015aluby"},"content":{"rendered":"<h2>\u015aLUBY<\/h2>\n<style type=\"text\/css\">\n\t\t\t#gallery-1 {\n\t\t\t\tmargin: auto;\n\t\t\t}\n\t\t\t#gallery-1 .gallery-item {\n\t\t\t\tfloat: left;\n\t\t\t\tmargin-top: 10px;\n\t\t\t\ttext-align: center;\n\t\t\t\twidth: 33%;\n\t\t\t}\n\t\t\t#gallery-1 img {\n\t\t\t\tborder: 2px solid #cfcfcf;\n\t\t\t}\n\t\t\t#gallery-1 .gallery-caption {\n\t\t\t\tmargin-left: 0;\n\t\t\t}\n\t\t\t\/* see gallery_shortcode() in wp-includes\/media.php *\/\n\t\t<\/style>\n<div id='gallery-1' class='gallery galleryid-2983 gallery-columns-3 gallery-size-thumbnail'>\n<dl class='gallery-item'>\n<dt class='gallery-icon landscape'>\n\t\t\t\t<a href='https:\/\/www.hotelhills.sk\/wp-content\/uploads\/2025\/03\/Horizont_Resort_1000x650_29-1.jpg' title=\"\" data-rl_title=\"\" class=\"rl-gallery-link\" data-rl_caption=\"\" data-rel=\"lightbox-gallery-1\"><img loading=\"lazy\" decoding=\"async\" width=\"800\" height=\"650\" src=\"https:\/\/www.hotelhills.sk\/wp-content\/uploads\/2025\/03\/Horizont_Resort_1000x650_29-1-800x650.jpg\" class=\"attachment-thumbnail size-thumbnail\" alt=\"\" \/><\/a>\n\t\t\t<\/dt>\n<\/dl>\n<dl class='gallery-item'>\n<dt class='gallery-icon landscape'>\n\t\t\t\t<a href='https:\/\/www.hotelhills.sk\/wp-content\/uploads\/2025\/03\/Hotel_Hills_1000x650.png' title=\"\" data-rl_title=\"\" class=\"rl-gallery-link\" data-rl_caption=\"\" data-rel=\"lightbox-gallery-1\"><img loading=\"lazy\" decoding=\"async\" width=\"800\" height=\"650\" src=\"https:\/\/www.hotelhills.sk\/wp-content\/uploads\/2025\/03\/Hotel_Hills_1000x650-800x650.png\" class=\"attachment-thumbnail size-thumbnail\" alt=\"\" \/><\/a>\n\t\t\t<\/dt>\n<\/dl>\n<dl class='gallery-item'>\n<dt class='gallery-icon landscape'>\n\t\t\t\t<a href='https:\/\/www.hotelhills.sk\/wp-content\/uploads\/2025\/03\/Hotel_Hills_1000x650_1.jpg' title=\"\" data-rl_title=\"\" class=\"rl-gallery-link\" data-rl_caption=\"\" data-rel=\"lightbox-gallery-1\"><img loading=\"lazy\" decoding=\"async\" width=\"800\" height=\"650\" src=\"https:\/\/www.hotelhills.sk\/wp-content\/uploads\/2025\/03\/Hotel_Hills_1000x650_1-800x650.jpg\" class=\"attachment-thumbnail size-thumbnail\" alt=\"\" \/><\/a>\n\t\t\t<\/dt>\n<\/dl>\n<p><br style=\"clear: both\" \/>\n\t\t<\/div>\n<p>&nbsp;<\/p>\n<h2>Planujesz \u015blub swoich marze\u0144?<\/h2>\n<p>Planujesz \u015blub swoich marze\u0144 i szukasz idealnego miejsca w przyst\u0119pnej cenie? Czy t\u0119sknisz za wyj\u0105tkowym i niezapomnianym dniem, kt\u00f3ry zapami\u0119tasz do ko\u0144ca \u017cycia? Rozpocznij wsp\u00f3ln\u0105 podr\u00f3\u017c w Hills Hotel ****.<\/p>\n<p>Niewa\u017cne, czy marzysz o kameralnym \u015blubie w kameralnym gronie, czy o hucznej imprezie, tradycyjnej ceremonii czy luksusowym wydarzeniu &#8211; skontaktuj si\u0119 z nami, a my zadbamy o idealny dzie\u0144 \u015blubu. Tw\u00f3j \u015blub stanie si\u0119 najbardziej romantycznym momentem w Twoim \u017cyciu.<\/p>\n<p>Oferujemy eleganckie i stylowe przestrzenie z nowoczesnym wyposa\u017ceniem, kt\u00f3re nadadz\u0105 Twojemu weselu wyj\u0105tkowej atmosfery. Dzi\u0119ki naszemu wieloletniemu do\u015bwiadczeniu w organizacji wesel w hotelach partnerskich, jeste\u015bmy w stanie pom\u00f3c Pa\u0144stwu w ka\u017cdej sprawie. Wsp\u00f3\u0142pracujemy z renomowanymi agencjami \u015blubnymi i pod\u0105\u017camy za aktualnymi trendami. Opr\u00f3cz pi\u0119knych przestrzeni przygotujemy dla Pa\u0144stwa r\u00f3wnie\u017c doskona\u0142e menu weselne we wsp\u00f3\u0142pracy z naszym szefem kuchni.<\/p>\n<div class=\"line\"><\/div>\n<h3>MIEJSCA NA \u015aLUBY<\/h3>\n<ul>\n<li>Sala kongresowa + Sala balowa + Ogr\u00f3d zimowy<\/li>\n<li>Salonik biznesowy<\/li>\n<li>Zewn\u0119trzna cz\u0119\u015b\u0107 Hills Hotel \u2013 ceremonia \u015blubna<\/li>\n<\/ul>\n<h3>INFORMACJE PODSTAWOWE<\/h3>\n<ul>\n<li>miejsca weselne wyposa\u017cone w najnowocze\u015bniejszy sprz\u0119t<\/li>\n<li>Podczas wesela go\u015bcie mog\u0105 delektowa\u0107 si\u0119 w\u0142asnymi deserami i ciastami. Je\u015bli jeste\u015b zainteresowany, mo\u017cemy je dla Ciebie przygotowa\u0107.<\/li>\n<li>W przypadku korzystania z w\u0142asnego alkoholu, wina i napoj\u00f3w bezalkoholowych pobierana jest op\u0142ata za korkowe (op\u0142ata obejmuje ch\u0142odzenie butelki, obs\u0142ug\u0119 wina i alkoholu, obs\u0142ug\u0119 kelnersk\u0105, korzystanie z zapas\u00f3w i ich mycie).<\/li>\n<li>W cen\u0119 wynajmu sali wliczone jest podstawowe nag\u0142o\u015bnienie, specjalista od nag\u0142o\u015bnienia, wynajem sto\u0142\u00f3w, podstawowe nakrycie sto\u0142\u00f3w (bia\u0142e obrusy i bia\u0142e serwetki)<\/li>\n<li>Sala jest dost\u0119pna 1 dzie\u0144 wcze\u015bniej na potrzeby przygotowa\u0144 \u015blubnych (w zale\u017cno\u015bci od dost\u0119pno\u015bci)<\/li>\n<li>obni\u017cone ceny napoj\u00f3w alkoholowych i bezalkoholowych, win i mocnych alkoholi<\/li>\n<li>obni\u017cone ceny nocleg\u00f3w (w cen\u0119 noclegu wliczone jest \u015bniadanie w formie bufetu szwedzkiego, nieograniczony dost\u0119p do Centrum Wellness, parking, \u0142\u0105cze Wi-Fi)<\/li>\n<li>bezp\u0142atny parking dla go\u015bci<\/li>\n<\/ul>\n<h3>BONUS DLA NOWO\u017bE\u0143C\u00d3W<\/h3>\n<ul>\n<li>pok\u00f3j dla nowo\u017ce\u0144c\u00f3w w dniu \u015blubu i w noc po\u015blubn\u0105<\/li>\n<li>\u015bniadanie w pokoju i szampan w pokoju<\/li>\n<li>nieograniczony dost\u0119p do Centrum Wellness (basen z barem swim-up i jacuzzi, sauny &#8211; solna, fi\u0144ska, parowa, na podczerwie\u0144, pok\u00f3j relaksacyjny z \u0142\u00f3\u017ckiem do masa\u017cu i jacuzzi, pok\u00f3j relaksacyjny z wodospadem, basen ch\u0142odz\u0105cy)<\/li>\n<li>sesja zdj\u0119ciowa na zewn\u0105trz i wewn\u0105trz hotelu<\/li>\n<li>P\u00f3\u017ane wymeldowanie do godziny 12:00.<\/li>\n<li>Voucher upominkowy PRIVATE SPA (wst\u0119p do strefy prywatnej w Hills Hotel ****)<\/li>\n<\/ul>\n<h3>JE\u015aLI JESTE\u015a ZAINTERESOWANY, MO\u017bEMY ZAPEWNI\u0106 CI DODATKOWE US\u0141UGI<\/h3>\n<ul>\n<li>fotobudka \u2013 rozrywka, rekwizyty, drukowanie zdj\u0119\u0107, ale tak\u017ce natychmiastowa wysy\u0142ka zdj\u0119\u0107 na maila<\/li>\n<li>zapewnianie transportu autobusowego<\/li>\n<li>k\u0105cik dla dzieci z programem animacyjnym podczas wesela<\/li>\n<li>program weselny &#8211; muzyka na \u017cywo, DJ, krany, barman &#8211; drinki mieszane, us\u0142ugi fotografa, us\u0142ugi kamerzysty, pokazy sztucznych ogni na weselu, degustacja wina, koniaku lub cygar<\/li>\n<li>dekoracyjne zas\u0142ony i dekoracyjne o\u015bwietlenie<\/li>\n<li>kompleksowa dekoracja sali i dekoracja kwiatowa we wsp\u00f3\u0142pracy z agencj\u0105 \u015blubn\u0105<\/li>\n<\/ul>\n<div class=\"line\"><\/div>\n<h2>Jeste\u015b zainteresowany?<\/h2>\n<p>Skontaktuj si\u0119 z nami za pomoc\u0105 poni\u017cszego formularza kontaktowego lub napisz do nas na adres <a href=\"mailto:recepcia@hotelhills.sk\">recepcia@hotelhills.sk<\/a><\/p>\n<div class=\"wpcf7 no-js\" id=\"wpcf7-f113-o1\" lang=\"cs-CZ\" dir=\"ltr\" data-wpcf7-id=\"113\">\n<div class=\"screen-reader-response\">\n<p role=\"status\" aria-live=\"polite\" aria-atomic=\"true\">\n<ul><\/ul>\n<\/div>\n<form action=\"\/pl\/wp-json\/wp\/v2\/pages\/2983#wpcf7-f113-o1\" method=\"post\" class=\"wpcf7-form init wpcf7-acceptance-as-validation\" aria-label=\"Kontaktn\u00ed formul\u00e1\u0159\" novalidate=\"novalidate\" data-status=\"init\">\n<fieldset class=\"hidden-fields-container\"><input type=\"hidden\" name=\"_wpcf7\" value=\"113\" \/><input type=\"hidden\" name=\"_wpcf7_version\" value=\"6.1.5\" \/><input type=\"hidden\" name=\"_wpcf7_locale\" value=\"cs_CZ\" \/><input type=\"hidden\" name=\"_wpcf7_unit_tag\" value=\"wpcf7-f113-o1\" \/><input type=\"hidden\" name=\"_wpcf7_container_post\" value=\"0\" \/><input type=\"hidden\" name=\"_wpcf7_posted_data_hash\" value=\"\" \/><br \/>\n<\/fieldset>\n<p><span class=\"wpcf7-form-control-wrap\" data-name=\"jmeno\"><input size=\"40\" maxlength=\"400\" class=\"wpcf7-form-control wpcf7-text wpcf7-validates-as-required\" aria-required=\"true\" aria-invalid=\"false\" placeholder=\"Meno a priezvisko *\" value=\"\" type=\"text\" name=\"jmeno\" \/><\/span><br \/>\n<span class=\"wpcf7-form-control-wrap\" data-name=\"email\"><input size=\"40\" maxlength=\"400\" class=\"wpcf7-form-control wpcf7-email wpcf7-validates-as-required wpcf7-text wpcf7-validates-as-email\" aria-required=\"true\" aria-invalid=\"false\" placeholder=\"Email *\" value=\"\" type=\"email\" name=\"email\" \/><\/span><br \/>\n<span class=\"wpcf7-form-control-wrap\" data-name=\"predmet\"><input size=\"40\" maxlength=\"400\" class=\"wpcf7-form-control wpcf7-text wpcf7-validates-as-required\" aria-required=\"true\" aria-invalid=\"false\" placeholder=\"Predmet *\" value=\"\" type=\"text\" name=\"predmet\" \/><\/span><br \/>\n<span class=\"wpcf7-form-control-wrap\" data-name=\"zprava\"><textarea cols=\"40\" rows=\"10\" maxlength=\"2000\" class=\"wpcf7-form-control wpcf7-textarea wpcf7-validates-as-required\" aria-required=\"true\" aria-invalid=\"false\" placeholder=\"Spr\u00e1va *\" name=\"zprava\"><\/textarea><\/span><br \/>\n<span class=\"wpcf7-form-control-wrap\" data-name=\"acceptance-539\"><span class=\"wpcf7-form-control wpcf7-acceptance\"><span class=\"wpcf7-list-item\"><label><input type=\"checkbox\" name=\"acceptance-539\" value=\"1\" aria-invalid=\"false\" \/><span class=\"wpcf7-list-item-label\">S\u00fahlas\u00edm so <a target=\"_blank\" href=\"\/ochrana-osobnych-udajov\/\">spracovan\u00edm osobn\u00fdch \u00fadajov<\/a><\/span><\/label><\/span><\/span><\/span><br \/>\n<input class=\"wpcf7-form-control wpcf7-submit has-spinner\" type=\"submit\" value=\"Odosla\u0165 spr\u00e1vu\" \/>\n<\/p>\n<div class=\"wpcf7-response-output\" aria-hidden=\"true\"><\/div>\n<\/form>\n<\/div>\n","protected":false},"excerpt":{"rendered":"<p>\u015aLUBY &nbsp; Planujesz \u015blub swoich marze\u0144? Planujesz \u015blub swoich marze\u0144 i szukasz idealnego miejsca w przyst\u0119pnej cenie? Czy t\u0119sknisz za wyj\u0105tkowym i niezapomnianym dniem, kt\u00f3ry zapami\u0119tasz do ko\u0144ca \u017cycia? Rozpocznij wsp\u00f3ln\u0105 podr\u00f3\u017c w Hills Hotel ****. Niewa\u017cne, czy marzysz o kameralnym \u015blubie w kameralnym gronie, czy o hucznej imprezie, tradycyjnej ceremonii czy luksusowym wydarzeniu &#8211;&#8230;<\/p>\n","protected":false},"author":1,"featured_media":0,"parent":2972,"menu_order":8,"comment_status":"closed","ping_status":"closed","template":"","meta":{"footnotes":""},"class_list":["post-2983","page","type-page","status-publish","hentry"],"acf":[],"aioseo_notices":[],"_links":{"self":[{"href":"https:\/\/www.hotelhills.sk\/pl\/wp-json\/wp\/v2\/pages\/2983","targetHints":{"allow":["GET"]}}],"collection":[{"href":"https:\/\/www.hotelhills.sk\/pl\/wp-json\/wp\/v2\/pages"}],"about":[{"href":"https:\/\/www.hotelhills.sk\/pl\/wp-json\/wp\/v2\/types\/page"}],"author":[{"embeddable":true,"href":"https:\/\/www.hotelhills.sk\/pl\/wp-json\/wp\/v2\/users\/1"}],"replies":[{"embeddable":true,"href":"https:\/\/www.hotelhills.sk\/pl\/wp-json\/wp\/v2\/comments?post=2983"}],"version-history":[{"count":5,"href":"https:\/\/www.hotelhills.sk\/pl\/wp-json\/wp\/v2\/pages\/2983\/revisions"}],"predecessor-version":[{"id":5993,"href":"https:\/\/www.hotelhills.sk\/pl\/wp-json\/wp\/v2\/pages\/2983\/revisions\/5993"}],"up":[{"embeddable":true,"href":"https:\/\/www.hotelhills.sk\/pl\/wp-json\/wp\/v2\/pages\/2972"}],"wp:attachment":[{"href":"https:\/\/www.hotelhills.sk\/pl\/wp-json\/wp\/v2\/media?parent=2983"}],"curies":[{"name":"wp","href":"https:\/\/api.w.org\/{rel}","templated":true}]}}