{"id":2952,"date":"2025-03-14T10:51:23","date_gmt":"2025-03-14T09:51:23","guid":{"rendered":"https:\/\/www.hotelhills.sk\/ubytovaci-poriadok\/"},"modified":"2025-03-20T10:15:28","modified_gmt":"2025-03-20T09:15:28","slug":"regulamin-zakwaterowania","status":"publish","type":"page","link":"https:\/\/www.hotelhills.sk\/pl\/regulamin-zakwaterowania\/","title":{"rendered":"Regulamin zakwaterowania"},"content":{"rendered":"<h2>REGULAMIN ZAKWATEROWANIA \u2013 HOTEL HILLS****<\/h2>\n<p>Regulamin zakwaterowania wydaje sp\u00f3\u0142ka TATRA TRADING INTERNATIONAL s.r.o., Stara Le\u015bna 178, 059 60 Stara Le\u015bna, REGON: 35 710 501, zarejestrowana w Rejestrze Handlowym Rejonowym. S\u0105d w Preszowie, wydzia\u0142 Sp. z o.o., nr wk\u0142adki. 11587\/P (zwanego dalej \u201eoperatorem\u201d) i ma zastosowanie do \u015bwiadczenia us\u0142ug zakwaterowania i powi\u0105zanych z nimi us\u0142ug (zwanych dalej \u201eus\u0142ugami\u201d) w obiekcie noclegowym Hotel Hills **** (zwanym dalej \u201ehotelem\u201d) i reguluje prawa i obowi\u0105zki operatora oraz go\u015bci zakwaterowanych w hotelu (zwanych dalej \u201eklientem\u201d lub \u201eklientami\u201d) od momentu rozpocz\u0119cia pobytu klienta w hotelu do jego zako\u0144czenia.<\/p>\n<ol>\n<li>W hotelu Hills Hotel **** mog\u0105 zosta\u0107 zakwaterowani wy\u0142\u0105cznie go\u015bcie, kt\u00f3rzy dokonali prawid\u0142owej rejestracji. W tym celu nale\u017cy okaza\u0107 personelowi recepcji hotelowej sw\u00f3j dokument to\u017csamo\u015bci, dow\u00f3d osobisty, wa\u017cny paszport lub inny dokument to\u017csamo\u015bci. Po przyje\u017adzie recepcjonista wyda go\u015bciowi kart\u0119 pobytu zawieraj\u0105c\u0105 jego imi\u0119 i nazwisko, numer pokoju, d\u0142ugo\u015b\u0107 pobytu i kart\u0119 dost\u0119pu do pokoju. Go\u015b\u0107 zobowi\u0105zany jest do zap\u0142aty uzgodnionej z g\u00f3ry ceny za nocleg i inne us\u0142ugi w dniu przyjazdu. Rachunek nale\u017cy zap\u0142aci\u0107 po okazaniu go go\u015bciowi.<\/li>\n<li>Niniejszy regulamin zakwaterowania stanowi integraln\u0105 cz\u0119\u015b\u0107 umowy o zakwaterowanie zgodnie z art. 754 i nast. Ustawa nr 40\/1964 Zb. Kodeksu cywilnego z p\u00f3\u017aniejszymi zmianami (dalej \u201eKodeks cywilny\u201d), zawarta pomi\u0119dzy Klientem<br \/>\ni operator\u00f3w. Regulamin zakwaterowania jest dost\u0119pny na stronie internetowej hotelu www.hotelhills.sk oraz w recepcji hotelu. Przed rozpocz\u0119ciem pobytu i skorzystaniem z us\u0142ug hotelowych Klient o\u015bwiadcza, \u017ce \u200b\u200bzapozna\u0142 si\u0119 z niniejszym regulaminem i zobowi\u0105zuje si\u0119 do jego przestrzegania.<br \/>\naby si\u0119 do tego dostosowa\u0107.<\/li>\n<li>Recepcja hotelowa czynna jest non stop &#8211; 24 godziny na dob\u0119. Podczas zameldowania recepcjonista wyja\u015bni klientowi warunki zakwaterowania i \u015bwiadczenia us\u0142ug, wyposa\u017cenie pokoju hotelowego, podstawowe informacje dotycz\u0105ce orientacji i bezpiecze\u0144stwa w hotelu, warunki parkowania pojazd\u00f3w mechanicznych, przechowywania sprz\u0119tu sportowego itp.<\/li>\n<li>Na terenie hotelu mog\u0105 przebywa\u0107 wy\u0142\u0105cznie osoby nie cierpi\u0105ce na choroby zaka\u017ane. Hotel ma prawo odm\u00f3wi\u0107 przyj\u0119cia go\u015bcia cierpi\u0105cego na chorob\u0119 zaka\u017an\u0105, zaka\u017cenie paso\u017cytnicze lub inn\u0105 chorob\u0119 mog\u0105c\u0105 stanowi\u0107 zagro\u017cenie dla zdrowia pracownik\u00f3w.<br \/>\noperator lub inni klienci hotelu.<\/li>\n<li>Zakwaterowanie go\u015bci w hotelu w dniu przyjazdu zgodnie z rezerwacj\u0105 nast\u0119puje od godziny 14:00. (zameldowanie), je\u017celi w potwierdzeniu rezerwacji operator nie wskaza\u0142 innej godziny i warunk\u00f3w zameldowania (w tym ceny) w przypadku wcze\u015bniejszego zameldowania (przed godz. 14.00)<br \/>\ngodziny w dniu przyjazdu (wczesne zameldowanie). Je\u017celi Klient nie pojawi si\u0119 w hotelu najp\u00f3\u017aniej do godziny 24:00. w przypadku braku wcze\u015bniejszego powiadomienia operatora o p\u00f3\u017aniejszym przybyciu, operator ma prawo udost\u0119pni\u0107 klientom zarezerwowany pok\u00f3j\/pokoje<br \/>\ninnych klient\u00f3w do u\u017cytku. Klientowi nie przys\u0142uguje prawo do zwrotu uiszczonej przez niego ceny pobytu, ani do jakiegokolwiek innego odszkodowania pieni\u0119\u017cnego lub niepieni\u0119\u017cnego, ani do \u015bwiadczenia zast\u0119pczego lub odszkodowania za szkod\u0119.<\/li>\n<li>W szczeg\u00f3lnych przypadkach hotel mo\u017ce zaproponowa\u0107 go\u015bciowi inne zakwaterowanie ni\u017c uzgodnione, pod warunkiem, \u017ce nie odbiega ono w spos\u00f3b znacz\u0105cy od potwierdzonego ju\u017c zam\u00f3wienia.<\/li>\n<li>Obiekt noclegowy, zgodnie z przepisami szczeg\u00f3lnymi, pkt. 18.6 Warunk\u00f3w pocztowych \u2013 cz\u0119\u015b\u0107 og\u00f3lna (obs\u0142uga krajowa) i pkt. 15.5 Warunk\u00f3w pocztowych \u2013 cz\u0119\u015b\u0107 og\u00f3lna (obs\u0142uga mi\u0119dzynarodowa) Poczty S\u0142owackiej, a.s., przyjmuje przesy\u0142ki adresowane do zakwaterowanych go\u015bci lub go\u015bci, kt\u00f3rzy zam\u00f3wili us\u0142ugi noclegowe. Przesy\u0142ki te musz\u0105 zosta\u0107 dostarczone do adresat\u00f3w, a je\u017celi nie jest to mo\u017cliwe, zwr\u00f3cone.<\/li>\n<li>Hotel gwarantuje udzielenie pomocy medycznej w przypadku choroby lub urazu go\u015bcia. transport do szpitala.<\/li>\n<li>Hotel \u015bwiadczy us\u0142ugi na rzecz zakwaterowanych go\u015bci w zakresie ustalonym w niniejszym Regulaminie Obiektu Hotelowego, Warunkach Handlowych oraz specyfikacji poszczeg\u00f3lnych us\u0142ug \u015bwiadczonych na rzecz zakwaterowanego go\u015bcia przed zawarciem umowy o zakwaterowanie.<\/li>\n<li>Po wej\u015bciu do pokoju hotelowego, Klient we w\u0142asnym interesie dokonuje sprawdzenia stanu pokoju hotelowego i poszczeg\u00f3lnych urz\u0105dze\u0144 oraz niezw\u0142ocznie zg\u0142asza recepcji hotelowej ich funkcjonowanie oraz wszelkie usterki i braki. Go\u015b\u0107 korzysta z pokoju przez okres uzgodniony z hotelem po przyje\u017adzie.<\/li>\n<li>Hol hotelowy oraz bar w lobby przeznaczone s\u0105 do przyjmowania go\u015bci hotelowych. Klient mo\u017ce przyjmowa\u0107 go\u015bci w pokoju hotelowym wy\u0142\u0105cznie po uzyskaniu zgody recepcjonisty w hotelu, po wpisaniu si\u0119 do ksi\u0119gi go\u015bci i wy\u0142\u0105cznie w godzinach 8:00-22:00.<\/li>\n<li>Go\u015b\u0107 dokonuje p\u0142atno\u015bci za sw\u00f3j pobyt po przybyciu do hotelu, w recepcji. Go\u015b\u0107 zobowi\u0105zany jest do opuszczenia pokoju najp\u00f3\u017aniej do godziny 10:00 rano w dniu wyjazdu. O tej samej porze Go\u015b\u0107 zobowi\u0105zany jest do opuszczenia pokoju. Je\u017celi go\u015b\u0107 nie dokona tego w wyznaczonym czasie, hotel mo\u017ce naliczy\u0107 op\u0142at\u0119 za kolejny dzie\u0144 pobytu. Je\u015bli s\u0105 Pa\u0144stwo zainteresowani wcze\u015bniejszym zameldowaniem lub p\u00f3\u017aniejszym wymeldowaniem, prosimy o kontakt z recepcj\u0105 hotelu. \u015awiadczenie tych dodatkowych us\u0142ug uzale\u017cnione jest od bie\u017c\u0105cych mo\u017cliwo\u015bci operacyjnych i przepustowo\u015bci hotelu. Op\u0142ata za p\u00f3\u017ane wymeldowanie do godziny 13:00. \/ 30 \u20ac, do godz. 16:00 \/ 50% ceny pokoju\/1 noc. Wczesne zameldowanie do godziny 10:00 rano. \/ 50% ceny pokoju\/1 noc, od 10:00 do 14:00 \/ 30\u20ac.<\/li>\n<li>W pokoju hotelowym oraz na terenie hotelu, go\u015bciom nie wolno przemieszcza\u0107 urz\u0105dze\u0144, dokonywa\u0107 napraw ani dokonywa\u0107 jakichkolwiek ingerencji w sie\u0107 elektryczn\u0105 i inne instalacje bez zgody kierownictwa hotelu.<\/li>\n<li>Pracownicy hotelu mog\u0105 wej\u015b\u0107 do pokoi w celu ich posprz\u0105tania, uzupe\u0142nienia minibaru i akcesori\u00f3w pokojowych, je\u017celi jest to konieczne do usuni\u0119cia awarii, udzielenia pomocy medycznej, a tak\u017ce w przypadku podejrzenia naruszenia regulaminu hotelu albo powa\u017cnego zagro\u017cenia dla mienia hotelu lub innych klient\u00f3w, b\u0105d\u017a zagro\u017cenia \u017cycia lub zdrowia os\u00f3b.<\/li>\n<li>Go\u015bcie nie mog\u0105 u\u017cywa\u0107 na terenie hotelu, a w szczeg\u00f3lno\u015bci w pokojach, w\u0142asnych urz\u0105dze\u0144 elektrycznych, za wyj\u0105tkiem urz\u0105dze\u0144 s\u0142u\u017c\u0105cych do higieny osobistej go\u015bci (maszynki do golenia, masa\u017cery, suszarki do w\u0142os\u00f3w itp.).<\/li>\n<li>Opuszczaj\u0105c pok\u00f3j, go\u015b\u0107 zobowi\u0105zany jest zamkn\u0105\u0107 zawory doprowadzaj\u0105ce wod\u0119, wy\u0142\u0105czy\u0107 o\u015bwietlenie elektryczne i inne urz\u0105dzenia (radio, telewizor itp.) w pokoju i pomieszczeniach przyleg\u0142ych oraz zamkn\u0105\u0107 drzwi. Po zako\u0144czeniu pobytu, w dniu wyjazdu, przy wymeldowaniu z hotelu, go\u015b\u0107 oddaje kart\u0119 chipow\u0105 w recepcji. Klient zobowi\u0105zany jest pozostawi\u0107 pok\u00f3j hotelowy w stanie, w jakim go otrzyma\u0142 na pocz\u0105tku pobytu. W razie uszkodzenia lub zmiany stanu pokoju hotelowego, Klient zobowi\u0105zany jest do przywr\u00f3cenia pokoju hotelowego do stanu pierwotnego na w\u0142asny koszt przed zako\u0144czeniem pobytu, w przeciwnym razie zobowi\u0105zany jest do zwrotu Operatorowi wszelkich koszt\u00f3w przywr\u00f3cenia pokoju do stanu pierwotnego.<\/li>\n<li>Ze wzgl\u0119d\u00f3w bezpiecze\u0144stwa nie wolno pozostawia\u0107 dzieci poni\u017cej 10 roku \u017cycia bez opieki osoby doros\u0142ej w pokojach ani innych og\u00f3lnodost\u0119pnych pomieszczeniach hotelu.<\/li>\n<li>Go\u015bcie nie mog\u0105 wnosi\u0107 do pokoju sprz\u0119tu sportowego i innych przedmiot\u00f3w, do kt\u00f3rych jest wyznaczone miejsce do przechowywania. Zakwaterowanie ze zwierz\u0119ciem jest dozwolone wy\u0142\u0105cznie po uzyskaniu zgody i uiszczeniu op\u0142aty za pobyt ze zwierz\u0119ciem.<br \/>\nPsy i inne zwierz\u0119ta mog\u0105 by\u0107 zakwaterowane zgodnie ze specjalnymi przepisami. Op\u0142ata za umieszczenie zwierz\u0105t jest ustalana na podstawie ceny uzgodnionej. W przypadku zakwaterowania zwierz\u0105t stosuje si\u0119 nast\u0119puj\u0105ce \u015brodki:<br \/>\n\u2013 nie jest dopuszczalne pozostawianie zwierz\u0105t na terenie hotelu, w tym w pokoju hotelowym, bez nadzoru zakwaterowanego go\u015bcia (w\u0142a\u015bciciela lub osoby towarzysz\u0105cej),<br \/>\n\u2013 zwierz\u0119tom nie wolno odpoczywa\u0107 \u2013 le\u017ce\u0107 na \u0142\u00f3\u017cku lub innym urz\u0105dzeniu s\u0142u\u017c\u0105cym do wypoczynku go\u015bcia. Do k\u0105pieli i mycia zwierz\u0105t nie wolno u\u017cywa\u0107 wanien, natrysk\u00f3w ani umywalek,<br \/>\n\u2013 sprz\u0119t s\u0142u\u017c\u0105cy do przygotowywania i podawania posi\u0142k\u00f3w go\u015bciom nie mo\u017ce by\u0107 u\u017cywany do karmienia ps\u00f3w i innych zwierz\u0105t,<br \/>\n\u2013 Za szkody wyrz\u0105dzone przez zwierz\u0119 na terenie hotelu odpowiada go\u015b\u0107 lub w\u0142a\u015bciciel zwierz\u0119cia.<\/li>\n<li>Go\u015bcie mog\u0105 przechowywa\u0107 warto\u015bciowe przedmioty w sejfach znajduj\u0105cych si\u0119 w ka\u017cdym pokoju.<\/li>\n<li>Cisza nocna w hotelu obowi\u0105zuje od godz. 22:00. do godziny 06:00 rano. W godzinach ciszy nocnej go\u015bcie nie mog\u0105 zak\u0142\u00f3ca\u0107 spokoju innym klientom. Niew\u0142a\u015bciwe jest g\u0142o\u015bne ogl\u0105danie telewizji, g\u0142o\u015bne rozmowy, \u015bpiewanie, g\u0142o\u015bne konwersacje na korytarzach hotelowych, tarasach itp.<\/li>\n<li>Przepisy przeciwpo\u017carowe s\u0105 wywieszone w widocznym miejscu na terenie hotelu \u2013 go\u015bcie maj\u0105 obowi\u0105zek ich przestrzega\u0107 w trakcie pobytu.<\/li>\n<li>Palenie jest dozwolone wy\u0142\u0105cznie w wyznaczonych miejscach na terenie hotelu. Palenie jest surowo zabronione w pokojach hotelowych i miejscach publicznych. Hotel ma prawo naliczy\u0107 op\u0142at\u0119 w wysoko\u015bci 50 euro za z\u0142amanie tego zakazu. Zakaz palenia dotyczy r\u00f3wnie\u017c tzw. papierosy elektroniczne i inne podobne produkty, kt\u00f3rych konsumpcja odbywa si\u0119 poprzez palenie, nawet je\u015bli nie zawieraj\u0105 tytoniu. W hotelu znajduj\u0105 si\u0119 wyznaczone strefy dla pal\u0105cych, w kt\u00f3rych palenie jest dozwolone &#8211; Cigar &amp; Lounge Bar, strefy przed hotelem z wolnostoj\u0105c\u0105 popielniczk\u0105 oraz taras hotelowy w pobli\u017cu Lobby Baru.<\/li>\n<li>Procedura sk\u0142adania reklamacji \u2013 informacje o warunkach i sposobie korzystania z praw wynikaj\u0105cych z odpowiedzialno\u015bci operatora za wady (zwane dalej \u201ereklamacj\u0105\u201d), w tym informacje o miejscu sk\u0142adania reklamacji oraz o trybie sk\u0142adania reklamacji us\u0142ug \u015bwiadczonych w hotelu, uregulowane s\u0105 w Regulaminie sk\u0142adania reklamacji hotelu, kt\u00f3ry jest opublikowany na stronie internetowej hotelu www.hotelhills.sk oraz dost\u0119pny w recepcji hotelu.<\/li>\n<li>Hotelarz ponosi odpowiedzialno\u015b\u0107 za szkody wyrz\u0105dzone przez Klienta podczas pobytu w hotelu zgodnie z odpowiednimi postanowieniami Kodeksu Cywilnego oraz innymi powszechnie obowi\u0105zuj\u0105cymi przepisami prawnymi, obowi\u0105zuj\u0105cymi i skutecznymi na terenie Republiki S\u0142owackiej.<\/li>\n<li>Operator odpowiada za bi\u017cuteri\u0119, pieni\u0105dze i inne przedmioty warto\u015bciowe do kwoty 332 euro (\u0142\u0105czna kwota za wszystkie przedmioty warto\u015bciowe wniesione lub udokumentowane w trakcie jednego pobytu w hotelu), chyba \u017ce zosta\u0142y one odebrane przez operatora. Hotel oferuje mo\u017cliwo\u015b\u0107 przekazania operatorowi bi\u017cuterii, pieni\u0119dzy i innych warto\u015bciowych przedmiot\u00f3w i umieszczenia ich w sejfie znajduj\u0105cym si\u0119 w recepcji hotelowej, je\u017celi pozwalaj\u0105 na to mo\u017cliwo\u015bci operacyjne operatora. O mo\u017cliwo\u015bci zgodnie z poprzedniego zdania, Klient zobowi\u0105zany jest zwr\u00f3ci\u0107 si\u0119 o porad\u0119 do recepcji hotelowej po przyje\u017adzie lub w dowolnym momencie pobytu. Umieszczenie bi\u017cuterii, pieni\u0119dzy i innych warto\u015bciowych przedmiot\u00f3w w sejfie lub szafce w pokoju hotelowym nie jest uwa\u017cane za przechowywanie w tym celu.<\/li>\n<li>Klient zobowi\u0105zany jest dochodzi\u0107 roszcze\u0144 z tytu\u0142u odpowiedzialno\u015bci operatora za szkod\u0119 w terminach i trybie okre\u015blonych w stosownych przepisach Kodeksu cywilnego.<\/li>\n<li>Kodeksu pracy i innych powszechnie obowi\u0105zuj\u0105cych przepis\u00f3w prawnych, obowi\u0105zuj\u0105cych i skutecznych na terytorium Republiki S\u0142owackiej.<\/li>\n<li>Zapomniane rzeczy go\u015bci hotelowych s\u0105 rejestrowane i przechowywane przez 6 miesi\u0119cy. Hotel dostarczy zapomniane rzeczy klientowi wy\u0142\u0105cznie na jego pro\u015bb\u0119, dostarczone do hotelu w wyznaczonym terminie, na koszt klienta.<\/li>\n<li>Klient ponosi odpowiedzialno\u015b\u0107 za szkody wyrz\u0105dzone przez niego lub osoby, za kt\u00f3re odpowiada, w mieniu operatora i\/lub hotelu, jak r\u00f3wnie\u017c w \u017cyciu, mieniu lub zdrowiu pracownik\u00f3w operatora lub innych klient\u00f3w. Klient zobowi\u0105zany jest do naprawienia szkody powsta\u0142ej w zwi\u0105zku z tym na rzecz poszkodowanego (operatora, klienta lub pracownika) zgodnie z obowi\u0105zuj\u0105cymi przepisami prawa.<\/li>\n<li>Go\u015b\u0107 zobowi\u0105zany jest do poinformowania recepcji hotelowej o zamiarze wyruszenia na indywidualn\u0105 piesz\u0105 w\u0119dr\u00f3wk\u0119 oraz podpisania ksi\u0105\u017ceczki spacer\u00f3w i w\u0119dr\u00f3wek.<\/li>\n<li>Wjazd na teren hotelu dla pojazd\u00f3w mechanicznych mo\u017cliwy jest wy\u0142\u0105cznie drogami dojazdowymi, a parkowanie pojazd\u00f3w mo\u017cliwe jest wy\u0142\u0105cznie na wyznaczonych miejscach parkingowych dla zakwaterowanych go\u015bci. Parkingi hotelowe nie s\u0105 strze\u017cone i cena noclegu nie obejmuje ochrony pojazdu mechanicznego zakwaterowanego go\u015bcia zaparkowanego na parkingu hotelowym, ani \u017cadnej innej formy jego ochrony.<\/li>\n<li>Recepcja hotelu przyjmuje skargi go\u015bci i wszelkie sugestie dotycz\u0105ce usprawnienia funkcjonowania hotelu.<\/li>\n<li>Osoba zakwaterowana zobowi\u0105zana jest do przestrzegania postanowie\u0144 regulaminu obiektu noclegowego. W przypadku ra\u017c\u0105cego naruszenia, hotel zgodnie z art. 759 ust. 2 Kodeksu cywilnego Klient mo\u017ce odst\u0105pi\u0107 od umowy o \u015bwiadczenie us\u0142ug noclegowych przed up\u0142ywem terminu, na jaki zosta\u0142a zawarta.<\/li>\n<\/ol>\n<p>Niniejszy regulamin zakwaterowania wchodzi w \u017cycie 1 pa\u017adziernika 2022 r.<\/p>\n","protected":false},"excerpt":{"rendered":"<p>REGULAMIN ZAKWATEROWANIA \u2013 HOTEL HILLS**** Regulamin zakwaterowania wydaje sp\u00f3\u0142ka TATRA TRADING INTERNATIONAL s.r.o., Stara Le\u015bna 178, 059 60 Stara Le\u015bna, REGON: 35 710 501, zarejestrowana w Rejestrze Handlowym Rejonowym. S\u0105d w Preszowie, wydzia\u0142 Sp. z o.o., nr wk\u0142adki. 11587\/P (zwanego dalej \u201eoperatorem\u201d) i ma zastosowanie do \u015bwiadczenia us\u0142ug zakwaterowania i powi\u0105zanych z nimi us\u0142ug (zwanych&#8230;<\/p>\n","protected":false},"author":1,"featured_media":0,"parent":0,"menu_order":1,"comment_status":"closed","ping_status":"closed","template":"","meta":{"footnotes":""},"class_list":["post-2952","page","type-page","status-publish","hentry"],"acf":[],"aioseo_notices":[],"_links":{"self":[{"href":"https:\/\/www.hotelhills.sk\/pl\/wp-json\/wp\/v2\/pages\/2952","targetHints":{"allow":["GET"]}}],"collection":[{"href":"https:\/\/www.hotelhills.sk\/pl\/wp-json\/wp\/v2\/pages"}],"about":[{"href":"https:\/\/www.hotelhills.sk\/pl\/wp-json\/wp\/v2\/types\/page"}],"author":[{"embeddable":true,"href":"https:\/\/www.hotelhills.sk\/pl\/wp-json\/wp\/v2\/users\/1"}],"replies":[{"embeddable":true,"href":"https:\/\/www.hotelhills.sk\/pl\/wp-json\/wp\/v2\/comments?post=2952"}],"version-history":[{"count":3,"href":"https:\/\/www.hotelhills.sk\/pl\/wp-json\/wp\/v2\/pages\/2952\/revisions"}],"predecessor-version":[{"id":4358,"href":"https:\/\/www.hotelhills.sk\/pl\/wp-json\/wp\/v2\/pages\/2952\/revisions\/4358"}],"wp:attachment":[{"href":"https:\/\/www.hotelhills.sk\/pl\/wp-json\/wp\/v2\/media?parent=2952"}],"curies":[{"name":"wp","href":"https:\/\/api.w.org\/{rel}","templated":true}]}}