{"id":2925,"date":"2020-04-22T11:04:32","date_gmt":"2020-04-22T09:04:32","guid":{"rendered":"https:\/\/www.hotelhills.sk\/o-hoteli\/"},"modified":"2025-03-24T14:52:24","modified_gmt":"2025-03-24T13:52:24","slug":"o-hotelu","status":"publish","type":"page","link":"https:\/\/www.hotelhills.sk\/pl\/o-hotelu\/","title":{"rendered":"O hotelu"},"content":{"rendered":"<div class=\"gdc_row\">\n<div class=\"gdc_column gdc_cthird\">\n<div class=\"gdc_inner\">\n<p><img loading=\"lazy\" decoding=\"async\" class=\"alignnone size-full wp-image-3403\" src=\"https:\/\/www.hotelhills.sk\/wp-content\/uploads\/2025\/03\/Hotel_Hills_1000x650_0003.jpg\" alt=\"\" width=\"1000\" height=\"650\" srcset=\"https:\/\/www.hotelhills.sk\/wp-content\/uploads\/2025\/03\/Hotel_Hills_1000x650_0003.jpg 1000w, https:\/\/www.hotelhills.sk\/wp-content\/uploads\/2025\/03\/Hotel_Hills_1000x650_0003-300x195.jpg 300w, https:\/\/www.hotelhills.sk\/wp-content\/uploads\/2025\/03\/Hotel_Hills_1000x650_0003-768x499.jpg 768w\" sizes=\"auto, (max-width: 1000px) 100vw, 1000px\" \/><\/p>\n<\/div>\n<\/div>\n<div class=\"gdc_column gdc_ctwo-thirds\">\n<div class=\"gdc_inner\">\n<h2>Witamy w Hotelu Hills ****<\/h2>\n<p>Szanowni Go\u015bcie, serdecznie witamy w naszym wyj\u0105tkowym hotelu Hills ****, kt\u00f3ry jest idealnym miejscem na relaks, zabaw\u0119 i niezapomniane prze\u017cycia.<\/p>\n<p>Nowo otwarty, znakomicie wyposa\u017cony hotel po\u0142o\u017cony jest w sercu pi\u0119knych Wysokich Tatr, gdzie pi\u0119kno natury \u0142\u0105czy si\u0119 z nowoczesnym luksusem. Nasza oferta skierowana jest do ka\u017cdego &#8211; od rodzin z dzie\u0107mi, przez pary, po wymagaj\u0105cych klient\u00f3w biznesowych, kt\u00f3rzy szukaj\u0105 nie tylko wygody, ale i profesjonalnego zaplecza.<\/p>\n<p>Hotel dysponuje komfortowymi pokojami, urz\u0105dzonymi w nowoczesnym i naturalnym stylu, zapewniaj\u0105cymi maksymalny komfort. Nasza strefa wellness zaprasza do relaksu w basenach termalnych, saunach i jacuzzi, z kt\u00f3rych roztaczaj\u0105 si\u0119 wspania\u0142e widoki na okoliczne g\u00f3ry. Centrum odnowy biologicznej na \u015bwie\u017cym powietrzu z jeziorami g\u00f3rskimi i jacuzzi pozwala cieszy\u0107 si\u0119 przyrod\u0105 Tatr w maksymalnym komforcie.<\/p>\n<p>Naszym go\u015bciom oferujemy wy\u015bmienit\u0105 kuchni\u0119, opart\u0105 na \u015bwie\u017cych, lokalnych produktach, specjalnie przygotowywanych przez naszych kucharzy. W przyjemnej atmosferze naszych restauracji mog\u0105 Pa\u0144stwo delektowa\u0107 si\u0119 potrawami odzwierciedlaj\u0105cymi pi\u0119kno kuchni tatrza\u0144skiej.<\/p>\n<p>Na imprezy firmowe, konferencje, wesela i r\u00f3\u017cnego rodzaju eventy dysponujemy nowoczesnymi salami konferencyjnymi, zaprojektowanymi tak, aby odpowiada\u0142y najnowszym trendom i wymaganiom. Nasz hotel jest idealnym miejscem na zorganizowanie zaj\u0119\u0107 teambuildingowych, szkole\u0144 zawodowych, czy te\u017c uroczysto\u015bci i wesel, kt\u00f3re go\u015bcie b\u0119d\u0105 wspomina\u0107 przez d\u0142ugie lata.<\/p>\n<p>Nie ma znaczenia, czy szukasz spokojnego miejsca na \u0142onie natury, aktywno\u015bci na \u015bwie\u017cym powietrzu, czy te\u017c wyj\u0105tkowej oprawy na swoje wydarzenie firmowe. W Hills Hotel **** zadbamy o ka\u017cdy szczeg\u00f3\u0142, tak aby poczuli si\u0119 Pa\u0144stwo jak w domu i wyjechali z niezapomnianymi wra\u017ceniami.<\/p>\n<p>Czekamy na Pa\u0144stwa wizyt\u0119 i wierzymy, \u017ce poczuj\u0105 si\u0119 Pa\u0144stwo u nas wyj\u0105tkowo.<\/p>\n<\/div>\n<\/div>\n<\/div>\n<div class=\"line\"><\/div>\n<div class=\"gdc_row\">\n<div class=\"gdc_column gdc_cthird\">\n<div class=\"gdc_inner\">\n<p><strong>Nowoczesny i komfortowy<\/strong><\/p>\n<h2>ZAKWATEROWANIE W HOTELU HILLS<\/h2>\n<p>Hotel Hills oferuje zakwaterowanie w 69 pokojach r\u00f3\u017cnych kategorii. Pokoje standardowe, luksusowe, pokoje dla nowo\u017ce\u0144c\u00f3w, apartamenty typu maisonette lub apartamenty Hills. Ca\u0142kowita pojemno\u015b\u0107 hotelu wynosi 138 \u0142\u00f3\u017cek sta\u0142ych, 66 \u0142\u00f3\u017cek sk\u0142adanych i 26 \u0142\u00f3\u017cek dostawnych, co daje \u0142\u0105cznie 230 miejsc noclegowych.<\/p>\n<\/div>\n<\/div>\n<div class=\"gdc_column gdc_cthird\">\n<div class=\"gdc_inner\">\n<p><strong>Wyj\u0105tkowy i profesjonalny<\/strong><\/p>\n<h2>US\u0141UGI RELAKSU I WELLNESS<\/h2>\n<p>Naturalne, kryte i otwarte centrum odnowy biologicznej Nature z wieloma atrakcjami, ekskluzywn\u0105 stref\u0105 Vip Star Lounge, klasycznymi masa\u017cami relaksacyjnymi i r\u00f3\u017cnymi rodzajami zabieg\u00f3w. Z przyjemno\u015bci\u0105 zaoferujemy Pa\u0144stwu jeszcze szerszy wachlarz us\u0142ug wellness w naszych pozosta\u0142ych hotelach.<\/p>\n<\/div>\n<\/div>\n<div class=\"gdc_column gdc_cthird\">\n<div class=\"gdc_inner\">\n<p><strong>Ponadstandardowa firma<\/strong><\/p>\n<h2>WYDARZENIA I PROMOCJE<\/h2>\n<p>Szeroka oferta przestrzeni konferencyjnych dostosowana jest do najnowszych trend\u00f3w i wymaga\u0144 w zakresie organizacji event\u00f3w, szkole\u0144, kongres\u00f3w, wesel, teambuilding\u00f3w i imprez korporacyjnych. W naszej dzia\u0142alno\u015bci mamy jasny cel &#8211; zadowoleni klienci.<\/p>\n<\/div>\n<\/div>\n<\/div>\n<div class=\"line\"><\/div>\n<div class=\"gdc_row\">\n<div class=\"gdc_column gdc_cthird\">\n<div class=\"gdc_inner\">\n<p><img loading=\"lazy\" decoding=\"async\" class=\"alignnone size-full wp-image-3356\" src=\"https:\/\/www.hotelhills.sk\/wp-content\/uploads\/2025\/03\/Hotel_Hills_1000x650_11.jpeg\" alt=\"\" width=\"1000\" height=\"650\" srcset=\"https:\/\/www.hotelhills.sk\/wp-content\/uploads\/2025\/03\/Hotel_Hills_1000x650_11.jpeg 1000w, https:\/\/www.hotelhills.sk\/wp-content\/uploads\/2025\/03\/Hotel_Hills_1000x650_11-300x195.jpeg 300w, https:\/\/www.hotelhills.sk\/wp-content\/uploads\/2025\/03\/Hotel_Hills_1000x650_11-768x499.jpeg 768w\" sizes=\"auto, (max-width: 1000px) 100vw, 1000px\" \/><\/p>\n<\/div>\n<\/div>\n<div class=\"gdc_column gdc_ctwo-thirds\">\n<div class=\"gdc_inner\">\n<p><strong>Kim jeste\u015bmy<\/strong><\/p>\n<h2>Nasza historia<\/h2>\n<p>Nazwa hotelu HILLS **** opisuje nie tylko atmosfer\u0119, ale i lokalizacj\u0119, w kt\u00f3rej si\u0119 znajduje.<\/p>\n<p>Lokalizacja hotelu, jego architektura i og\u00f3lny wygl\u0105d s\u0105 \u015bci\u015ble powi\u0105zane z otaczaj\u0105c\u0105 przyrod\u0105. Hotel Hills **** w Starej Le\u015bnej \u0142\u0105czy w sobie si\u0142\u0119 tatrza\u0144skiej przyrody z doskona\u0142ymi prze\u017cyciami.<\/p>\n<p>Obiekt po\u0142o\u017cony jest w pi\u0119knym i cichym otoczeniu w dzielnicy Stara Le\u015bna, tu\u017c pod \u0141omnic\u0105.<\/p>\n<p>Od 2019 roku hotel przeszed\u0142 gruntowny remont, dzi\u0119ki kt\u00f3remu znalaz\u0142 si\u0119 w gronie TOP hoteli nie tylko w Wysokich Tatrach, ale i na S\u0142owacji.<\/p>\n<p>Z przyjemno\u015bci\u0105 powitamy Pa\u0144stwa w naszym hotelu i zapewnimy Pa\u0144stwu najlepsze us\u0142ugi.<\/p>\n<\/div>\n<\/div>\n<\/div>\n","protected":false},"excerpt":{"rendered":"","protected":false},"author":1,"featured_media":0,"parent":0,"menu_order":45,"comment_status":"closed","ping_status":"closed","template":"","meta":{"footnotes":""},"class_list":["post-2925","page","type-page","status-publish","hentry"],"acf":[],"aioseo_notices":[],"_links":{"self":[{"href":"https:\/\/www.hotelhills.sk\/pl\/wp-json\/wp\/v2\/pages\/2925","targetHints":{"allow":["GET"]}}],"collection":[{"href":"https:\/\/www.hotelhills.sk\/pl\/wp-json\/wp\/v2\/pages"}],"about":[{"href":"https:\/\/www.hotelhills.sk\/pl\/wp-json\/wp\/v2\/types\/page"}],"author":[{"embeddable":true,"href":"https:\/\/www.hotelhills.sk\/pl\/wp-json\/wp\/v2\/users\/1"}],"replies":[{"embeddable":true,"href":"https:\/\/www.hotelhills.sk\/pl\/wp-json\/wp\/v2\/comments?post=2925"}],"version-history":[{"count":4,"href":"https:\/\/www.hotelhills.sk\/pl\/wp-json\/wp\/v2\/pages\/2925\/revisions"}],"predecessor-version":[{"id":4483,"href":"https:\/\/www.hotelhills.sk\/pl\/wp-json\/wp\/v2\/pages\/2925\/revisions\/4483"}],"wp:attachment":[{"href":"https:\/\/www.hotelhills.sk\/pl\/wp-json\/wp\/v2\/media?parent=2925"}],"curies":[{"name":"wp","href":"https:\/\/api.w.org\/{rel}","templated":true}]}}