{"id":5816,"date":"2020-11-02T14:59:48","date_gmt":"2020-11-02T13:59:48","guid":{"rendered":"https:\/\/www.hotelhills.sk\/firemne-vecierky\/"},"modified":"2026-01-13T09:31:33","modified_gmt":"2026-01-13T08:31:33","slug":"firemne-vecierky","status":"publish","type":"page","link":"https:\/\/www.hotelhills.sk\/hu\/eventy\/firemne-vecierky\/","title":{"rendered":"C\u00e9ges estek"},"content":{"rendered":"<h2>C\u00c9GES ESTEK<\/h2>\n<style type=\"text\/css\">\n\t\t\t#gallery-1 {\n\t\t\t\tmargin: auto;\n\t\t\t}\n\t\t\t#gallery-1 .gallery-item {\n\t\t\t\tfloat: left;\n\t\t\t\tmargin-top: 10px;\n\t\t\t\ttext-align: center;\n\t\t\t\twidth: 33%;\n\t\t\t}\n\t\t\t#gallery-1 img {\n\t\t\t\tborder: 2px solid #cfcfcf;\n\t\t\t}\n\t\t\t#gallery-1 .gallery-caption {\n\t\t\t\tmargin-left: 0;\n\t\t\t}\n\t\t\t\/* see gallery_shortcode() in wp-includes\/media.php *\/\n\t\t<\/style>\n<div id='gallery-1' class='gallery galleryid-5816 gallery-columns-3 gallery-size-thumbnail'>\n<dl class='gallery-item'>\n<dt class='gallery-icon landscape'>\n\t\t\t\t<a href='https:\/\/www.hotelhills.sk\/wp-content\/uploads\/2025\/03\/Horizont_Resort_1000x650_10.jpg' title=\"\" data-rl_title=\"\" class=\"rl-gallery-link\" data-rl_caption=\"\" data-rel=\"lightbox-gallery-1\"><img loading=\"lazy\" decoding=\"async\" width=\"800\" height=\"650\" src=\"https:\/\/www.hotelhills.sk\/wp-content\/uploads\/2025\/03\/Horizont_Resort_1000x650_10-800x650.jpg\" class=\"attachment-thumbnail size-thumbnail\" alt=\"\" \/><\/a>\n\t\t\t<\/dt>\n<\/dl>\n<dl class='gallery-item'>\n<dt class='gallery-icon landscape'>\n\t\t\t\t<a href='https:\/\/www.hotelhills.sk\/wp-content\/uploads\/2025\/03\/cyti-room-4-img-1.jpg' title=\"\" data-rl_title=\"\" class=\"rl-gallery-link\" data-rl_caption=\"\" data-rel=\"lightbox-gallery-1\"><img loading=\"lazy\" decoding=\"async\" width=\"800\" height=\"650\" src=\"https:\/\/www.hotelhills.sk\/wp-content\/uploads\/2025\/03\/cyti-room-4-img-1-800x650.jpg\" class=\"attachment-thumbnail size-thumbnail\" alt=\"\" \/><\/a>\n\t\t\t<\/dt>\n<\/dl>\n<dl class='gallery-item'>\n<dt class='gallery-icon landscape'>\n\t\t\t\t<a href='https:\/\/www.hotelhills.sk\/wp-content\/uploads\/2025\/03\/Horizont_Resort_1000x650_28.jpg' title=\"\" data-rl_title=\"\" class=\"rl-gallery-link\" data-rl_caption=\"\" data-rel=\"lightbox-gallery-1\"><img loading=\"lazy\" decoding=\"async\" width=\"800\" height=\"650\" src=\"https:\/\/www.hotelhills.sk\/wp-content\/uploads\/2025\/03\/Horizont_Resort_1000x650_28-800x650.jpg\" class=\"attachment-thumbnail size-thumbnail\" alt=\"\" \/><\/a>\n\t\t\t<\/dt>\n<\/dl>\n<p><br style=\"clear: both\" \/>\n\t\t<\/div>\n<h2>K\u00f6sse \u00f6ssze c\u00e9ges rendezv\u00e9ny\u00e9t pihen\u00e9ssel \u00e9s wellness \u00e9lm\u00e9nyekkel<\/h2>\n<p>Jutalmazza meg munkat\u00e1rsait, koll\u00e9g\u00e1it vagy \u00fcgyfeleit, \u00e9s szervezzen sz\u00e1mukra egy felejthetetlen c\u00e9ges estet. P\u00e1ratlan szolg\u00e1ltat\u00e1sok, gy\u00f6ny\u00f6r\u0171 k\u00f6rnyezet, luxus wellness k\u00f6zpont, term\u00e1l Aquapark, kiv\u00e1l\u00f3 gasztron\u00f3mia \u00e9s m\u00e9g sok m\u00e1s v\u00e1rja \u00d6n\u00f6ket.<\/p>\n<h3>KONFERENCIA \u00c9S RENDEZV\u00c9NYHELYSZ\u00cdNEK K\u00cdN\u00c1LATA<\/h3>\n<ul>\n<li>Kongresszusi termek 220 \u00e9s 330 f\u0151s kapacit\u00e1ssal, ide\u00e1lisak nagyszab\u00e1s\u00fa \u00fcnneps\u00e9gekhez \u00e9s tematikus partikhoz<\/li>\n<li>Priv\u00e1t szalonok, t\u00e1rgyal\u00f3termek, luxus \u00e9ttermek, party k\u00e1v\u00e9z\u00f3k vagy \u00e9jszakai klubok<\/li>\n<li>Medenc\u00e9k vagy wellness k\u00f6zpont b\u00e9rl\u00e9se priv\u00e1t rendezv\u00e9nyekhez<\/li>\n<\/ul>\n<h3>BIZTOS\u00cdTJUK AZ ESEM\u00c9NY TELJES LEBONYOL\u00cdT\u00c1S\u00c1T<\/h3>\n<ul>\n<li>Zenei program, \u00e9l\u0151zene vagy DJ<\/li>\n<li>T\u00e1ncbemutat\u00f3k vagy show m\u0171sorok<\/li>\n<li>Bor-, konyak-, szivar- vagy kokt\u00e9lk\u00f3stol\u00f3k<\/li>\n<li>Karaoke, fot\u00f3automata vagy t\u0171zij\u00e1t\u00e9k<\/li>\n<\/ul>\n<div class=\"line\"><\/div>\n<h2>\u00c9rdekli \u00d6nt?<\/h2>\n<p>Vegye fel vel\u00fcnk a kapcsolatot az al\u00e1bbi kapcsolatfelv\u00e9teli \u0171rlapon kereszt\u00fcl, vagy \u00edrjon nek\u00fcnk a <a href=\"mailto:recepcia@hotelhills.sk\">recepcia@hotelhills.sk<\/a> e-mail c\u00edmre.<\/p>\n<div class=\"wpcf7 no-js\" id=\"wpcf7-f5831-o1\" lang=\"cs-CZ\" dir=\"ltr\" data-wpcf7-id=\"5831\">\n<div class=\"screen-reader-response\">\n<p role=\"status\" aria-live=\"polite\" aria-atomic=\"true\">\n<ul><\/ul>\n<\/div>\n<form action=\"\/hu\/wp-json\/wp\/v2\/pages\/5816#wpcf7-f5831-o1\" method=\"post\" class=\"wpcf7-form init wpcf7-acceptance-as-validation\" aria-label=\"Kontaktn\u00ed formul\u00e1\u0159\" novalidate=\"novalidate\" data-status=\"init\">\n<fieldset class=\"hidden-fields-container\"><input type=\"hidden\" name=\"_wpcf7\" value=\"5831\" \/><input type=\"hidden\" name=\"_wpcf7_version\" value=\"6.1.5\" \/><input type=\"hidden\" name=\"_wpcf7_locale\" value=\"cs_CZ\" \/><input type=\"hidden\" name=\"_wpcf7_unit_tag\" value=\"wpcf7-f5831-o1\" \/><input type=\"hidden\" name=\"_wpcf7_container_post\" value=\"0\" \/><input type=\"hidden\" name=\"_wpcf7_posted_data_hash\" value=\"\" \/><br \/>\n<\/fieldset>\n<p><span class=\"wpcf7-form-control-wrap\" data-name=\"jmeno\"><input size=\"40\" maxlength=\"400\" class=\"wpcf7-form-control wpcf7-text wpcf7-validates-as-required\" aria-required=\"true\" aria-invalid=\"false\" placeholder=\"N\u00e9v \u00e9s vezet\u00e9kn\u00e9v *\" value=\"\" type=\"text\" name=\"jmeno\" \/><\/span><br \/>\n<span class=\"wpcf7-form-control-wrap\" data-name=\"email\"><input size=\"40\" maxlength=\"400\" class=\"wpcf7-form-control wpcf7-email wpcf7-validates-as-required wpcf7-text wpcf7-validates-as-email\" aria-required=\"true\" aria-invalid=\"false\" placeholder=\"Email *\" value=\"\" type=\"email\" name=\"email\" \/><\/span><br \/>\n<span class=\"wpcf7-form-control-wrap\" data-name=\"predmet\"><input size=\"40\" maxlength=\"400\" class=\"wpcf7-form-control wpcf7-text wpcf7-validates-as-required\" aria-required=\"true\" aria-invalid=\"false\" placeholder=\"T\u00e1rgy *\" value=\"\" type=\"text\" name=\"predmet\" \/><\/span><br \/>\n<span class=\"wpcf7-form-control-wrap\" data-name=\"zprava\"><textarea cols=\"40\" rows=\"10\" maxlength=\"2000\" class=\"wpcf7-form-control wpcf7-textarea wpcf7-validates-as-required\" aria-required=\"true\" aria-invalid=\"false\" placeholder=\"\u00dczenet *\" name=\"zprava\"><\/textarea><\/span><br \/>\n<span class=\"wpcf7-form-control-wrap\" data-name=\"acceptance-539\"><span class=\"wpcf7-form-control wpcf7-acceptance\"><span class=\"wpcf7-list-item\"><label><input type=\"checkbox\" name=\"acceptance-539\" value=\"1\" aria-invalid=\"false\" \/><span class=\"wpcf7-list-item-label\">Hozz\u00e1j\u00e1rulok szem\u00e9lyes adataim feldolgoz\u00e1s\u00e1hoz <a target=\"_blank\" href=\"\/ochrana-osobnych-udajov\/\">spracovan\u00edm osobn\u00fdch \u00fadajov<\/a><\/span><\/label><\/span><\/span><\/span><br \/>\n<input class=\"wpcf7-form-control wpcf7-submit has-spinner\" type=\"submit\" value=\"\u00dczenet k\u00fcld\u00e9se\" \/>\n<\/p>\n<div class=\"wpcf7-response-output\" aria-hidden=\"true\"><\/div>\n<\/form>\n<\/div>\n","protected":false},"excerpt":{"rendered":"<p>C\u00c9GES ESTEK K\u00f6sse \u00f6ssze c\u00e9ges rendezv\u00e9ny\u00e9t pihen\u00e9ssel \u00e9s wellness \u00e9lm\u00e9nyekkel Jutalmazza meg munkat\u00e1rsait, koll\u00e9g\u00e1it vagy \u00fcgyfeleit, \u00e9s szervezzen sz\u00e1mukra egy felejthetetlen c\u00e9ges estet. P\u00e1ratlan szolg\u00e1ltat\u00e1sok, gy\u00f6ny\u00f6r\u0171 k\u00f6rnyezet, luxus wellness k\u00f6zpont, term\u00e1l Aquapark, kiv\u00e1l\u00f3 gasztron\u00f3mia \u00e9s m\u00e9g sok m\u00e1s v\u00e1rja \u00d6n\u00f6ket. KONFERENCIA \u00c9S RENDEZV\u00c9NYHELYSZ\u00cdNEK K\u00cdN\u00c1LATA Kongresszusi termek 220 \u00e9s 330 f\u0151s kapacit\u00e1ssal, ide\u00e1lisak nagyszab\u00e1s\u00fa \u00fcnneps\u00e9gekhez \u00e9s&#8230;<\/p>\n","protected":false},"author":1,"featured_media":0,"parent":5817,"menu_order":7,"comment_status":"closed","ping_status":"closed","template":"","meta":{"footnotes":""},"class_list":["post-5816","page","type-page","status-publish","hentry"],"acf":[],"aioseo_notices":[],"_links":{"self":[{"href":"https:\/\/www.hotelhills.sk\/hu\/wp-json\/wp\/v2\/pages\/5816","targetHints":{"allow":["GET"]}}],"collection":[{"href":"https:\/\/www.hotelhills.sk\/hu\/wp-json\/wp\/v2\/pages"}],"about":[{"href":"https:\/\/www.hotelhills.sk\/hu\/wp-json\/wp\/v2\/types\/page"}],"author":[{"embeddable":true,"href":"https:\/\/www.hotelhills.sk\/hu\/wp-json\/wp\/v2\/users\/1"}],"replies":[{"embeddable":true,"href":"https:\/\/www.hotelhills.sk\/hu\/wp-json\/wp\/v2\/comments?post=5816"}],"version-history":[{"count":2,"href":"https:\/\/www.hotelhills.sk\/hu\/wp-json\/wp\/v2\/pages\/5816\/revisions"}],"predecessor-version":[{"id":5865,"href":"https:\/\/www.hotelhills.sk\/hu\/wp-json\/wp\/v2\/pages\/5816\/revisions\/5865"}],"up":[{"embeddable":true,"href":"https:\/\/www.hotelhills.sk\/hu\/wp-json\/wp\/v2\/pages\/5817"}],"wp:attachment":[{"href":"https:\/\/www.hotelhills.sk\/hu\/wp-json\/wp\/v2\/media?parent=5816"}],"curies":[{"name":"wp","href":"https:\/\/api.w.org\/{rel}","templated":true}]}}