{"id":5814,"date":"2020-11-02T14:58:37","date_gmt":"2020-11-02T13:58:37","guid":{"rendered":"https:\/\/www.hotelhills.sk\/teambuildingy\/"},"modified":"2026-01-13T09:20:38","modified_gmt":"2026-01-13T08:20:38","slug":"teambuildingy","status":"publish","type":"page","link":"https:\/\/www.hotelhills.sk\/hu\/eventy\/teambuildingy\/","title":{"rendered":"Csapat\u00e9p\u00edt\u00e9sek"},"content":{"rendered":"<h2>CSAPAT\u00c9P\u00cdT\u0150 RENDEZV\u00c9NYEK<\/h2>\n<style type=\"text\/css\">\n\t\t\t#gallery-1 {\n\t\t\t\tmargin: auto;\n\t\t\t}\n\t\t\t#gallery-1 .gallery-item {\n\t\t\t\tfloat: left;\n\t\t\t\tmargin-top: 10px;\n\t\t\t\ttext-align: center;\n\t\t\t\twidth: 33%;\n\t\t\t}\n\t\t\t#gallery-1 img {\n\t\t\t\tborder: 2px solid #cfcfcf;\n\t\t\t}\n\t\t\t#gallery-1 .gallery-caption {\n\t\t\t\tmargin-left: 0;\n\t\t\t}\n\t\t\t\/* see gallery_shortcode() in wp-includes\/media.php *\/\n\t\t<\/style>\n<div id='gallery-1' class='gallery galleryid-5814 gallery-columns-3 gallery-size-thumbnail'>\n<dl class='gallery-item'>\n<dt class='gallery-icon landscape'>\n\t\t\t\t<a href='https:\/\/www.hotelhills.sk\/wp-content\/uploads\/2025\/03\/Hotel_Hills_1000x650_13.jpg' title=\"\" data-rl_title=\"\" class=\"rl-gallery-link\" data-rl_caption=\"\" data-rel=\"lightbox-gallery-1\"><img loading=\"lazy\" decoding=\"async\" width=\"800\" height=\"650\" src=\"https:\/\/www.hotelhills.sk\/wp-content\/uploads\/2025\/03\/Hotel_Hills_1000x650_13-800x650.jpg\" class=\"attachment-thumbnail size-thumbnail\" alt=\"\" \/><\/a>\n\t\t\t<\/dt>\n<\/dl>\n<dl class='gallery-item'>\n<dt class='gallery-icon landscape'>\n\t\t\t\t<a href='https:\/\/www.hotelhills.sk\/wp-content\/uploads\/2025\/03\/Hotel_Hills_1000x650_14.jpg' title=\"\" data-rl_title=\"\" class=\"rl-gallery-link\" data-rl_caption=\"\" data-rel=\"lightbox-gallery-1\"><img loading=\"lazy\" decoding=\"async\" width=\"800\" height=\"650\" src=\"https:\/\/www.hotelhills.sk\/wp-content\/uploads\/2025\/03\/Hotel_Hills_1000x650_14-800x650.jpg\" class=\"attachment-thumbnail size-thumbnail\" alt=\"\" \/><\/a>\n\t\t\t<\/dt>\n<\/dl>\n<dl class='gallery-item'>\n<dt class='gallery-icon landscape'>\n\t\t\t\t<a href='https:\/\/www.hotelhills.sk\/wp-content\/uploads\/2025\/03\/Hotel_Hills_1000x650_15.jpg' title=\"\" data-rl_title=\"\" class=\"rl-gallery-link\" data-rl_caption=\"\" data-rel=\"lightbox-gallery-1\"><img loading=\"lazy\" decoding=\"async\" width=\"800\" height=\"650\" src=\"https:\/\/www.hotelhills.sk\/wp-content\/uploads\/2025\/03\/Hotel_Hills_1000x650_15-800x650.jpg\" class=\"attachment-thumbnail size-thumbnail\" alt=\"\" \/><\/a>\n\t\t\t<\/dt>\n<\/dl>\n<p><br style=\"clear: both\" \/>\n\t\t<\/div>\n<h3>Szeretn\u00e9 meger\u0151s\u00edteni csapat\u00e1t, \u00e9s munkat\u00e1rsainak vagy \u00fczleti partnereinek felejthetetlen \u00e9lm\u00e9nyeket ny\u00fajtani, tele pihen\u00e9ssel \u00e9s sz\u00f3rakoz\u00e1ssal?<\/h3>\n<p>\u00d6r\u00f6mmel k\u00e9sz\u00edt\u00fcnk \u00e9s szervez\u00fcnk \u00d6nnek egyedi, szem\u00e9lyre szabott csapat\u00e9p\u00edt\u0151 programokat. Sz\u00e1llod\u00e1nkban nemcsak kiv\u00e1l\u00f3 sz\u00ednvonal\u00fa sz\u00e1ll\u00e1st, wellness- \u00e9s kongresszusi szolg\u00e1ltat\u00e1sokat tal\u00e1l, hanem ide\u00e1lis felt\u00e9teleket is a c\u00e9ges rendezv\u00e9nyekhez \u00e9s olyan aktivit\u00e1sokhoz, amelyek er\u0151s\u00edtik a csapatszellemet.<\/p>\n<p>Sz\u00e1llod\u00e1nk egyik legnagyobb el\u0151nye kiv\u00e9teles elhelyezked\u00e9se \u00d3t\u00e1traf\u00fcreden (Star\u00fd Lesn\u00fd), mind\u00f6ssze egy karny\u00fajt\u00e1snyira a Magas-T\u00e1tra legvonz\u00f3bb helyeit\u0151l. \u00c9lvezze a c\u00e9ges kalandokat t\u00far\u00e1z\u00e1s, ker\u00e9kp\u00e1roz\u00e1s vagy t\u00e9li sportok form\u00e1j\u00e1ban, \u00e9s tapasztalja meg a munka, a pihen\u00e9s \u00e9s a sz\u00f3rakoz\u00e1s t\u00f6k\u00e9letes kombin\u00e1ci\u00f3j\u00e1t.<\/p>\n<ul>\n<li>ide\u00e1lis helysz\u00edneket k\u00edn\u00e1lunk rendezv\u00e9ny\u00e9hez belt\u00e9ren \u00e9s k\u00fclt\u00e9ren egyar\u00e1nt<\/li>\n<li>teljes felszerelts\u00e9g\u0171 kongresszusi terek, valamint sz\u00e9les k\u00f6r\u0171 lehet\u0151s\u00e9gek tov\u00e1bbi sz\u00e1llod\u00e1inkban<\/li>\n<li>k\u00f6zvetlen\u00fcl a sz\u00e1lloda ter\u00fclet\u00e9n tal\u00e1lhat\u00f3 a teljesen felszerelt Grillh\u00e1z<\/li>\n<li>t\u00f6bb\u00e9ves tapasztalat a rendezv\u00e9nyszervez\u00e9sben, professzion\u00e1lis hozz\u00e1\u00e1ll\u00e1s, modern trendek \u00e9s magas sz\u00ednvonal\u00fa szolg\u00e1ltat\u00e1sok<\/li>\n<li>szolg\u00e1ltat\u00e1sok sz\u00e9les v\u00e1laszt\u00e9ka<\/li>\n<li>szem\u00e9lyre szabott eventek, \u00e9lm\u00e9nyprogramok, sportos csapat\u00e9p\u00edt\u00e9s, c\u00e9ges olimpia vagy csal\u00e1di napok munkav\u00e1llal\u00f3k sz\u00e1m\u00e1ra, wellness estek vagy medenc\u00e9s partik<\/li>\n<li>gazdag k\u00eds\u00e9r\u0151program \u00e9s sz\u00e1mos kieg\u00e9sz\u00edt\u0151 aktivit\u00e1s<\/li>\n<\/ul>\n<h3>Mit k\u00edn\u00e1lunk \u00d6nnek?<\/h3>\n<ul>\n<li>gasztron\u00f3miai \u00e9lm\u00e9nyek, grillez\u00e9sek a Grillh\u00e1zban, szalonnas\u00fct\u00e9sek, bor-, konyak- \u00e9s rumk\u00f3stol\u00f3k<\/li>\n<li>sporttev\u00e9kenys\u00e9gek, teniszp\u00e1lya a Horizont Resort Hotelben, multifunkcion\u00e1lis fel\u00fclettel r\u00f6plabda, labdar\u00fag\u00e1s, l\u00e1btenisz \u00e9s kos\u00e1rlabda sz\u00e1m\u00e1ra<\/li>\n<li>wellness szolg\u00e1ltat\u00e1sok, bel\u00e9p\u00e9s a Nature Wellness Centerbe, a Horizont Resort Mountain Wellness Center\u00e9be, bel\u00e9p\u0151k az AquaCity Poprad Aquaparkba, relax\u00e1l\u00f3 massz\u00e1zsok, thai massz\u00e1zsok, VIP Sky Lounge, pezsg\u0151f\u00fcrd\u0151 a Horizont Resort tetej\u00e9n, vagy priv\u00e1t z\u00f3na a Hills Hotelben, Private Spa<\/li>\n<li>\u00edj\u00e1szat, Xbox, bili\u00e1rd, darts, pingpong<\/li>\n<li>versenyjelleg\u0171 kv\u00edzek k\u00fcl\u00f6nb\u00f6z\u0151 t\u00e9m\u00e1kban vagy kifejezetten az \u00d6n rendezv\u00e9ny\u00e9re szabva<\/li>\n<li>V\u00edzi aerobic, t\u00e1nciskola<\/li>\n<li>s\u00edel\u00e9s, korcsoly\u00e1z\u00e1s, t\u00e9li j\u00e9gkorong<\/li>\n<li>sz\u00f3rakoztat\u00f3 felf\u00fajhat\u00f3 attrakci\u00f3k<\/li>\n<li>v\u00e1ltozatos, szem\u00e9lyre szabott csapat\u00e9p\u00edt\u0151 \u00e9s anim\u00e1ci\u00f3s programok<\/li>\n<\/ul>\n<p><strong>T\u00f6ltse kellemesen az idej\u00e9t akt\u00edv pihen\u00e9ssel sz\u00e1llod\u00e1nkban, ahol mag\u00e1t\u00f3l \u00e9rtet\u0151d\u0151ek a kulcsrak\u00e9sz szolg\u00e1ltat\u00e1sok az \u00fcgyf\u00e9l ig\u00e9nyei szerint, bele\u00e9rtve a cateringet, kieg\u00e9sz\u00edt\u0151 szolg\u00e1ltat\u00e1sokat, aktivit\u00e1sokat \u00e9s workshopokat, valamint m\u0171v\u00e9szeti \u00e9s zenei fell\u00e9p\u00e9seket.<\/strong><\/p>\n<div class=\"line\"><\/div>\n<h2>\u00c9rdekli \u00d6nt?<\/h2>\n<p>Vegye fel vel\u00fcnk a kapcsolatot az al\u00e1bbi kapcsolatfelv\u00e9teli \u0171rlapon kereszt\u00fcl, vagy \u00edrjon nek\u00fcnk a <a href=\"mailto:recepcia@hotelhills.sk\">recepcia@hotelhills.sk<\/a> e-mail c\u00edmre.<\/p>\n<div class=\"wpcf7 no-js\" id=\"wpcf7-f5831-o1\" lang=\"cs-CZ\" dir=\"ltr\" data-wpcf7-id=\"5831\">\n<div class=\"screen-reader-response\">\n<p role=\"status\" aria-live=\"polite\" aria-atomic=\"true\">\n<ul><\/ul>\n<\/div>\n<form action=\"\/hu\/wp-json\/wp\/v2\/pages\/5814#wpcf7-f5831-o1\" method=\"post\" class=\"wpcf7-form init wpcf7-acceptance-as-validation\" aria-label=\"Kontaktn\u00ed formul\u00e1\u0159\" novalidate=\"novalidate\" data-status=\"init\">\n<fieldset class=\"hidden-fields-container\"><input type=\"hidden\" name=\"_wpcf7\" value=\"5831\" \/><input type=\"hidden\" name=\"_wpcf7_version\" value=\"6.1.5\" \/><input type=\"hidden\" name=\"_wpcf7_locale\" value=\"cs_CZ\" \/><input type=\"hidden\" name=\"_wpcf7_unit_tag\" value=\"wpcf7-f5831-o1\" \/><input type=\"hidden\" name=\"_wpcf7_container_post\" value=\"0\" \/><input type=\"hidden\" name=\"_wpcf7_posted_data_hash\" value=\"\" \/><br \/>\n<\/fieldset>\n<p><span class=\"wpcf7-form-control-wrap\" data-name=\"jmeno\"><input size=\"40\" maxlength=\"400\" class=\"wpcf7-form-control wpcf7-text wpcf7-validates-as-required\" aria-required=\"true\" aria-invalid=\"false\" placeholder=\"N\u00e9v \u00e9s vezet\u00e9kn\u00e9v *\" value=\"\" type=\"text\" name=\"jmeno\" \/><\/span><br \/>\n<span class=\"wpcf7-form-control-wrap\" data-name=\"email\"><input size=\"40\" maxlength=\"400\" class=\"wpcf7-form-control wpcf7-email wpcf7-validates-as-required wpcf7-text wpcf7-validates-as-email\" aria-required=\"true\" aria-invalid=\"false\" placeholder=\"Email *\" value=\"\" type=\"email\" name=\"email\" \/><\/span><br \/>\n<span class=\"wpcf7-form-control-wrap\" data-name=\"predmet\"><input size=\"40\" maxlength=\"400\" class=\"wpcf7-form-control wpcf7-text wpcf7-validates-as-required\" aria-required=\"true\" aria-invalid=\"false\" placeholder=\"T\u00e1rgy *\" value=\"\" type=\"text\" name=\"predmet\" \/><\/span><br \/>\n<span class=\"wpcf7-form-control-wrap\" data-name=\"zprava\"><textarea cols=\"40\" rows=\"10\" maxlength=\"2000\" class=\"wpcf7-form-control wpcf7-textarea wpcf7-validates-as-required\" aria-required=\"true\" aria-invalid=\"false\" placeholder=\"\u00dczenet *\" name=\"zprava\"><\/textarea><\/span><br \/>\n<span class=\"wpcf7-form-control-wrap\" data-name=\"acceptance-539\"><span class=\"wpcf7-form-control wpcf7-acceptance\"><span class=\"wpcf7-list-item\"><label><input type=\"checkbox\" name=\"acceptance-539\" value=\"1\" aria-invalid=\"false\" \/><span class=\"wpcf7-list-item-label\">Hozz\u00e1j\u00e1rulok szem\u00e9lyes adataim feldolgoz\u00e1s\u00e1hoz <a target=\"_blank\" href=\"\/ochrana-osobnych-udajov\/\">spracovan\u00edm osobn\u00fdch \u00fadajov<\/a><\/span><\/label><\/span><\/span><\/span><br \/>\n<input class=\"wpcf7-form-control wpcf7-submit has-spinner\" type=\"submit\" value=\"\u00dczenet k\u00fcld\u00e9se\" \/>\n<\/p>\n<div class=\"wpcf7-response-output\" aria-hidden=\"true\"><\/div>\n<\/form>\n<\/div>\n","protected":false},"excerpt":{"rendered":"<p>CSAPAT\u00c9P\u00cdT\u0150 RENDEZV\u00c9NYEK Szeretn\u00e9 meger\u0151s\u00edteni csapat\u00e1t, \u00e9s munkat\u00e1rsainak vagy \u00fczleti partnereinek felejthetetlen \u00e9lm\u00e9nyeket ny\u00fajtani, tele pihen\u00e9ssel \u00e9s sz\u00f3rakoz\u00e1ssal? \u00d6r\u00f6mmel k\u00e9sz\u00edt\u00fcnk \u00e9s szervez\u00fcnk \u00d6nnek egyedi, szem\u00e9lyre szabott csapat\u00e9p\u00edt\u0151 programokat. Sz\u00e1llod\u00e1nkban nemcsak kiv\u00e1l\u00f3 sz\u00ednvonal\u00fa sz\u00e1ll\u00e1st, wellness- \u00e9s kongresszusi szolg\u00e1ltat\u00e1sokat tal\u00e1l, hanem ide\u00e1lis felt\u00e9teleket is a c\u00e9ges rendezv\u00e9nyekhez \u00e9s olyan aktivit\u00e1sokhoz, amelyek er\u0151s\u00edtik a csapatszellemet. Sz\u00e1llod\u00e1nk egyik legnagyobb el\u0151nye&#8230;<\/p>\n","protected":false},"author":1,"featured_media":0,"parent":5817,"menu_order":9,"comment_status":"closed","ping_status":"closed","template":"","meta":{"footnotes":""},"class_list":["post-5814","page","type-page","status-publish","hentry"],"acf":[],"aioseo_notices":[],"_links":{"self":[{"href":"https:\/\/www.hotelhills.sk\/hu\/wp-json\/wp\/v2\/pages\/5814","targetHints":{"allow":["GET"]}}],"collection":[{"href":"https:\/\/www.hotelhills.sk\/hu\/wp-json\/wp\/v2\/pages"}],"about":[{"href":"https:\/\/www.hotelhills.sk\/hu\/wp-json\/wp\/v2\/types\/page"}],"author":[{"embeddable":true,"href":"https:\/\/www.hotelhills.sk\/hu\/wp-json\/wp\/v2\/users\/1"}],"replies":[{"embeddable":true,"href":"https:\/\/www.hotelhills.sk\/hu\/wp-json\/wp\/v2\/comments?post=5814"}],"version-history":[{"count":3,"href":"https:\/\/www.hotelhills.sk\/hu\/wp-json\/wp\/v2\/pages\/5814\/revisions"}],"predecessor-version":[{"id":5861,"href":"https:\/\/www.hotelhills.sk\/hu\/wp-json\/wp\/v2\/pages\/5814\/revisions\/5861"}],"up":[{"embeddable":true,"href":"https:\/\/www.hotelhills.sk\/hu\/wp-json\/wp\/v2\/pages\/5817"}],"wp:attachment":[{"href":"https:\/\/www.hotelhills.sk\/hu\/wp-json\/wp\/v2\/media?parent=5814"}],"curies":[{"name":"wp","href":"https:\/\/api.w.org\/{rel}","templated":true}]}}