{"id":5810,"date":"2020-10-16T08:52:00","date_gmt":"2020-10-16T06:52:00","guid":{"rendered":"https:\/\/www.hotelhills.sk\/ubytovanie\/izby-lux\/"},"modified":"2026-01-12T16:29:32","modified_gmt":"2026-01-12T15:29:32","slug":"izby-lux","status":"publish","type":"page","link":"https:\/\/www.hotelhills.sk\/hu\/ubytovanie\/izby-lux\/","title":{"rendered":"Lux szob\u00e1k"},"content":{"rendered":"<style type=\"text\/css\">\n\t\t\t#gallery-1 {\n\t\t\t\tmargin: auto;\n\t\t\t}\n\t\t\t#gallery-1 .gallery-item {\n\t\t\t\tfloat: left;\n\t\t\t\tmargin-top: 10px;\n\t\t\t\ttext-align: center;\n\t\t\t\twidth: 33%;\n\t\t\t}\n\t\t\t#gallery-1 img {\n\t\t\t\tborder: 2px solid #cfcfcf;\n\t\t\t}\n\t\t\t#gallery-1 .gallery-caption {\n\t\t\t\tmargin-left: 0;\n\t\t\t}\n\t\t\t\/* see gallery_shortcode() in wp-includes\/media.php *\/\n\t\t<\/style>\n<div id='gallery-1' class='gallery galleryid-5810 gallery-columns-3 gallery-size-thumbnail'>\n<dl class='gallery-item'>\n<dt class='gallery-icon landscape'>\n\t\t\t\t<a href='https:\/\/www.hotelhills.sk\/wp-content\/uploads\/2025\/03\/Hotel_Hills_1000x650_37.jpeg' title=\"\" data-rl_title=\"\" class=\"rl-gallery-link\" data-rl_caption=\"\" data-rel=\"lightbox-gallery-1\"><img loading=\"lazy\" decoding=\"async\" width=\"800\" height=\"650\" src=\"https:\/\/www.hotelhills.sk\/wp-content\/uploads\/2025\/03\/Hotel_Hills_1000x650_37-800x650.jpeg\" class=\"attachment-thumbnail size-thumbnail\" alt=\"\" \/><\/a>\n\t\t\t<\/dt>\n<\/dl>\n<dl class='gallery-item'>\n<dt class='gallery-icon landscape'>\n\t\t\t\t<a href='https:\/\/www.hotelhills.sk\/wp-content\/uploads\/2025\/03\/Hotel_Hills_web_10.jpg' title=\"\" data-rl_title=\"\" class=\"rl-gallery-link\" data-rl_caption=\"\" data-rel=\"lightbox-gallery-1\"><img loading=\"lazy\" decoding=\"async\" width=\"800\" height=\"650\" src=\"https:\/\/www.hotelhills.sk\/wp-content\/uploads\/2025\/03\/Hotel_Hills_web_10-800x650.jpg\" class=\"attachment-thumbnail size-thumbnail\" alt=\"\" \/><\/a>\n\t\t\t<\/dt>\n<\/dl>\n<dl class='gallery-item'>\n<dt class='gallery-icon landscape'>\n\t\t\t\t<a href='https:\/\/www.hotelhills.sk\/wp-content\/uploads\/2025\/03\/Hotel_Hills_web_06.jpg' title=\"\" data-rl_title=\"\" class=\"rl-gallery-link\" data-rl_caption=\"\" data-rel=\"lightbox-gallery-1\"><img loading=\"lazy\" decoding=\"async\" width=\"800\" height=\"650\" src=\"https:\/\/www.hotelhills.sk\/wp-content\/uploads\/2025\/03\/Hotel_Hills_web_06-800x650.jpg\" class=\"attachment-thumbnail size-thumbnail\" alt=\"\" \/><\/a>\n\t\t\t<\/dt>\n<\/dl>\n<p><br style=\"clear: both\" \/><\/p>\n<dl class='gallery-item'>\n<dt class='gallery-icon landscape'>\n\t\t\t\t<a href='https:\/\/www.hotelhills.sk\/wp-content\/uploads\/2025\/03\/Hotel_Hills_209_210_1920x1080_03-1600x900.jpg' title=\"\" data-rl_title=\"\" class=\"rl-gallery-link\" data-rl_caption=\"\" data-rel=\"lightbox-gallery-1\"><img loading=\"lazy\" decoding=\"async\" width=\"800\" height=\"650\" src=\"https:\/\/www.hotelhills.sk\/wp-content\/uploads\/2025\/03\/Hotel_Hills_209_210_1920x1080_03-800x650.jpg\" class=\"attachment-thumbnail size-thumbnail\" alt=\"\" \/><\/a>\n\t\t\t<\/dt>\n<\/dl>\n<dl class='gallery-item'>\n<dt class='gallery-icon landscape'>\n\t\t\t\t<a href='https:\/\/www.hotelhills.sk\/wp-content\/uploads\/2025\/03\/Hotel_Hills_209_210_1920x1080_05-1600x900.jpg' title=\"\" data-rl_title=\"\" class=\"rl-gallery-link\" data-rl_caption=\"\" data-rel=\"lightbox-gallery-1\"><img loading=\"lazy\" decoding=\"async\" width=\"800\" height=\"650\" src=\"https:\/\/www.hotelhills.sk\/wp-content\/uploads\/2025\/03\/Hotel_Hills_209_210_1920x1080_05-800x650.jpg\" class=\"attachment-thumbnail size-thumbnail\" alt=\"\" \/><\/a>\n\t\t\t<\/dt>\n<\/dl>\n<dl class='gallery-item'>\n<dt class='gallery-icon landscape'>\n\t\t\t\t<a href='https:\/\/www.hotelhills.sk\/wp-content\/uploads\/2025\/03\/Hotel_Hills_1000x650_34.jpeg' title=\"\" data-rl_title=\"\" class=\"rl-gallery-link\" data-rl_caption=\"\" data-rel=\"lightbox-gallery-1\"><img loading=\"lazy\" decoding=\"async\" width=\"800\" height=\"650\" src=\"https:\/\/www.hotelhills.sk\/wp-content\/uploads\/2025\/03\/Hotel_Hills_1000x650_34-800x650.jpeg\" class=\"attachment-thumbnail size-thumbnail\" alt=\"\" \/><\/a>\n\t\t\t<\/dt>\n<\/dl>\n<p><br style=\"clear: both\" \/>\n\t\t<\/div>\n<div class=\"line\"><\/div>\n<div class=\"gdc_row\">\n<div class=\"gdc_column gdc_cthird\">\n<div class=\"gdc_inner\">\n<h2>Sz\u00e1ll\u00e1sinform\u00e1ci\u00f3k<\/h2>\n<p data-start=\"34\" data-end=\"223\">V\u00e1lassza ki az ide\u00e1lis szob\u00e1t felejthetetlen csal\u00e1di wellness-\u00fcd\u00fcl\u00e9s\u00e9hez. Az id\u0151t\u00e1ll\u00f3an \u00e9s modern\u00fcl berendezett Lux szob\u00e1k t\u00f6k\u00e9letesek gyermekes csal\u00e1dok sz\u00e1m\u00e1ra. A szob\u00e1kban h\u00e1l\u00f3szoba \u00e9s nappali tal\u00e1lhat\u00f3, \u00e9s rengeteg hely \u00e1ll rendelkez\u00e9sre az eg\u00e9sz csal\u00e1d sz\u00e1m\u00e1ra. A sz\u00e1lloda A, B \u00e9s C r\u00e9sz\u00e9ben 33 Lux szoba tal\u00e1lhat\u00f3, amelyek a 2. \u00e9s 3. emeleten helyezkednek el. A bels\u0151 t\u00e9r hegyi st\u00edlusban, t\u00f6lgyfa felhaszn\u00e1l\u00e1s\u00e1val van \u00f6sszehangolva, alapter\u00fclet\u00fck 27 m\u00b2 \u00e9s 37 m\u00b2 k\u00f6z\u00f6tt mozog. Minden szoba egyedi alaprajz\u00fa, \u00e9s egy francia\u00e1ggyal, valamint egy kanap\u00e9\u00e1ggyal vagy egy p\u00f3t\u00e1ggyal van felszerelve. A kiv\u00e1l\u00f3 min\u0151s\u00e9g\u0171 matracok k\u00e9nyelmes alv\u00e1st \u00e9s t\u00f6k\u00e9letes kikapcsol\u00f3d\u00e1st biztos\u00edtanak egy \u00e9lm\u00e9nyekkel teli nap ut\u00e1n. Egyes szob\u00e1khoz erk\u00e9ly is tartozik.<\/p>\n<\/div>\n<\/div>\n<div class=\"gdc_column gdc_cthird\">\n<div class=\"gdc_inner\">\n<h2>Felszerel\u00e9s<\/h2>\n<ul>\n<li>Antiallerg\u00e9n paplanok<\/li>\n<li>Kozmetikai szett<\/li>\n<li>55\u201c-os LCD TV<\/li>\n<li>Minib\u00e1r<\/li>\n<li>Ortop\u00e9d matracok<\/li>\n<li>Parkol\u00e1s a sz\u00e1lloda el\u0151tt<\/li>\n<li>Szobaszerviz &#8211; \u00e9tel kisz\u00e1ll\u00edt\u00e1s a szob\u00e1ba<\/li>\n<li>K\u00e1v\u00e9- \u00e9s teak\u00e9szlet<\/li>\n<li>Zuhanyz\u00f3, WC, hajsz\u00e1r\u00edt\u00f3<\/li>\n<li>Telefon<\/li>\n<li>Sz\u00e9f<\/li>\n<li>Wi-Fi<\/li>\n<li>F\u00fcrd\u0151k\u00f6peny<\/li>\n<\/ul>\n<\/div>\n<\/div>\n<div class=\"gdc_column gdc_cthird\">\n<div class=\"gdc_inner\">\n<h2>Extra szolg\u00e1ltat\u00e1sok<\/h2>\n<p><strong>K\u00e9s\u0151i kijelentkez\u00e9s:<\/strong><\/p>\n<p>Ha kor\u00e1bbi \u00e9rkez\u00e9st vagy k\u00e9s\u0151i kijelentkez\u00e9st szeretne, k\u00e9rj\u00fck, vegye fel a kapcsolatot a sz\u00e1lloda recepci\u00f3j\u00e1val. Ezen kieg\u00e9sz\u00edt\u0151 szolg\u00e1ltat\u00e1sok biztos\u00edt\u00e1sa a sz\u00e1lloda aktu\u00e1lis m\u0171k\u00f6d\u00e9si \u00e9s kapacit\u00e1si k\u00e9pess\u00e9geit\u0151l f\u00fcgg.<\/p>\n<\/div>\n<\/div>\n<\/div>\n","protected":false},"excerpt":{"rendered":"","protected":false},"author":1,"featured_media":5592,"parent":5807,"menu_order":3,"comment_status":"closed","ping_status":"closed","template":"template-detail-pokoje.php","meta":{"footnotes":""},"class_list":["post-5810","page","type-page","status-publish","has-post-thumbnail","hentry"],"acf":[],"aioseo_notices":[],"_links":{"self":[{"href":"https:\/\/www.hotelhills.sk\/hu\/wp-json\/wp\/v2\/pages\/5810","targetHints":{"allow":["GET"]}}],"collection":[{"href":"https:\/\/www.hotelhills.sk\/hu\/wp-json\/wp\/v2\/pages"}],"about":[{"href":"https:\/\/www.hotelhills.sk\/hu\/wp-json\/wp\/v2\/types\/page"}],"author":[{"embeddable":true,"href":"https:\/\/www.hotelhills.sk\/hu\/wp-json\/wp\/v2\/users\/1"}],"replies":[{"embeddable":true,"href":"https:\/\/www.hotelhills.sk\/hu\/wp-json\/wp\/v2\/comments?post=5810"}],"version-history":[{"count":3,"href":"https:\/\/www.hotelhills.sk\/hu\/wp-json\/wp\/v2\/pages\/5810\/revisions"}],"predecessor-version":[{"id":5844,"href":"https:\/\/www.hotelhills.sk\/hu\/wp-json\/wp\/v2\/pages\/5810\/revisions\/5844"}],"up":[{"embeddable":true,"href":"https:\/\/www.hotelhills.sk\/hu\/wp-json\/wp\/v2\/pages\/5807"}],"wp:featuredmedia":[{"embeddable":true,"href":"https:\/\/www.hotelhills.sk\/hu\/wp-json\/wp\/v2\/media\/5592"}],"wp:attachment":[{"href":"https:\/\/www.hotelhills.sk\/hu\/wp-json\/wp\/v2\/media?parent=5810"}],"curies":[{"name":"wp","href":"https:\/\/api.w.org\/{rel}","templated":true}]}}