{"id":5804,"date":"2025-03-12T14:24:45","date_gmt":"2025-03-12T13:24:45","guid":{"rendered":"https:\/\/www.hotelhills.sk\/vip-star-lounge\/"},"modified":"2026-01-12T17:06:21","modified_gmt":"2026-01-12T16:06:21","slug":"vip-star-lounge","status":"publish","type":"page","link":"https:\/\/www.hotelhills.sk\/hu\/wellness\/vip-star-lounge\/","title":{"rendered":"VIP Star Lounge"},"content":{"rendered":"<p>\u00c9lje \u00e1t az exkluz\u00edv romantik\u00e1t \u00e9s a t\u00f6k\u00e9letes pihen\u00e9st priv\u00e1t z\u00f3n\u00e1nkban, ahol olyan intim hangulat v\u00e1rja, amit m\u00e1shol csak nehezen tal\u00e1l. Aj\u00e1nd\u00e9kozza meg mag\u00e1t olyan pillanatokkal, amelyek csak \u00d6n\u00f6kr\u0151l sz\u00f3lnak, \u00e9s \u00e9lvezze a k\u00e9nyeztet\u00e9st teljes nyugalomban.<\/p>\n<p>Foglalja le priv\u00e1t z\u00f3n\u00e1nkat, \u00e9s v\u00e1lasszon romantikus spa csomagjaink k\u00f6z\u00fcl. T\u00e1vozzon felejthetetlen \u00e9lm\u00e9nyekkel! Priv\u00e1t spa r\u00e9szleg\u00fcnk k\u00edn\u00e1lat\u00e1ban jacuzzi \u00e1ll rendelkez\u00e9sre a Magas-T\u00e1tra fens\u00e9ges cs\u00facsaira ny\u00edl\u00f3 kil\u00e1t\u00e1ssal, panor\u00e1m\u00e1s \u00fcvegfal\u00fa finn szauna, massz\u00e1zszuhany \u00e9s pihen\u0151z\u00f3n\u00e1k. A legnagyobb el\u0151ny a val\u00f3di priv\u00e1t t\u00e9r, amelyet itt maxim\u00e1lisan \u00e9lvezhet. Haszn\u00e1lja a pezsg\u0151f\u00fcrd\u0151t vagy a szaun\u00e1t kiz\u00e1r\u00f3lag szerettei t\u00e1rsas\u00e1g\u00e1ban.<\/p>\n<p>Legyen sz\u00f3 p\u00e1ros romantik\u00e1r\u00f3l, csal\u00e1di wellnessr\u0151l vagy bar\u00e1ti kikapcsol\u00f3d\u00e1sr\u00f3l, mer\u00fclj\u00f6n el a jacuzzi bubor\u00e9kaiban, pihenjen a forr\u00f3 szaun\u00e1ban, \u00e9s \u00e9lvezze a t\u00e1trai term\u00e9szet k\u00fcl\u00f6nleges atmoszf\u00e9r\u00e1j\u00e1t.<\/p>\n<div class=\"gdc_row\">\n<div class=\"gdc_column gdc_chalf\">\n<div class=\"gdc_inner\">\n<p><img loading=\"lazy\" decoding=\"async\" class=\"alignnone wp-image-3583 size-full\" src=\"https:\/\/www.hotelhills.sk\/wp-content\/uploads\/2025\/03\/Hotel_Hills_800x523_13.jpg\" alt=\"\" width=\"800\" height=\"523\" srcset=\"https:\/\/www.hotelhills.sk\/wp-content\/uploads\/2025\/03\/Hotel_Hills_800x523_13.jpg 800w, https:\/\/www.hotelhills.sk\/wp-content\/uploads\/2025\/03\/Hotel_Hills_800x523_13-300x196.jpg 300w, https:\/\/www.hotelhills.sk\/wp-content\/uploads\/2025\/03\/Hotel_Hills_800x523_13-768x502.jpg 768w\" sizes=\"auto, (max-width: 800px) 100vw, 800px\" \/><\/p>\n<h2>FINN SZAUNA (SZ\u00c1RAZ SZAUNA)<\/h2>\n<p><strong>Az \u00fcvegfal\u00fa finn szaun\u00e1ban elt\u00f6lt\u00f6tt id\u0151 nemcsak felfriss\u00edt \u00e9s energi\u00e1val t\u00f6lt fel, hanem hozz\u00e1j\u00e1rul eg\u00e9szs\u00e9ge er\u0151s\u00edt\u00e9s\u00e9hez is.<\/strong><\/p>\n<p>A finn szauna serkenti a v\u00e9rkering\u00e9st, m\u00e9ly relax\u00e1ci\u00f3t biztos\u00edt, \u00e9s j\u00f3t\u00e9kony hat\u00e1ssal lehet a l\u00e9g\u00fati \u00e9s b\u0151rprobl\u00e9m\u00e1kra. Tiszt\u00edtja a szervezetet, friss\u00edti a testet \u00e9s a lelket, valamint t\u00e1mogatja a testi \u00e9s lelki egyens\u00falyt. A l\u00e9gutak sz\u00e1m\u00e1ra ide\u00e1lis, k\u00f6r\u00fclbel\u00fcl 30%-os p\u00e1ratartalmat a forr\u00f3 k\u00f6vek rendszeres fel\u00f6nt\u00e9s\u00e9vel \u00e9rj\u00fck el. A szaun\u00e1z\u00e1s sor\u00e1n aktiv\u00e1l\u00f3dnak a test h\u0151szab\u00e1lyoz\u00f3 folyamatai, a v\u00e9r a b\u0151r felsz\u00edne alatti erekbe \u00e1ramlik, intenz\u00edv izzad\u00e1s indul, \u00edgy a szervezet megszabadul a m\u00e9reganyagokt\u00f3l, a b\u0151r eg\u00e9szs\u00e9gesebb\u00e9 \u00e9s szebb\u00e9 v\u00e1lik. A szaun\u00e1z\u00e1s fontos r\u00e9sze a leh\u0171l\u00e9si szakasz, amikor a v\u00e9r vissza\u00e1ramlik a test belsej\u00e9be, ami aktiv\u00e1lja az immunrendszert \u00e9s felgyors\u00edtja a regener\u00e1ci\u00f3t.<\/p>\n<ul>\n<li>H\u0151m\u00e9rs\u00e9klet: 90\u2013105 \u00b0C<\/li>\n<li>P\u00e1ratartalom: 10\u201315 %<\/li>\n<li>Aj\u00e1nlott id\u0151: 10\u201315 perc<\/li>\n<li>Hat\u00e1sok: regener\u00e1l\u00f3, relax\u00e1l\u00f3, immuner\u0151s\u00edt\u0151, megf\u00e1z\u00e1s megel\u0151z\u00e9se<\/li>\n<li>Ellenjavallatok: akut betegs\u00e9gek, pajzsmirigy t\u00falm\u0171k\u00f6d\u00e9s, v\u00e9rz\u00e9kenys\u00e9g, vissz\u00e9rgyullad\u00e1s, epilepszia, fert\u0151z\u0151 betegs\u00e9gek, magas v\u00e9rnyom\u00e1s, nem kompenz\u00e1lt cukorbetegs\u00e9g, rosszindulat\u00fa daganatok, nem gy\u00f3gyul\u00f3 b\u0151relv\u00e1ltoz\u00e1sok, akt\u00edv TBC, v\u00e9rz\u00e9ses \u00e1llapotok, pszich\u00e9s betegs\u00e9gek, l\u00e1zas \u00e1llapotok, kiterjedt \u00e9relmeszesed\u00e9s szervi k\u00e1rosod\u00e1ssal, sz\u00edvinfarktus vagy stroke ut\u00e1ni \u00e1llapot orvosi j\u00f3v\u00e1hagy\u00e1s n\u00e9lk\u00fcl, sz\u00edv- \u00e9s \u00e9rrendszeri betegs\u00e9gek szakorvosi konzult\u00e1ci\u00f3 n\u00e9lk\u00fcl, terhess\u00e9g, 70 \u00e9v feletti \u00e9letkor<\/li>\n<\/ul>\n<\/div>\n<\/div>\n<div class=\"gdc_column gdc_chalf\">\n<div class=\"gdc_inner\">\n<p><img loading=\"lazy\" decoding=\"async\" class=\"alignnone size-full wp-image-3587\" src=\"https:\/\/www.hotelhills.sk\/wp-content\/uploads\/2025\/03\/Hotel_Hills_960x650_0081.jpg\" alt=\"\" width=\"960\" height=\"650\" srcset=\"https:\/\/www.hotelhills.sk\/wp-content\/uploads\/2025\/03\/Hotel_Hills_960x650_0081.jpg 960w, https:\/\/www.hotelhills.sk\/wp-content\/uploads\/2025\/03\/Hotel_Hills_960x650_0081-300x203.jpg 300w, https:\/\/www.hotelhills.sk\/wp-content\/uploads\/2025\/03\/Hotel_Hills_960x650_0081-768x520.jpg 768w\" sizes=\"auto, (max-width: 960px) 100vw, 960px\" \/><\/p>\n<h2>JACUZZI<\/h2>\n<p><strong>A wellness \u00e9letst\u00edlus. Felejtse el a stresszt, \u00e9s \u00e9lvezze a priv\u00e1t pihen\u00e9st szeretteivel. A pezsg\u0151f\u00fcrd\u0151 bubor\u00e9kai \u00e1tmassz\u00edrozz\u00e1k az eg\u00e9sz testet, \u00e9s serkentik a nyirokrendszert.<\/strong><\/p>\n<p>Ellaz\u00edtja a testet \u00e9s a lelket, teljes relax\u00e1ci\u00f3t biztos\u00edt, cs\u00f6kkenti a ment\u00e1lis fesz\u00fclts\u00e9get. A forr\u00f3 v\u00edz, a lebeg\u00e9s \u00e9s a hidromassz\u00e1zs kombin\u00e1ci\u00f3ja jav\u00edtja a v\u00e9rkering\u00e9st, enyh\u00edti a f\u00e1jdalmat, laz\u00edtja az izmokat \u00e9s harmoniz\u00e1lja az eg\u00e9sz szervezetet.<\/p>\n<ul>\n<li>A v\u00edz h\u0151m\u00e9rs\u00e9klete: 34\u201336 \u00b0C<\/li>\n<li>M\u00e9lys\u00e9g: 1 m<\/li>\n<li>Kapacit\u00e1s: 5 f\u0151<\/li>\n<li>Hat\u00e1sok: hidromassz\u00e1zs, izomlaz\u00edt\u00e1s, v\u00e9rkering\u00e9s fokoz\u00e1sa, relax\u00e1ci\u00f3<\/li>\n<li>Ellenjavallatok: gennyes b\u0151rbetegs\u00e9gek, gomb\u00e1s fert\u0151z\u00e9sek, fert\u0151z\u0151 betegs\u00e9gek, kering\u00e9si el\u00e9gtelens\u00e9g t\u00fcnetei, epilepszia, akut l\u00e1zas \u00e1llapotok, m\u00e9lyv\u00e9n\u00e1s tromb\u00f3zis ut\u00e1ni \u00e1llapot, rosszindulat\u00fa daganatok, vizelet- \u00e9s sz\u00e9kletinkontinencia, terhess\u00e9g, kr\u00f3nikus betegs\u00e9gek akut fell\u00e1ngol\u00e1sa<\/li>\n<\/ul>\n<\/div>\n<\/div>\n<\/div>\n","protected":false},"excerpt":{"rendered":"<p>\u00c9lje \u00e1t az exkluz\u00edv romantik\u00e1t \u00e9s a t\u00f6k\u00e9letes pihen\u00e9st priv\u00e1t z\u00f3n\u00e1nkban, ahol olyan intim hangulat v\u00e1rja, amit m\u00e1shol csak nehezen tal\u00e1l. Aj\u00e1nd\u00e9kozza meg mag\u00e1t olyan pillanatokkal, amelyek csak \u00d6n\u00f6kr\u0151l sz\u00f3lnak, \u00e9s \u00e9lvezze a k\u00e9nyeztet\u00e9st teljes nyugalomban. Foglalja le priv\u00e1t z\u00f3n\u00e1nkat, \u00e9s v\u00e1lasszon romantikus spa csomagjaink k\u00f6z\u00fcl. T\u00e1vozzon felejthetetlen \u00e9lm\u00e9nyekkel! Priv\u00e1t spa r\u00e9szleg\u00fcnk k\u00edn\u00e1lat\u00e1ban jacuzzi \u00e1ll&#8230;<\/p>\n","protected":false},"author":1,"featured_media":0,"parent":5806,"menu_order":29,"comment_status":"closed","ping_status":"closed","template":"","meta":{"footnotes":""},"class_list":["post-5804","page","type-page","status-publish","hentry"],"acf":[],"aioseo_notices":[],"_links":{"self":[{"href":"https:\/\/www.hotelhills.sk\/hu\/wp-json\/wp\/v2\/pages\/5804","targetHints":{"allow":["GET"]}}],"collection":[{"href":"https:\/\/www.hotelhills.sk\/hu\/wp-json\/wp\/v2\/pages"}],"about":[{"href":"https:\/\/www.hotelhills.sk\/hu\/wp-json\/wp\/v2\/types\/page"}],"author":[{"embeddable":true,"href":"https:\/\/www.hotelhills.sk\/hu\/wp-json\/wp\/v2\/users\/1"}],"replies":[{"embeddable":true,"href":"https:\/\/www.hotelhills.sk\/hu\/wp-json\/wp\/v2\/comments?post=5804"}],"version-history":[{"count":3,"href":"https:\/\/www.hotelhills.sk\/hu\/wp-json\/wp\/v2\/pages\/5804\/revisions"}],"predecessor-version":[{"id":5852,"href":"https:\/\/www.hotelhills.sk\/hu\/wp-json\/wp\/v2\/pages\/5804\/revisions\/5852"}],"up":[{"embeddable":true,"href":"https:\/\/www.hotelhills.sk\/hu\/wp-json\/wp\/v2\/pages\/5806"}],"wp:attachment":[{"href":"https:\/\/www.hotelhills.sk\/hu\/wp-json\/wp\/v2\/media?parent=5804"}],"curies":[{"name":"wp","href":"https:\/\/api.w.org\/{rel}","templated":true}]}}