{"id":5794,"date":"2020-10-16T10:26:58","date_gmt":"2020-10-16T08:26:58","guid":{"rendered":"https:\/\/www.hotelhills.sk\/cyklistika\/"},"modified":"2026-01-13T10:06:50","modified_gmt":"2026-01-13T09:06:50","slug":"cyklistika","status":"publish","type":"page","link":"https:\/\/www.hotelhills.sk\/hu\/sluzby\/cyklistika\/","title":{"rendered":"Ker\u00e9kp\u00e1roz\u00e1s"},"content":{"rendered":"<p>A Hotel Hillsben eg\u00e9sz \u00e9vben kiv\u00e1l\u00f3 sz\u00f3rakoz\u00e1s v\u00e1rja \u00d6nt. A sportol\u00e1si lehet\u0151s\u00e9gek szolg\u00e1ltat\u00e1saink elv\u00e1laszthatatlan r\u00e9sz\u00e9t k\u00e9pezik. A ker\u00e9kp\u00e1roz\u00e1s szerelmeseinek a Magas-T\u00e1tra sz\u00e1mos ker\u00e9kp\u00e1r\u00fatvonalat k\u00edn\u00e1l. V\u00e1laszthat k\u00f6nnyebb, rekre\u00e1ci\u00f3s t\u00far\u00e1k vagy technikailag \u00e9s szintk\u00fcl\u00f6nbs\u00e9gben is ig\u00e9nyesebb \u00fatvonalak k\u00f6z\u00fcl.<\/p>\n<p><img loading=\"lazy\" decoding=\"async\" class=\"alignnone size-full wp-image-3828\" src=\"https:\/\/www.hotelhills.sk\/wp-content\/uploads\/2025\/03\/Hotel_Hills_07_2022_49-1920x1080-1.jpg\" alt=\"\" width=\"1920\" height=\"1080\" srcset=\"https:\/\/www.hotelhills.sk\/wp-content\/uploads\/2025\/03\/Hotel_Hills_07_2022_49-1920x1080-1.jpg 1920w, https:\/\/www.hotelhills.sk\/wp-content\/uploads\/2025\/03\/Hotel_Hills_07_2022_49-1920x1080-1-300x169.jpg 300w, https:\/\/www.hotelhills.sk\/wp-content\/uploads\/2025\/03\/Hotel_Hills_07_2022_49-1920x1080-1-1600x900.jpg 1600w, https:\/\/www.hotelhills.sk\/wp-content\/uploads\/2025\/03\/Hotel_Hills_07_2022_49-1920x1080-1-768x432.jpg 768w, https:\/\/www.hotelhills.sk\/wp-content\/uploads\/2025\/03\/Hotel_Hills_07_2022_49-1920x1080-1-1536x864.jpg 1536w\" sizes=\"auto, (max-width: 1920px) 100vw, 1920px\" \/><\/p>\n<h2>KER\u00c9KP\u00c1ROZ\u00c1S \u00c9S KER\u00c9KP\u00c1RK\u00d6LCS\u00d6NZ\u00c9S<\/h2>\n<p>A k\u00f6rny\u00e9k felfedez\u00e9s\u00e9t kedvel\u0151, ker\u00e9kp\u00e1roz\u00e1st szeret\u0151 vend\u00e9geink sz\u00e1m\u00e1ra f\u00e9rfi \u00e9s n\u0151i ker\u00e9kp\u00e1rok k\u00f6lcs\u00f6nz\u00e9s\u00e9t biztos\u00edtjuk. A Magas-T\u00e1tr\u00e1ban sz\u00e1mtalan ker\u00e9kp\u00e1r\u00fat tal\u00e1lhat\u00f3. A legig\u00e9nyesebb, ugyanakkor a legszebb panor\u00e1m\u00e1t ny\u00fajt\u00f3 \u00fatvonalak k\u00f6z\u00e9 tartoznak a Z\u00f6ld-tavi mened\u00e9kh\u00e1zhoz, a Tarajk\u00e1ra, a Szil\u00e9ziai-h\u00e1zhoz vagy a Popr\u00e1di-t\u00f3hoz vezet\u0151 ker\u00e9kp\u00e1rutak.<\/p>\n<p>A Magas-T\u00e1tra r\u00e9gi\u00f3ja mintegy 300 km jel\u00f6lt ker\u00e9kp\u00e1r\u00fatvonalat k\u00edn\u00e1l. V\u00e1lassza ki az \u00d6nnek legmegfelel\u0151bb ker\u00e9kp\u00e1rt\u00far\u00e1t.<\/p>\n<div class=\"button-wrap text-center\"><a class=\"button button--inverse\" href=\"https:\/\/regiontatry.sk\/cyklistika\/cyklotrasy\/\">Tudjon meg t\u00f6bbet<\/a><\/div>\n<p>&nbsp;<\/p>\n","protected":false},"excerpt":{"rendered":"<p>A Hotel Hillsben eg\u00e9sz \u00e9vben kiv\u00e1l\u00f3 sz\u00f3rakoz\u00e1s v\u00e1rja \u00d6nt. A sportol\u00e1si lehet\u0151s\u00e9gek szolg\u00e1ltat\u00e1saink elv\u00e1laszthatatlan r\u00e9sz\u00e9t k\u00e9pezik. A ker\u00e9kp\u00e1roz\u00e1s szerelmeseinek a Magas-T\u00e1tra sz\u00e1mos ker\u00e9kp\u00e1r\u00fatvonalat k\u00edn\u00e1l. V\u00e1laszthat k\u00f6nnyebb, rekre\u00e1ci\u00f3s t\u00far\u00e1k vagy technikailag \u00e9s szintk\u00fcl\u00f6nbs\u00e9gben is ig\u00e9nyesebb \u00fatvonalak k\u00f6z\u00fcl. KER\u00c9KP\u00c1ROZ\u00c1S \u00c9S KER\u00c9KP\u00c1RK\u00d6LCS\u00d6NZ\u00c9S A k\u00f6rny\u00e9k felfedez\u00e9s\u00e9t kedvel\u0151, ker\u00e9kp\u00e1roz\u00e1st szeret\u0151 vend\u00e9geink sz\u00e1m\u00e1ra f\u00e9rfi \u00e9s n\u0151i ker\u00e9kp\u00e1rok k\u00f6lcs\u00f6nz\u00e9s\u00e9t biztos\u00edtjuk. A Magas-T\u00e1tr\u00e1ban&#8230;<\/p>\n","protected":false},"author":1,"featured_media":0,"parent":5801,"menu_order":42,"comment_status":"closed","ping_status":"closed","template":"","meta":{"footnotes":""},"class_list":["post-5794","page","type-page","status-publish","hentry"],"acf":[],"aioseo_notices":[],"_links":{"self":[{"href":"https:\/\/www.hotelhills.sk\/hu\/wp-json\/wp\/v2\/pages\/5794","targetHints":{"allow":["GET"]}}],"collection":[{"href":"https:\/\/www.hotelhills.sk\/hu\/wp-json\/wp\/v2\/pages"}],"about":[{"href":"https:\/\/www.hotelhills.sk\/hu\/wp-json\/wp\/v2\/types\/page"}],"author":[{"embeddable":true,"href":"https:\/\/www.hotelhills.sk\/hu\/wp-json\/wp\/v2\/users\/1"}],"replies":[{"embeddable":true,"href":"https:\/\/www.hotelhills.sk\/hu\/wp-json\/wp\/v2\/comments?post=5794"}],"version-history":[{"count":2,"href":"https:\/\/www.hotelhills.sk\/hu\/wp-json\/wp\/v2\/pages\/5794\/revisions"}],"predecessor-version":[{"id":5871,"href":"https:\/\/www.hotelhills.sk\/hu\/wp-json\/wp\/v2\/pages\/5794\/revisions\/5871"}],"up":[{"embeddable":true,"href":"https:\/\/www.hotelhills.sk\/hu\/wp-json\/wp\/v2\/pages\/5801"}],"wp:attachment":[{"href":"https:\/\/www.hotelhills.sk\/hu\/wp-json\/wp\/v2\/media?parent=5794"}],"curies":[{"name":"wp","href":"https:\/\/api.w.org\/{rel}","templated":true}]}}