{"id":5137,"date":"2020-11-02T14:20:19","date_gmt":"2020-11-02T13:20:19","guid":{"rendered":"https:\/\/www.hotelhills.sk\/o-hoteli\/recenzie-hosti\/"},"modified":"2026-01-22T09:52:44","modified_gmt":"2026-01-22T08:52:44","slug":"recenzie-hosti","status":"publish","type":"page","link":"https:\/\/www.hotelhills.sk\/hu\/o-hoteli\/recenzie-hosti\/","title":{"rendered":"Vend\u00e9g\u00e9rt\u00e9kel\u00e9sek"},"content":{"rendered":"","protected":false},"excerpt":{"rendered":"","protected":false},"author":1,"featured_media":5138,"parent":5135,"menu_order":46,"comment_status":"closed","ping_status":"closed","template":"template-recenze.php","meta":{"footnotes":""},"class_list":["post-5137","page","type-page","status-publish","has-post-thumbnail","hentry"],"acf":[],"aioseo_notices":[],"_links":{"self":[{"href":"https:\/\/www.hotelhills.sk\/hu\/wp-json\/wp\/v2\/pages\/5137","targetHints":{"allow":["GET"]}}],"collection":[{"href":"https:\/\/www.hotelhills.sk\/hu\/wp-json\/wp\/v2\/pages"}],"about":[{"href":"https:\/\/www.hotelhills.sk\/hu\/wp-json\/wp\/v2\/types\/page"}],"author":[{"embeddable":true,"href":"https:\/\/www.hotelhills.sk\/hu\/wp-json\/wp\/v2\/users\/1"}],"replies":[{"embeddable":true,"href":"https:\/\/www.hotelhills.sk\/hu\/wp-json\/wp\/v2\/comments?post=5137"}],"version-history":[{"count":1,"href":"https:\/\/www.hotelhills.sk\/hu\/wp-json\/wp\/v2\/pages\/5137\/revisions"}],"predecessor-version":[{"id":5907,"href":"https:\/\/www.hotelhills.sk\/hu\/wp-json\/wp\/v2\/pages\/5137\/revisions\/5907"}],"up":[{"embeddable":true,"href":"https:\/\/www.hotelhills.sk\/hu\/wp-json\/wp\/v2\/pages\/5135"}],"wp:featuredmedia":[{"embeddable":true,"href":"https:\/\/www.hotelhills.sk\/hu\/wp-json\/wp\/v2\/media\/5138"}],"wp:attachment":[{"href":"https:\/\/www.hotelhills.sk\/hu\/wp-json\/wp\/v2\/media?parent=5137"}],"curies":[{"name":"wp","href":"https:\/\/api.w.org\/{rel}","templated":true}]}}