{"id":3090,"date":"2020-04-22T11:07:06","date_gmt":"2020-04-22T09:07:06","guid":{"rendered":"https:\/\/www.hotelhills.sk\/galeria\/"},"modified":"2025-03-20T08:38:33","modified_gmt":"2025-03-20T07:38:33","slug":"gallery","status":"publish","type":"page","link":"https:\/\/www.hotelhills.sk\/en\/gallery\/","title":{"rendered":"Gallery"},"content":{"rendered":"<p style=\"text-align: center;\">Prohl\u00e9dn\u011bte si n\u00e1\u0161 hotel.<\/p>\n","protected":false},"excerpt":{"rendered":"<p>Prohl\u00e9dn\u011bte si n\u00e1\u0161 hotel.<\/p>\n","protected":false},"author":1,"featured_media":0,"parent":0,"menu_order":31,"comment_status":"closed","ping_status":"closed","template":"template-gallery.php","meta":{"footnotes":""},"class_list":["post-3090","page","type-page","status-publish","hentry"],"acf":[],"aioseo_notices":[],"_links":{"self":[{"href":"https:\/\/www.hotelhills.sk\/en\/wp-json\/wp\/v2\/pages\/3090","targetHints":{"allow":["GET"]}}],"collection":[{"href":"https:\/\/www.hotelhills.sk\/en\/wp-json\/wp\/v2\/pages"}],"about":[{"href":"https:\/\/www.hotelhills.sk\/en\/wp-json\/wp\/v2\/types\/page"}],"author":[{"embeddable":true,"href":"https:\/\/www.hotelhills.sk\/en\/wp-json\/wp\/v2\/users\/1"}],"replies":[{"embeddable":true,"href":"https:\/\/www.hotelhills.sk\/en\/wp-json\/wp\/v2\/comments?post=3090"}],"version-history":[{"count":4,"href":"https:\/\/www.hotelhills.sk\/en\/wp-json\/wp\/v2\/pages\/3090\/revisions"}],"predecessor-version":[{"id":4333,"href":"https:\/\/www.hotelhills.sk\/en\/wp-json\/wp\/v2\/pages\/3090\/revisions\/4333"}],"wp:attachment":[{"href":"https:\/\/www.hotelhills.sk\/en\/wp-json\/wp\/v2\/media?parent=3090"}],"curies":[{"name":"wp","href":"https:\/\/api.w.org\/{rel}","templated":true}]}}