{"id":2982,"date":"2020-11-02T14:58:58","date_gmt":"2020-11-02T13:58:58","guid":{"rendered":"https:\/\/www.hotelhills.sk\/events\/svadby\/"},"modified":"2026-02-23T08:46:44","modified_gmt":"2026-02-23T07:46:44","slug":"weddings","status":"publish","type":"page","link":"https:\/\/www.hotelhills.sk\/en\/events\/weddings\/","title":{"rendered":"Weddings"},"content":{"rendered":"<h2>WEDDINGS<\/h2>\n<style type=\"text\/css\">\n\t\t\t#gallery-1 {\n\t\t\t\tmargin: auto;\n\t\t\t}\n\t\t\t#gallery-1 .gallery-item {\n\t\t\t\tfloat: left;\n\t\t\t\tmargin-top: 10px;\n\t\t\t\ttext-align: center;\n\t\t\t\twidth: 33%;\n\t\t\t}\n\t\t\t#gallery-1 img {\n\t\t\t\tborder: 2px solid #cfcfcf;\n\t\t\t}\n\t\t\t#gallery-1 .gallery-caption {\n\t\t\t\tmargin-left: 0;\n\t\t\t}\n\t\t\t\/* see gallery_shortcode() in wp-includes\/media.php *\/\n\t\t<\/style>\n<div id='gallery-1' class='gallery galleryid-2982 gallery-columns-3 gallery-size-thumbnail'>\n<dl class='gallery-item'>\n<dt class='gallery-icon landscape'>\n\t\t\t\t<a href='https:\/\/www.hotelhills.sk\/wp-content\/uploads\/2025\/03\/Horizont_Resort_1000x650_29-1.jpg' title=\"\" data-rl_title=\"\" class=\"rl-gallery-link\" data-rl_caption=\"\" data-rel=\"lightbox-gallery-1\"><img loading=\"lazy\" decoding=\"async\" width=\"800\" height=\"650\" src=\"https:\/\/www.hotelhills.sk\/wp-content\/uploads\/2025\/03\/Horizont_Resort_1000x650_29-1-800x650.jpg\" class=\"attachment-thumbnail size-thumbnail\" alt=\"\" \/><\/a>\n\t\t\t<\/dt>\n<\/dl>\n<dl class='gallery-item'>\n<dt class='gallery-icon landscape'>\n\t\t\t\t<a href='https:\/\/www.hotelhills.sk\/wp-content\/uploads\/2025\/03\/Hotel_Hills_1000x650.png' title=\"\" data-rl_title=\"\" class=\"rl-gallery-link\" data-rl_caption=\"\" data-rel=\"lightbox-gallery-1\"><img loading=\"lazy\" decoding=\"async\" width=\"800\" height=\"650\" src=\"https:\/\/www.hotelhills.sk\/wp-content\/uploads\/2025\/03\/Hotel_Hills_1000x650-800x650.png\" class=\"attachment-thumbnail size-thumbnail\" alt=\"\" \/><\/a>\n\t\t\t<\/dt>\n<\/dl>\n<dl class='gallery-item'>\n<dt class='gallery-icon landscape'>\n\t\t\t\t<a href='https:\/\/www.hotelhills.sk\/wp-content\/uploads\/2025\/03\/Hotel_Hills_1000x650_1.jpg' title=\"\" data-rl_title=\"\" class=\"rl-gallery-link\" data-rl_caption=\"\" data-rel=\"lightbox-gallery-1\"><img loading=\"lazy\" decoding=\"async\" width=\"800\" height=\"650\" src=\"https:\/\/www.hotelhills.sk\/wp-content\/uploads\/2025\/03\/Hotel_Hills_1000x650_1-800x650.jpg\" class=\"attachment-thumbnail size-thumbnail\" alt=\"\" \/><\/a>\n\t\t\t<\/dt>\n<\/dl>\n<p><br style=\"clear: both\" \/>\n\t\t<\/div>\n<div class=\"button-wrap text-center\"><a class=\"button button--inverse\" href=\"\/wp-content\/uploads\/2025\/03\/Svadobna_ponuka_2024_mail-1-1.pdf\">SVADOBN\u00c1 PONUKA na stiahnutie<\/a><\/div>\n<h2>Are you planning your dream wedding?<\/h2>\n<p>Are you planning your dream wedding and looking for the ideal venue at an affordable price? Do you long for a unique and unforgettable day that you will remember for the rest of your life? Start your journey together at the Hills Hotel ****.<\/p>\n<p>It doesn\u2019t matter whether you imagine an intimate wedding in a narrow circle or a grand celebration, a traditional ceremony or a luxurious event \u2013 \u200b\u200bcontact us and we will take care of the perfect wedding day. Your wedding will become the most romantic moment of your life.<\/p>\n<p>We offer elegant and stylish spaces with modern equipment that will give your wedding an exclusive atmosphere. Thanks to our many years of experience in organizing weddings in our partner hotels, we can help you with any request. We cooperate with renowned wedding agencies and follow current trends. In addition to beautiful spaces, we will also prepare an excellent wedding menu for you in cooperation with our chef.<\/p>\n<div class=\"line\"><\/div>\n<h3>WEDDING VENUES<\/h3>\n<ul>\n<li>Congress Hall + Ballroom + Winter Garden<\/li>\n<li>Business Lounge<\/li>\n<li>Exterior of the Hills Hotel &#8211; wedding ceremony<\/li>\n<\/ul>\n<h3>BASIC INFORMATION<\/h3>\n<ul>\n<li>wedding premises with the most modern equipment<\/li>\n<li>During the wedding, guests are allowed to enjoy their own desserts and cakes. If interested, we can provide them for you.<\/li>\n<li>when using your own alcohol, wine and soft drinks, a corkage fee is charged (the corkage fee includes cooling the bottle, handling wine and alcohol, waiter services, use and washing of inventory)<\/li>\n<li>the price of renting the hall includes basic sound system, audio specialist, table rental, basic table setting (white tablecloths and white napkins)<\/li>\n<li>the hall is available 1 day in advance for wedding preparation (subject to availability)<\/li>\n<li>discounted prices on alcoholic and non-alcoholic beverages, wines and spirits<\/li>\n<li>discounted accommodation prices (the price of accommodation includes breakfast in the form of buffet tables, unlimited access to the Wellness Center, parking, wifi connection)<\/li>\n<li>free parking for guests<\/li>\n<\/ul>\n<h3>BONUS FOR NEWLY WEDDED COUPLES<\/h3>\n<ul>\n<li>room for newlyweds during the wedding day and on the wedding night<\/li>\n<li>breakfast in the room and sparkling wine in the room<\/li>\n<li>unlimited access to the Wellness Center (swimming pool with water bar and jacuzzi, saunas \u2013 salt, Finnish, steam, infrared, relaxation room with massage bed and jacuzzi, relaxation room with waterfall, cooling pool)<\/li>\n<li>photoshoot in the exterior and interior of the hotel<\/li>\n<li>Late check out until 12:00 PM<\/li>\n<li>PRIVATE SPA gift voucher (entry to the private zone at the Hills Hotel ****)<\/li>\n<\/ul>\n<h3>IF YOU ARE INTERESTED, WE CAN PROVIDE YOU WITH ADDITIONAL SERVICES<\/h3>\n<ul>\n<li>photo booth \u2013 entertainment, props, photo printing and instant photo sending by email<\/li>\n<li>bus transportation<\/li>\n<li>children&#8217;s corner with animation program during the wedding<\/li>\n<li>wedding program \u2013 live music, DJ, uncorking, bartender \u2013 mixed drinks, photographer services, cameraman services, wedding fireworks, wine, cognac or cigar tasting<\/li>\n<li>decorative curtains and decorative lighting<\/li>\n<li>complete hall decoration and flower decoration in cooperation with the wedding agency<\/li>\n<\/ul>\n<div class=\"line\"><\/div>\n<h2>Interested?<\/h2>\n<p>Contact us via the contact form below or write to us at <a href=\"mailto:recepcia@hotelhills.sk\">recepcia@hotelhills.sk<\/a><\/p>\n<div class=\"wpcf7 no-js\" id=\"wpcf7-f113-o1\" lang=\"cs-CZ\" dir=\"ltr\" data-wpcf7-id=\"113\">\n<div class=\"screen-reader-response\">\n<p role=\"status\" aria-live=\"polite\" aria-atomic=\"true\">\n<ul><\/ul>\n<\/div>\n<form action=\"\/en\/wp-json\/wp\/v2\/pages\/2982#wpcf7-f113-o1\" method=\"post\" class=\"wpcf7-form init wpcf7-acceptance-as-validation\" aria-label=\"Kontaktn\u00ed formul\u00e1\u0159\" novalidate=\"novalidate\" data-status=\"init\">\n<fieldset class=\"hidden-fields-container\"><input type=\"hidden\" name=\"_wpcf7\" value=\"113\" \/><input type=\"hidden\" name=\"_wpcf7_version\" value=\"6.1.5\" \/><input type=\"hidden\" name=\"_wpcf7_locale\" value=\"cs_CZ\" \/><input type=\"hidden\" name=\"_wpcf7_unit_tag\" value=\"wpcf7-f113-o1\" \/><input type=\"hidden\" name=\"_wpcf7_container_post\" value=\"0\" \/><input type=\"hidden\" name=\"_wpcf7_posted_data_hash\" value=\"\" \/><br \/>\n<\/fieldset>\n<p><span class=\"wpcf7-form-control-wrap\" data-name=\"jmeno\"><input size=\"40\" maxlength=\"400\" class=\"wpcf7-form-control wpcf7-text wpcf7-validates-as-required\" aria-required=\"true\" aria-invalid=\"false\" placeholder=\"Meno a priezvisko *\" value=\"\" type=\"text\" name=\"jmeno\" \/><\/span><br \/>\n<span class=\"wpcf7-form-control-wrap\" data-name=\"email\"><input size=\"40\" maxlength=\"400\" class=\"wpcf7-form-control wpcf7-email wpcf7-validates-as-required wpcf7-text wpcf7-validates-as-email\" aria-required=\"true\" aria-invalid=\"false\" placeholder=\"Email *\" value=\"\" type=\"email\" name=\"email\" \/><\/span><br \/>\n<span class=\"wpcf7-form-control-wrap\" data-name=\"predmet\"><input size=\"40\" maxlength=\"400\" class=\"wpcf7-form-control wpcf7-text wpcf7-validates-as-required\" aria-required=\"true\" aria-invalid=\"false\" placeholder=\"Predmet *\" value=\"\" type=\"text\" name=\"predmet\" \/><\/span><br \/>\n<span class=\"wpcf7-form-control-wrap\" data-name=\"zprava\"><textarea cols=\"40\" rows=\"10\" maxlength=\"2000\" class=\"wpcf7-form-control wpcf7-textarea wpcf7-validates-as-required\" aria-required=\"true\" aria-invalid=\"false\" placeholder=\"Spr\u00e1va *\" name=\"zprava\"><\/textarea><\/span><br \/>\n<span class=\"wpcf7-form-control-wrap\" data-name=\"acceptance-539\"><span class=\"wpcf7-form-control wpcf7-acceptance\"><span class=\"wpcf7-list-item\"><label><input type=\"checkbox\" name=\"acceptance-539\" value=\"1\" aria-invalid=\"false\" \/><span class=\"wpcf7-list-item-label\">S\u00fahlas\u00edm so <a target=\"_blank\" href=\"\/ochrana-osobnych-udajov\/\">spracovan\u00edm osobn\u00fdch \u00fadajov<\/a><\/span><\/label><\/span><\/span><\/span><br \/>\n<input class=\"wpcf7-form-control wpcf7-submit has-spinner\" type=\"submit\" value=\"Odosla\u0165 spr\u00e1vu\" \/>\n<\/p>\n<div class=\"wpcf7-response-output\" aria-hidden=\"true\"><\/div>\n<\/form>\n<\/div>\n","protected":false},"excerpt":{"rendered":"<p>WEDDINGS Are you planning your dream wedding? Are you planning your dream wedding and looking for the ideal venue at an affordable price? Do you long for a unique and unforgettable day that you will remember for the rest of your life? Start your journey together at the Hills Hotel ****. It doesn\u2019t matter whether&#8230;<\/p>\n","protected":false},"author":1,"featured_media":0,"parent":2971,"menu_order":8,"comment_status":"closed","ping_status":"closed","template":"","meta":{"footnotes":""},"class_list":["post-2982","page","type-page","status-publish","hentry"],"acf":[],"aioseo_notices":[],"_links":{"self":[{"href":"https:\/\/www.hotelhills.sk\/en\/wp-json\/wp\/v2\/pages\/2982","targetHints":{"allow":["GET"]}}],"collection":[{"href":"https:\/\/www.hotelhills.sk\/en\/wp-json\/wp\/v2\/pages"}],"about":[{"href":"https:\/\/www.hotelhills.sk\/en\/wp-json\/wp\/v2\/types\/page"}],"author":[{"embeddable":true,"href":"https:\/\/www.hotelhills.sk\/en\/wp-json\/wp\/v2\/users\/1"}],"replies":[{"embeddable":true,"href":"https:\/\/www.hotelhills.sk\/en\/wp-json\/wp\/v2\/comments?post=2982"}],"version-history":[{"count":5,"href":"https:\/\/www.hotelhills.sk\/en\/wp-json\/wp\/v2\/pages\/2982\/revisions"}],"predecessor-version":[{"id":5991,"href":"https:\/\/www.hotelhills.sk\/en\/wp-json\/wp\/v2\/pages\/2982\/revisions\/5991"}],"up":[{"embeddable":true,"href":"https:\/\/www.hotelhills.sk\/en\/wp-json\/wp\/v2\/pages\/2971"}],"wp:attachment":[{"href":"https:\/\/www.hotelhills.sk\/en\/wp-json\/wp\/v2\/media?parent=2982"}],"curies":[{"name":"wp","href":"https:\/\/api.w.org\/{rel}","templated":true}]}}