{"id":2924,"date":"2020-04-22T11:04:32","date_gmt":"2020-04-22T09:04:32","guid":{"rendered":"https:\/\/www.hotelhills.sk\/o-hoteli\/"},"modified":"2025-03-24T14:51:58","modified_gmt":"2025-03-24T13:51:58","slug":"about-hotel","status":"publish","type":"page","link":"https:\/\/www.hotelhills.sk\/en\/about-hotel\/","title":{"rendered":"About hotel"},"content":{"rendered":"<div class=\"gdc_row\">\n<div class=\"gdc_column gdc_cthird\">\n<div class=\"gdc_inner\">\n<p><img loading=\"lazy\" decoding=\"async\" class=\"alignnone size-full wp-image-3403\" src=\"https:\/\/www.hotelhills.sk\/wp-content\/uploads\/2025\/03\/Hotel_Hills_1000x650_0003.jpg\" alt=\"\" width=\"1000\" height=\"650\" srcset=\"https:\/\/www.hotelhills.sk\/wp-content\/uploads\/2025\/03\/Hotel_Hills_1000x650_0003.jpg 1000w, https:\/\/www.hotelhills.sk\/wp-content\/uploads\/2025\/03\/Hotel_Hills_1000x650_0003-300x195.jpg 300w, https:\/\/www.hotelhills.sk\/wp-content\/uploads\/2025\/03\/Hotel_Hills_1000x650_0003-768x499.jpg 768w\" sizes=\"auto, (max-width: 1000px) 100vw, 1000px\" \/><\/p>\n<\/div>\n<\/div>\n<div class=\"gdc_column gdc_ctwo-thirds\">\n<div class=\"gdc_inner\">\n<h2>Welcome to the Hills Hotel ****<\/h2>\n<p>Dear guests, we warmly welcome you to our exceptional Hills Hotel ****, which is an ideal place for your relaxation, fun and unforgettable experiences.<\/p>\n<p>The newly opened, superiorly equipped hotel is located in the heart of the beautiful High Tatras, where natural beauty combines with modern luxury. Our offer is designed for everyone &#8211; from families with children, through couples to demanding business clients who are looking for not only comfort, but also professional facilities.<\/p>\n<p>The hotel is equipped with comfortable rooms, which are furnished in a modern and natural style, offering maximum comfort. Our wellness area invites you to relax in thermal pools, saunas and jacuzzis with stunning views of the surrounding mountains. The outdoor wellness center with mountain lakes and whirlpools will allow you to enjoy the Tatra nature in maximum comfort.<\/p>\n<p>We offer our guests excellent gastronomy using fresh, local products, specially prepared by our chefs. Enjoy dishes that reflect the beauty of Tatra cuisine in the pleasant atmosphere of our restaurants.<\/p>\n<p>For corporate events, conferences, weddings and various events, we have modern conference rooms available, designed to meet the latest trends and requirements. Our hotel is an ideal place for organizing teambuilding activities, professional seminars or celebrations and weddings that guests will remember for many years to come.<\/p>\n<p>It doesn&#8217;t matter whether you are looking for a peaceful escape into nature, an activity in the fresh air or a quality setting for your corporate event. At the Hills Hotel ****, we will take care of all the details so that you feel at home and leave with unforgettable experiences.<\/p>\n<p>We look forward to your visit and believe that you will feel exceptional with us.<\/p>\n<\/div>\n<\/div>\n<\/div>\n<div class=\"line\"><\/div>\n<div class=\"gdc_row\">\n<div class=\"gdc_column gdc_cthird\">\n<div class=\"gdc_inner\">\n<p><strong>Modern and comfortable<\/strong><\/p>\n<h2>ACCOMMODATION AT HOTEL HILLS<\/h2>\n<p>Hotel Hills offers accommodation in 69 rooms of different categories. Standard, Lux, Honeymoon, Maisonette apartments or Hills apartments. The total capacity of the hotel is 138 fixed beds, 66 folding beds and 26 extra beds, for a total of 230 people.<\/p>\n<\/div>\n<\/div>\n<div class=\"gdc_column gdc_cthird\">\n<div class=\"gdc_inner\">\n<p><strong>Exceptional and professional<\/strong><\/p>\n<h2>RELAXATION &amp; WELLNESS SERVICES<\/h2>\n<p>Natural indoor and outdoor Nature wellness center with many attractions, exclusive Vip Star Lounge zone, classic relaxation massages and various types of treatments. We will be happy to provide you with an even wider range of wellness services in our other hotels.<\/p>\n<\/div>\n<\/div>\n<div class=\"gdc_column gdc_cthird\">\n<div class=\"gdc_inner\">\n<p><strong>Above-standard corporate<\/strong><\/p>\n<h2>EVENTS AND ACTIONS<\/h2>\n<p>A wide range of conference facilities is adapted to the latest trends and requirements in the field of events, trainings, congresses, weddings, teambuildings and corporate events. In business, we have a clear goal &#8211; satisfied clients.<\/p>\n<\/div>\n<\/div>\n<\/div>\n<div class=\"line\"><\/div>\n<div class=\"gdc_row\">\n<div class=\"gdc_column gdc_cthird\">\n<div class=\"gdc_inner\">\n<p><img loading=\"lazy\" decoding=\"async\" class=\"alignnone size-full wp-image-3356\" src=\"https:\/\/www.hotelhills.sk\/wp-content\/uploads\/2025\/03\/Hotel_Hills_1000x650_11.jpeg\" alt=\"\" width=\"1000\" height=\"650\" srcset=\"https:\/\/www.hotelhills.sk\/wp-content\/uploads\/2025\/03\/Hotel_Hills_1000x650_11.jpeg 1000w, https:\/\/www.hotelhills.sk\/wp-content\/uploads\/2025\/03\/Hotel_Hills_1000x650_11-300x195.jpeg 300w, https:\/\/www.hotelhills.sk\/wp-content\/uploads\/2025\/03\/Hotel_Hills_1000x650_11-768x499.jpeg 768w\" sizes=\"auto, (max-width: 1000px) 100vw, 1000px\" \/><\/p>\n<\/div>\n<\/div>\n<div class=\"gdc_column gdc_ctwo-thirds\">\n<div class=\"gdc_inner\">\n<p><strong>Who we are<\/strong><\/p>\n<h2>Our story<\/h2>\n<p>The name of the hotel HILLS **** \u2013 describes not only the atmosphere, but also the place where it is located.<\/p>\n<p>The location of the hotel, its architecture and overall design are closely connected with the surrounding nature. Hotel Hills **** in Star\u00e1 Lesn\u00e1 combines the power of Tatra nature with a perfect experience.<\/p>\n<p>It is located in a beautiful and quiet environment in the Star\u00e1 Lesn\u00e1 part directly below the Lomnick\u00fd Peak.<\/p>\n<p>Since 2019, the hotel has undergone a significant complete renovation to rank it among the TOP hotels not only in the High Tatras but also in Slovakia.<\/p>\n<p>We are happy to be able to welcome you to our hotel and provide you with the best services.<\/p>\n<\/div>\n<\/div>\n<\/div>\n","protected":false},"excerpt":{"rendered":"","protected":false},"author":1,"featured_media":0,"parent":0,"menu_order":45,"comment_status":"closed","ping_status":"closed","template":"","meta":{"footnotes":""},"class_list":["post-2924","page","type-page","status-publish","hentry"],"acf":[],"aioseo_notices":[],"_links":{"self":[{"href":"https:\/\/www.hotelhills.sk\/en\/wp-json\/wp\/v2\/pages\/2924","targetHints":{"allow":["GET"]}}],"collection":[{"href":"https:\/\/www.hotelhills.sk\/en\/wp-json\/wp\/v2\/pages"}],"about":[{"href":"https:\/\/www.hotelhills.sk\/en\/wp-json\/wp\/v2\/types\/page"}],"author":[{"embeddable":true,"href":"https:\/\/www.hotelhills.sk\/en\/wp-json\/wp\/v2\/users\/1"}],"replies":[{"embeddable":true,"href":"https:\/\/www.hotelhills.sk\/en\/wp-json\/wp\/v2\/comments?post=2924"}],"version-history":[{"count":4,"href":"https:\/\/www.hotelhills.sk\/en\/wp-json\/wp\/v2\/pages\/2924\/revisions"}],"predecessor-version":[{"id":4482,"href":"https:\/\/www.hotelhills.sk\/en\/wp-json\/wp\/v2\/pages\/2924\/revisions\/4482"}],"wp:attachment":[{"href":"https:\/\/www.hotelhills.sk\/en\/wp-json\/wp\/v2\/media?parent=2924"}],"curies":[{"name":"wp","href":"https:\/\/api.w.org\/{rel}","templated":true}]}}