{"id":501,"date":"2020-10-16T10:26:21","date_gmt":"2020-10-16T08:26:21","guid":{"rendered":"http:\/\/arka.mh370.cz\/?page_id=501"},"modified":"2026-01-07T08:44:19","modified_gmt":"2026-01-07T07:44:19","slug":"aktivity-v-okoli","status":"publish","type":"page","link":"https:\/\/www.hotelhills.sk\/cs\/sluzby\/aktivity-v-okoli\/","title":{"rendered":"Aktivity v okol\u00ed"},"content":{"rendered":"<div class=\"gdc_row\">\n<div class=\"gdc_column gdc_chalf\">\n<div class=\"gdc_inner\">\n<p><strong>AQUAPARK, TURISTIKA, CYKLISTIKA, ATRAKCE<\/strong><\/p>\n<h2>Letn\u00ed aktivity<\/h2>\n<style>#sp-ea-1204 .spcollapsing { height: 0; overflow: hidden; transition-property: height;transition-duration: 300ms;}#sp-ea-1204.sp-easy-accordion>.sp-ea-single {margin-bottom: 0px; border: 1px solid #e2e2e2; }#sp-ea-1204.sp-easy-accordion>.sp-ea-single>.ea-header a {color: #444;}#sp-ea-1204.sp-easy-accordion>.sp-ea-single>.sp-collapse>.ea-body {background: #fff; color: #444;}#sp-ea-1204.sp-easy-accordion>.sp-ea-single {background: #eee;}#sp-ea-1204.sp-easy-accordion>.sp-ea-single>.ea-header a .ea-expand-icon { float: left; color: #444;font-size: 16px;}<\/style>\n<div id=\"sp_easy_accordion-1741862088\">\n<div id=\"sp-ea-1204\" class=\"sp-ea-one sp-easy-accordion\" data-ea-active=\"ea-click\" data-ea-mode=\"vertical\" data-preloader=\"\" data-scroll-active-item=\"\" data-offset-to-scroll=\"0\">\n<div class=\"ea-card sp-ea-single\">\n<h3 class=\"ea-header\"><a class=\"collapsed\" id=\"ea-header-12040\" role=\"button\" data-sptoggle=\"spcollapse\" data-sptarget=\"#collapse12040\" aria-controls=\"collapse12040\" href=\"#\" aria-expanded=\"false\" tabindex=\"0\"><i aria-hidden=\"true\" role=\"presentation\" class=\"ea-expand-icon eap-icon-ea-expand-plus\"><\/i> AquaCity Poprad \u2013 Vodn\u00ed r\u00e1j pod Tatrami<\/a><\/h3>\n<div class=\"sp-collapse spcollapse spcollapse\" id=\"collapse12040\" data-parent=\"#sp-ea-1204\" role=\"region\" aria-labelledby=\"ea-header-12040\">\n<div class=\"ea-body\">\n<p>B\u011bhem cel\u00e9ho roku si m\u016f\u017eete dop\u0159\u00e1t dokonal\u00fd relax a odpo\u010dinek v nejkr\u00e1sn\u011bj\u0161\u00edm term\u00e1ln\u00edm Aquaparku AquaCity Poprad. Term\u00e1ln\u00ed vodu \u010derp\u00e1 z 1300 m hlubok\u00e9ho vrtu a obsahuje 20 r\u016fzn\u00fdch zdrav\u00ed prosp\u011b\u0161n\u00fdch miner\u00e1l\u016f. U\u017eijte si skv\u011blou z\u00e1bavu ve 13 venkovn\u00edch a vnit\u0159n\u00edch term\u00e1ln\u00edch baz\u00e9nech s teplotou vody od 30 \u2013 38 \u00b0C. Celkov\u00e1 vodn\u00ed plocha v aquaparku p\u0159edstavuje 3500m2 a kapacita cel\u00e9ho are\u00e1lu poslou\u017e\u00ed a\u017e sedmi tis\u00edc\u016fm n\u00e1v\u0161t\u011bvn\u00edk\u016f St\u0159edisko AquaCity Poprad je v\u00fdjime\u010dn\u00e9 zejm\u00e9na vodou, kter\u00e1 poch\u00e1z\u00ed geoterm\u00e1ln\u00edho pramene pod aquaparkem.<\/p>\n<p>Ve venkovn\u00edm are\u00e1lu si m\u016f\u017eete odpo\u010dinout v celoro\u010dn\u00edm sedac\u00edm nebo relaxa\u010dn\u00edm baz\u00e9nu, kde najdete vodn\u00ed perli\u010dky, mas\u00e1\u017en\u00ed trysky, vodn\u00ed h\u0159ib \u010di houpac\u00ed zvon, nebo si m\u016f\u017eete zaplavat ve venkovn\u00edm rekondi\u010dn\u00edm plaveck\u00e9m baz\u00e9nu pro aktivn\u00ed sportovce o d\u00e9lce 33m. Luxusn\u00ed term\u00e1ln\u00ed baz\u00e9ny Blue Diamond s n\u00e1pojov\u00fdmi bary a \u0159adou vodn\u00edch atrakc\u00ed, v\u00ed\u0159ivek, mas\u00e1\u017en\u00edch trysek a vodn\u00edch proud\u016f jsou m\u00edstem pro dokonal\u00fd relax. Relaxa\u010dn\u00ed baz\u00e9ny Blue Sapphire jsou unik\u00e1tn\u00ed nejen nab\u00edzen\u00fdm rozsahem slu\u017eeb, ale tak\u00e9 p\u0159\u00ednosem p\u0159i ochran\u011b \u017eivotn\u00edho prost\u0159ed\u00ed. Relaxa\u010dn\u00ed baz\u00e9ny s teplotou vody 30 - 35 \u00b0 C, kter\u00e9 nab\u00edzej\u00ed celou \u0161k\u00e1lu vodn\u00edch a vzduchov\u00fdch mas\u00e1\u017e\u00ed, vodn\u00edch perli\u010dkov\u00fdch leh\u00e1tek a sedadel, vodn\u00ed clony a trysky, speci\u00e1ln\u00ed sv\u011btla pro chromoterapii - l\u00e9\u010dbu sv\u011btlem, za\u0159\u00edzen\u00ed na um\u011bl\u00e9 vlnobit\u00ed a dal\u0161\u00ed atrakce. Skv\u011bl\u00fd pobyt v AquaCity Poprad je ka\u017ed\u00fd ve\u010der ukon\u010den v\u00fdjime\u010dnou 3D laserovou show v baz\u00e9nech Blue Sapphire, kter\u00e1 nem\u00e1 obdoby v cel\u00e9 Evrop\u011b. Laserov\u00e1 show v AquaCity je uk\u00e1zkou mo\u017enost\u00ed vyu\u017eit\u00ed technologicky nejvysp\u011blej\u0161\u00edch laserov\u00fdch projektor\u016f.<\/p>\n<p>V are\u00e1lu se nach\u00e1zej\u00ed 2 kryt\u00e9 tobog\u00e1ny a vodn\u00ed r\u00e1j Maysk\u00e1 pyramida, otev\u0159en\u00fd b\u011bhem letn\u00edch m\u011bs\u00edc\u016f s raftovac\u00edm tobog\u00e1nem, 2 rychl\u00fdmi skluzavkami Kamikadze a \u0161irokou skluzavkou Family slide. Nejmen\u0161\u00ed n\u00e1v\u0161t\u011bvn\u00edci se mohou pobavit a\u017e na sedmi r\u016fzn\u00fdch d\u011btsk\u00fdch h\u0159i\u0161t\u00edch a koutc\u00edch. Venkovn\u00ed letn\u00ed are\u00e1l nab\u00edz\u00ed prostor pro aktivn\u011bj\u0161\u00ed n\u00e1v\u0161t\u011bvn\u00edky, t\u0159i p\u00edskov\u00e1 h\u0159i\u0161t\u011b jsou ide\u00e1ln\u00ed pro pl\u00e1\u017eov\u00fd volejbal a fotbal s rodinou \u010di p\u0159\u00e1teli a v bezprost\u0159edn\u00ed bl\u00edzkosti h\u0159i\u0161\u0165 je tak\u00e9 p\u00edse\u010dn\u00e1 pl\u00e1\u017e s leh\u00e1tky a slune\u010dn\u00edky a n\u00e1pojov\u00fd beach bar se \u0161irokou nab\u00eddkou osv\u011b\u017euj\u00edc\u00edch n\u00e1poj\u016f a m\u00edchan\u00fdch drink\u016f. V mo\u0159i z\u00e1bavy pod Tatrami objev\u00ed cestovatel\u00e9 d\u011btsk\u00fd baz\u00e9n Treasure Island - Ostrov poklad\u016f. V duchu jednoho z nejpopul\u00e1rn\u011bj\u0161\u00edch d\u011bl historie, vybudovali baz\u00e9n ve stylu exotick\u00e9ho z\u00e1livu se slanou vodou, ve kter\u00e9m nechyb\u00ed ztroskotan\u00e1 lo\u010f. Pobyt u vody je mo\u017en\u00e9 v AquaCity Poprad vyu\u017e\u00edt tak\u00e9 k relaxaci a odpo\u010dinku spojen\u00fd s wellness procedurami a ve Vit\u00e1ln\u00edm sv\u011bt\u011b Fire &amp; Water Wellness &amp; Spa centru. Na plo\u0161e v\u00edce ne\u017e 1590 m2 naleznete vit\u00e1ln\u00ed sv\u011bt pln\u00fd kontrast\u016f ve znamen\u00ed \u017eivl\u016f ohn\u011b a vody. Tyto \u017eivly jsou symbolem wellness centra rozd\u011blen\u00e9ho na priv\u00e1tn\u00ed a party z\u00f3nu, ve kter\u00fdch naleznete r\u016fzn\u00e9 druhy saun a inhala\u010dn\u00edch m\u00edstnost\u00ed, ceremoni\u00e1ln\u00ed saunu, priv\u00e1tn\u00ed z\u00f3nu, odpo\u010d\u00edv\u00e1rny s vodn\u00edmi postelemi a unik\u00e1tn\u00ed 14 m Vital Bar.<\/p>\n<\/div>\n<\/div>\n<\/div>\n<div class=\"ea-card sp-ea-single\">\n<h3 class=\"ea-header\"><a class=\"collapsed\" id=\"ea-header-12041\" role=\"button\" data-sptoggle=\"spcollapse\" data-sptarget=\"#collapse12041\" aria-controls=\"collapse12041\" href=\"#\" aria-expanded=\"false\" tabindex=\"0\"><i aria-hidden=\"true\" role=\"presentation\" class=\"ea-expand-icon eap-icon-ea-expand-plus\"><\/i> Turistika<\/a><\/h3>\n<div class=\"sp-collapse spcollapse spcollapse\" id=\"collapse12041\" data-parent=\"#sp-ea-1204\" role=\"region\" aria-labelledby=\"ea-header-12041\">\n<div class=\"ea-body\">\n<p>Objevte a poznejte Vysok\u00e9 Tatry v\u0161emi smysly. Opus\u0165te ka\u017edodenn\u00ed stereotyp dne\u0161n\u00ed usp\u011bchan\u00e9 doby a nau\u010dte se znovu objevovat p\u0159irozenost na\u0161\u00ed \u00fachvatn\u00e9 krajiny. Vysok\u00e9 Tatry jsou jedine\u010dn\u00fdm m\u00edstem na zemi s 25-ti \u0161t\u00edty vy\u0161\u0161\u00edmi ne\u017e 2 500 metr\u016f. m., unik\u00e1tn\u00edmi ledovcov\u00fdmi plesy, chr\u00e1n\u011bn\u00fdmi rostlinami a ojedin\u011blou faunou. Na\u0161e tatransk\u00e9 hory dop\u0159ej\u00ed va\u0161emu t\u011blu i mysli tu pravou harmonii s p\u0159\u00edrodou. B\u011bhem letn\u00edch m\u011bs\u00edc\u016f nav\u0161t\u00edv\u00ed region Vysok\u00e9 Tatry p\u0159es 1,3 milionu n\u00e1v\u0161t\u011bvn\u00edk\u016f, kte\u0159\u00ed odpo\u010d\u00edvaj\u00ed a na\u010derp\u00e1vaj\u00ed s\u00edly v n\u00e1dhern\u00e9m regionu b\u011bhem jednoho nebo v\u00edce dn\u00ed. Vysok\u00e9 Tatry nab\u00edzej\u00ed rekreant\u016fm spoustu mo\u017enost\u00ed pro aktivn\u00ed odpo\u010dinek jako snadn\u011bj\u0161\u00ed \u010di n\u00e1ro\u010dn\u011bj\u0161\u00ed turistiku. Jedine\u010dn\u00fdm z\u00e1\u017eitkem je v\u00fdlet lanovkami na vrcholy Vysok\u00fdch Tater. Nejkr\u00e1sn\u011bj\u0161\u00ed v\u00fdhled z na\u0161ich velehor si u\u017eij\u00ed v\u0161echny v\u011bkov\u00e9 kategorie. Na \u00fazem\u00ed TANAPu se nach\u00e1z\u00ed p\u0159ibli\u017en\u011b 600 km zna\u010dkovan\u00fdch chodn\u00edk\u016f, kter\u00e9 dovedou turisty k nejzaj\u00edmav\u011bj\u0161\u00edm m\u00edst\u016fm Vysok\u00fdch Tater. Turistick\u00e9 stezky proch\u00e1zej\u00edc\u00ed dolinami umo\u017e\u0148uj\u00ed v\u00fdstupy na tatransk\u00e9 chaty, n\u011bkter\u00e9 n\u00e1ro\u010dn\u00e9 i m\u00e9n\u011b n\u00e1ro\u010dn\u00e9 tatransk\u00e9 vrcholy i p\u0159echody p\u0159es tatransk\u00e1 sedla. V\u0161echny turistick\u00e9 stezky, ur\u010den\u00e9 pro pohyb n\u00e1v\u0161t\u011bvn\u00edk\u016f v Tatransk\u00e9m n\u00e1rodn\u00edm parku jsou vyzna\u010deny zna\u010dkami (\u010derven\u00e1, modr\u00e1, zelen\u00e1, \u017elut\u00e1).<\/p>\n<\/div>\n<\/div>\n<\/div>\n<div class=\"ea-card sp-ea-single\">\n<h3 class=\"ea-header\"><a class=\"collapsed\" id=\"ea-header-12042\" role=\"button\" data-sptoggle=\"spcollapse\" data-sptarget=\"#collapse12042\" aria-controls=\"collapse12042\" href=\"#\" aria-expanded=\"false\" tabindex=\"0\"><i aria-hidden=\"true\" role=\"presentation\" class=\"ea-expand-icon eap-icon-ea-expand-plus\"><\/i> Cyklistika<\/a><\/h3>\n<div class=\"sp-collapse spcollapse spcollapse\" id=\"collapse12042\" data-parent=\"#sp-ea-1204\" role=\"region\" aria-labelledby=\"ea-header-12042\">\n<div class=\"ea-body\">\n<p>V\u00edce ne\u017e 300 km zna\u010den\u00fdch cyklostezek r\u016fzn\u00fdch obt\u00ed\u017enost\u00ed, ur\u010den\u00fdch pro v\u0161echny \u2013 rodiny s d\u011btmi, milovn\u00edky horsk\u00e9 a silni\u010dn\u00ed cyklistiky, sportovce i za\u010d\u00ednaj\u00edc\u00ed cyklisty.Rovinat\u00e9 trat\u011b v podh\u016f\u0159\u00ed, exponovan\u00e9 v\u00fdstupy a\u017e pod nejvy\u0161\u0161\u00ed \u0161t\u00edty Tater, cyklomagistr\u00e1la vedouc\u00ed t\u00e9m\u011b\u0159 kolem cel\u00e9ho poho\u0159\u00ed Vysok\u00fdch Tater.Cykloturistika je vynikaj\u00edc\u00ed p\u0159\u00edle\u017eitost\u00ed jak spojit sportov\u00fd pohyb s bezprost\u0159edn\u00edm z\u00e1\u017eitkem z p\u0159\u00edrody.<\/p>\n<\/div>\n<\/div>\n<\/div>\n<div class=\"ea-card sp-ea-single\">\n<h3 class=\"ea-header\"><a class=\"collapsed\" id=\"ea-header-12043\" role=\"button\" data-sptoggle=\"spcollapse\" data-sptarget=\"#collapse12043\" aria-controls=\"collapse12043\" href=\"#\" aria-expanded=\"false\" tabindex=\"0\"><i aria-hidden=\"true\" role=\"presentation\" class=\"ea-expand-icon eap-icon-ea-expand-plus\"><\/i> Atrakce<\/a><\/h3>\n<div class=\"sp-collapse spcollapse spcollapse\" id=\"collapse12043\" data-parent=\"#sp-ea-1204\" role=\"region\" aria-labelledby=\"ea-header-12043\">\n<div class=\"ea-body\">\n<p><strong>\u010cLUNKOV\u00c1N\u00cd<\/strong><br \/>Tradice \u010dlunkov\u00e1n\u00ed na \u0160trbsk\u00e9m plese a na Nov\u00e9m \u0160trbsk\u00e9m plese m\u00e1 v\u00edce ne\u017e 130letou historii. 5. \u010dervence 2008 se \u010dlunkov\u00e1n\u00ed na \u0160trbsk\u00e9m plese op\u011bt po 25 letech obnovilo. Jezero se \u201eodemklo\u201c a vy se z n\u011bj m\u016f\u017eete kochat n\u00e1dhern\u00fdm pohledem na Solisko a u\u017e\u00edvat si klidn\u00e9 hladiny tohoto v\u00fdjime\u010dn\u00e9ho unik\u00e1tu, kter\u00fd bojoval io jeden ze sedmi div\u016f sv\u011bta. K dispozici je 22 \u010dlunk\u016f, kter\u00e9 jsou p\u0159istaveny v nov\u011b vybudovan\u00e9m molu s p\u0159ekr\u00e1sn\u00fdm v\u00fdhledem na tatransk\u00e9 vrcholky.<\/p>\n<p><strong>BOBOV\u00c1 DR\u00c1HA, KOLOB\u011a\u017dKY, LANOV\u00c9 PARKY, SUMMER TUBING<\/strong><\/p>\n<\/div>\n<\/div>\n<\/div>\n<\/div>\n<\/div>\n<\/div>\n<\/div>\n<div class=\"gdc_column gdc_chalf\">\n<div class=\"gdc_inner\">\n<p><strong>LY\u017dOV\u00c1N\u00cd, BE\u017dECK\u00c9 LY\u017dOV\u00c1N\u00cd, S\u00c1\u0147KOVA\u010cKA<\/strong><\/p>\n<h2>Zimn\u00ed aktivity<\/h2>\n<style>#sp-ea-1206 .spcollapsing { height: 0; overflow: hidden; transition-property: height;transition-duration: 300ms;}#sp-ea-1206.sp-easy-accordion>.sp-ea-single {margin-bottom: 0px; border: 1px solid #e2e2e2; }#sp-ea-1206.sp-easy-accordion>.sp-ea-single>.ea-header a {color: #444;}#sp-ea-1206.sp-easy-accordion>.sp-ea-single>.sp-collapse>.ea-body {background: #fff; color: #444;}#sp-ea-1206.sp-easy-accordion>.sp-ea-single {background: #eee;}#sp-ea-1206.sp-easy-accordion>.sp-ea-single>.ea-header a .ea-expand-icon { float: left; color: #444;font-size: 16px;}<\/style>\n<div id=\"sp_easy_accordion-1741862272\">\n<div id=\"sp-ea-1206\" class=\"sp-ea-one sp-easy-accordion\" data-ea-active=\"ea-click\" data-ea-mode=\"vertical\" data-preloader=\"\" data-scroll-active-item=\"\" data-offset-to-scroll=\"0\">\n<div class=\"ea-card sp-ea-single\">\n<h3 class=\"ea-header\"><a class=\"collapsed\" id=\"ea-header-12060\" role=\"button\" data-sptoggle=\"spcollapse\" data-sptarget=\"#collapse12060\" aria-controls=\"collapse12060\" href=\"#\" aria-expanded=\"false\" tabindex=\"0\"><i aria-hidden=\"true\" role=\"presentation\" class=\"ea-expand-icon eap-icon-ea-expand-plus\"><\/i> Tatransk\u00e1 Lomnica<\/a><\/h3>\n<div class=\"sp-collapse spcollapse spcollapse\" id=\"collapse12060\" data-parent=\"#sp-ea-1206\" role=\"region\" aria-labelledby=\"ea-header-12060\">\n<div class=\"ea-body\">\n<p>Srdce ly\u017ea\u0159\u016f - Lomnick\u00e9 sedlo U\u017eijte si slune\u010dn\u00ed ly\u017eov\u00e1n\u00ed v Lomnick\u00e9m sedle, jej\u00ed\u017e v\u00fdchoz\u00ed bod za\u010d\u00edn\u00e1 ve st\u0159edisku Vysok\u00e9 Tatry - Tatransk\u00e1 Lomnice. Nejl\u00e9pe polo\u017een\u00e1 a nejstrm\u011bj\u0161\u00ed sjezdovka z Lomnick\u00e9ho Sedla 2 190 m nm. m., uspokoj\u00ed i nejn\u00e1ro\u010dn\u011bj\u0161\u00ed ly\u017ea\u0159e. 1 300 metrov\u00e9 p\u0159ev\u00fd\u0161en\u00ed, 5-m\u011bs\u00ed\u010dn\u00ed garance sn\u011bhu, nejmodern\u011bj\u0161\u00ed seda\u010dkov\u00e9 a kabinkov\u00e9 lanovky a roz\u0161\u00ed\u0159en\u00e9 sjezdovky jsou z\u00e1rukou skv\u011bl\u00e9ho z\u00e1\u017eitku na prvot\u0159\u00eddn\u00ed carvingov\u00e9 6,5 kilometrov\u00e9 trati o \u0161\u00ed\u0159ce a\u017e do 60m. St\u0159edisko z\u00e1rove\u0148 nab\u00edz\u00ed t\u00e9m\u011b\u0159 6 km m\u00e9n\u011b n\u00e1ro\u010dn\u00fdch sjezdovek, co\u017e ocen\u00ed zejm\u00e9na rodiny s d\u011btmi. Lomnick\u00e9 sedlo svou atraktivitou p\u0159itahuje krom\u011b b\u011b\u017en\u00fdch ly\u017ea\u0159\u016f, freerider\u016f, milovn\u00edk\u016f adrenalinu i individualisty.<\/p>\n<\/div>\n<\/div>\n<\/div>\n<div class=\"ea-card sp-ea-single\">\n<h3 class=\"ea-header\"><a class=\"collapsed\" id=\"ea-header-12061\" role=\"button\" data-sptoggle=\"spcollapse\" data-sptarget=\"#collapse12061\" aria-controls=\"collapse12061\" href=\"#\" aria-expanded=\"false\" tabindex=\"0\"><i aria-hidden=\"true\" role=\"presentation\" class=\"ea-expand-icon eap-icon-ea-expand-plus\"><\/i> Star\u00fd Smokovec<\/a><\/h3>\n<div class=\"sp-collapse spcollapse spcollapse\" id=\"collapse12061\" data-parent=\"#sp-ea-1206\" role=\"region\" aria-labelledby=\"ea-header-12061\">\n<div class=\"ea-body\">\n<p>Star\u00fd Smokovec - pohodln\u00e1 lanovka na Hrebienok, denn\u00ed a no\u010dn\u00ed s\u00e1\u0148kova\u010dka pat\u0159\u00ed k nejlep\u0161\u00edm zimn\u00edm z\u00e1\u017eitk\u016fm. Jakubkova louka s lehkou sjezdovou trat\u00ed je st\u0159edisko optim\u00e1ln\u00ed pro ly\u017ea\u0159e za\u010d\u00e1te\u010dn\u00edky. Hrebienok je nejobl\u00edben\u011bj\u0161\u00ed m\u00edsto zimn\u00edch turistick\u00fdch vych\u00e1zek k Vodop\u00e1d\u016fm studen\u00e9ho potoka \u010di k vysokohorsk\u00fdm chat\u00e1m. Nen\u00e1ro\u010dn\u00ed ly\u017ea\u0159i se najdou pr\u00e1v\u011b ve st\u0159edisku Star\u00fd Smokovec - Hrebienok nebo Jakubkova louka. Popul\u00e1rn\u00ed atrakc\u00ed je s\u00e1\u0148kova\u010dka po 2,5 kilometrov\u00e9 osv\u011btlen\u00e9 trati z Hrebienka do Star\u00e9ho Smokovce. Chcete-li se nau\u010dit ly\u017eovat nebo p\u0159iv\u00e9st k ly\u017eov\u00e1n\u00ed sv\u00e9 d\u011bti, profesion\u00e1ln\u00ed t\u00fdm instruktor\u016f ly\u017ea\u0159sk\u00e9 \u0161koly nab\u00edz\u00ed lekce i pro \u00fapln\u00e9 za\u010d\u00e1te\u010dn\u00edky. St\u0159edisko Vysok\u00e9 Tatry Star\u00fd Smokovec je ide\u00e1ln\u00edm startem pro zimn\u00ed turistiku k vysokohorsk\u00fdm chat\u00e1m a vodop\u00e1d\u016fm.<\/p>\n<\/div>\n<\/div>\n<\/div>\n<div class=\"ea-card sp-ea-single\">\n<h3 class=\"ea-header\"><a class=\"collapsed\" id=\"ea-header-12062\" role=\"button\" data-sptoggle=\"spcollapse\" data-sptarget=\"#collapse12062\" aria-controls=\"collapse12062\" href=\"#\" aria-expanded=\"false\" tabindex=\"0\"><i aria-hidden=\"true\" role=\"presentation\" class=\"ea-expand-icon eap-icon-ea-expand-plus\"><\/i> \u0160trbsk\u00e9 Pleso<\/a><\/h3>\n<div class=\"sp-collapse spcollapse spcollapse\" id=\"collapse12062\" data-parent=\"#sp-ea-1206\" role=\"region\" aria-labelledby=\"ea-header-12062\">\n<div class=\"ea-body\">\n<p>Nejl\u00e9pe polo\u017een\u00e1 tatransk\u00e1 osada \u0160trbsk\u00e9 Pleso nab\u00edz\u00ed na ji\u017en\u00edch svaz\u00edch P\u0159edn\u00edho Soliska 9 kilometr\u016f lehk\u00fdch a st\u0159edn\u011b t\u011b\u017ek\u00fdch sjezdov\u00fdch trat\u00ed, kter\u00e9 s oblibou vyu\u017e\u00edvaj\u00ed rodiny s d\u011btmi a pokro\u010dil\u00ed ly\u017ea\u0159i. Vysok\u00e9 Tatry - \u0160trbsk\u00e9 Pleso umo\u017e\u0148uje sv\u00fdm n\u00e1v\u0161t\u011bvn\u00edk\u016fm vyu\u017e\u00edvat slu\u017eeb p\u016fj\u010doven ly\u017e\u00ed, snowboard\u016f, ski - servis\u016f a ly\u017ea\u0159sk\u00fdch \u0161kol pro za\u010d\u00e1te\u010dn\u00edky. \u0160trbsk\u00e9 Pleso l\u00e1k\u00e1 vynikaj\u00edc\u00edmi ly\u017ea\u0159sk\u00fdmi podm\u00ednkami se skv\u011bl\u00fdmi trat\u011bmi na slalom, sjezd \u010di b\u011b\u017eeck\u00e9 ly\u017eov\u00e1n\u00ed, se slu\u017ebami s nejvy\u0161\u0161\u00edm standardem. Ly\u017ea\u0159i si tuto zimn\u00ed sez\u00f3nu vychutnaj\u00ed 9 km zasn\u011b\u017eovan\u00fdch sjezdovek, pro b\u011b\u017eka\u0159e jsou k dispozici b\u011b\u017eeck\u00e9 trat\u011b v celkov\u00e9 d\u00e9lce a\u017e 26,5 km. Ur\u010dit\u011b nevynechejte p\u0159\u00edle\u017eitost k no\u010dn\u00edmu ly\u017eov\u00e1n\u00ed. Milovn\u00edci adrenalinu mohou nav\u0161t\u00edvit atraktivn\u00ed snowpark. \u0160trbsk\u00e9 Pleso je nejv\u00fd\u0161e polo\u017een\u00fdm ly\u017ea\u0159sk\u00fdm st\u0159ediskem na Slovensku a jeho kouzeln\u00e1 atmosf\u00e9ra je i d\u00edky bohat\u00e9 historii.<\/p>\n<\/div>\n<\/div>\n<\/div>\n<div class=\"ea-card sp-ea-single\">\n<h3 class=\"ea-header\"><a class=\"collapsed\" id=\"ea-header-12063\" role=\"button\" data-sptoggle=\"spcollapse\" data-sptarget=\"#collapse12063\" aria-controls=\"collapse12063\" href=\"#\" aria-expanded=\"false\" tabindex=\"0\"><i aria-hidden=\"true\" role=\"presentation\" class=\"ea-expand-icon eap-icon-ea-expand-plus\"><\/i> B\u011b\u017eeck\u00e9 ly\u017eov\u00e1n\u00ed<\/a><\/h3>\n<div class=\"sp-collapse spcollapse spcollapse\" id=\"collapse12063\" data-parent=\"#sp-ea-1206\" role=\"region\" aria-labelledby=\"ea-header-12063\">\n<div class=\"ea-body\">\n<p>V regionu Vysok\u00e9 Tatry si p\u0159ijdou na sv\u00e9 i p\u0159\u00edznivci b\u011b\u017eeck\u00e9ho ly\u017eov\u00e1n\u00ed. Are\u00e1l \u0160trbsk\u00e9 Pleso nab\u00edz\u00ed v\u00edce okruh\u016f s r\u016fznou obt\u00ed\u017enost\u00ed v celkov\u00e9 d\u00e9lce 25 km. B\u011b\u017eeck\u00e9 trat\u011b najdete iv Tatransk\u00e9 Lomnici, Star\u00e9m Smokovci, ale tak\u00e9 v podh\u016f\u0159\u00ed. Golfov\u00fd are\u00e1l Black Stork ve Velk\u00e9 Lomnici se v zim\u011b m\u011bn\u00ed na n\u011bkolik b\u011b\u017eeck\u00fdch okruh\u016f v celkov\u00e9 d\u00e9lce v\u00edce ne\u017e 10 km.<\/p>\n<\/div>\n<\/div>\n<\/div>\n<div class=\"ea-card sp-ea-single\">\n<h3 class=\"ea-header\"><a class=\"collapsed\" id=\"ea-header-12064\" role=\"button\" data-sptoggle=\"spcollapse\" data-sptarget=\"#collapse12064\" aria-controls=\"collapse12064\" href=\"#\" aria-expanded=\"false\" tabindex=\"0\"><i aria-hidden=\"true\" role=\"presentation\" class=\"ea-expand-icon eap-icon-ea-expand-plus\"><\/i> S\u00e1\u0148kova\u010dka<\/a><\/h3>\n<div class=\"sp-collapse spcollapse spcollapse\" id=\"collapse12064\" data-parent=\"#sp-ea-1206\" role=\"region\" aria-labelledby=\"ea-header-12064\">\n<div class=\"ea-body\">\n<p>Zimn\u00ed z\u00e1bava v Tatr\u00e1ch nekon\u010d\u00ed. Vra\u0165te se do d\u011btsk\u00fdch \u010das\u016f a nasko\u010dte na s\u00e1\u0148ky.<br \/>Vy\u0159\u00e1dejte se na upravovan\u00e9 a osv\u011btlen\u00e9 2,5 km dlouh\u00e9 s\u00e1\u0148ka\u0159sk\u00e9 dr\u00e1ze z Hrebienka do Star\u00e9ho Smokovce. Vyv\u00e9zt se m\u016f\u017eete pohodln\u011b pozemn\u00ed lanovkou a s\u00e1\u0148ky jsou k dispozici v p\u016fj\u010dovn\u011b u \u00fadoln\u00ed stanice pozemn\u00ed lanovky. Za\u017e\u00edt ve\u010der pln\u00fd z\u00e1bavy a dobrodru\u017estv\u00ed m\u016f\u017eete b\u011bhem no\u010dn\u00ed s\u00e1\u0148kova\u010dky.<\/p>\n<\/div>\n<\/div>\n<\/div>\n<\/div>\n<\/div>\n<\/div>\n<\/div>\n<\/div>\n","protected":false},"excerpt":{"rendered":"","protected":false},"author":1,"featured_media":4882,"parent":13,"menu_order":43,"comment_status":"closed","ping_status":"closed","template":"","meta":{"footnotes":""},"class_list":["post-501","page","type-page","status-publish","has-post-thumbnail","hentry"],"acf":[],"aioseo_notices":[],"_links":{"self":[{"href":"https:\/\/www.hotelhills.sk\/cs\/wp-json\/wp\/v2\/pages\/501","targetHints":{"allow":["GET"]}}],"collection":[{"href":"https:\/\/www.hotelhills.sk\/cs\/wp-json\/wp\/v2\/pages"}],"about":[{"href":"https:\/\/www.hotelhills.sk\/cs\/wp-json\/wp\/v2\/types\/page"}],"author":[{"embeddable":true,"href":"https:\/\/www.hotelhills.sk\/cs\/wp-json\/wp\/v2\/users\/1"}],"replies":[{"embeddable":true,"href":"https:\/\/www.hotelhills.sk\/cs\/wp-json\/wp\/v2\/comments?post=501"}],"version-history":[{"count":6,"href":"https:\/\/www.hotelhills.sk\/cs\/wp-json\/wp\/v2\/pages\/501\/revisions"}],"predecessor-version":[{"id":4916,"href":"https:\/\/www.hotelhills.sk\/cs\/wp-json\/wp\/v2\/pages\/501\/revisions\/4916"}],"up":[{"embeddable":true,"href":"https:\/\/www.hotelhills.sk\/cs\/wp-json\/wp\/v2\/pages\/13"}],"wp:featuredmedia":[{"embeddable":true,"href":"https:\/\/www.hotelhills.sk\/cs\/wp-json\/wp\/v2\/media\/4882"}],"wp:attachment":[{"href":"https:\/\/www.hotelhills.sk\/cs\/wp-json\/wp\/v2\/media?parent=501"}],"curies":[{"name":"wp","href":"https:\/\/api.w.org\/{rel}","templated":true}]}}