{"id":440,"date":"2020-10-16T08:52:00","date_gmt":"2020-10-16T06:52:00","guid":{"rendered":"http:\/\/arka.mh370.cz\/?page_id=440"},"modified":"2025-03-24T14:19:43","modified_gmt":"2025-03-24T13:19:43","slug":"pokoje-lux","status":"publish","type":"page","link":"https:\/\/www.hotelhills.sk\/cs\/ubytovanie\/pokoje-lux\/","title":{"rendered":"Pokoje Lux"},"content":{"rendered":"<style type=\"text\/css\">\n\t\t\t#gallery-1 {\n\t\t\t\tmargin: auto;\n\t\t\t}\n\t\t\t#gallery-1 .gallery-item {\n\t\t\t\tfloat: left;\n\t\t\t\tmargin-top: 10px;\n\t\t\t\ttext-align: center;\n\t\t\t\twidth: 33%;\n\t\t\t}\n\t\t\t#gallery-1 img {\n\t\t\t\tborder: 2px solid #cfcfcf;\n\t\t\t}\n\t\t\t#gallery-1 .gallery-caption {\n\t\t\t\tmargin-left: 0;\n\t\t\t}\n\t\t\t\/* see gallery_shortcode() in wp-includes\/media.php *\/\n\t\t<\/style>\n<div id='gallery-1' class='gallery galleryid-440 gallery-columns-3 gallery-size-thumbnail'>\n<dl class='gallery-item'>\n<dt class='gallery-icon landscape'>\n\t\t\t\t<a href='https:\/\/www.hotelhills.sk\/wp-content\/uploads\/2025\/03\/Hotel_Hills_1000x650_37.jpeg' title=\"\" data-rl_title=\"\" class=\"rl-gallery-link\" data-rl_caption=\"\" data-rel=\"lightbox-gallery-1\"><img loading=\"lazy\" decoding=\"async\" width=\"800\" height=\"650\" src=\"https:\/\/www.hotelhills.sk\/wp-content\/uploads\/2025\/03\/Hotel_Hills_1000x650_37-800x650.jpeg\" class=\"attachment-thumbnail size-thumbnail\" alt=\"\" \/><\/a>\n\t\t\t<\/dt>\n<\/dl>\n<dl class='gallery-item'>\n<dt class='gallery-icon landscape'>\n\t\t\t\t<a href='https:\/\/www.hotelhills.sk\/wp-content\/uploads\/2025\/03\/Hotel_Hills_web_10.jpg' title=\"\" data-rl_title=\"\" class=\"rl-gallery-link\" data-rl_caption=\"\" data-rel=\"lightbox-gallery-1\"><img loading=\"lazy\" decoding=\"async\" width=\"800\" height=\"650\" src=\"https:\/\/www.hotelhills.sk\/wp-content\/uploads\/2025\/03\/Hotel_Hills_web_10-800x650.jpg\" class=\"attachment-thumbnail size-thumbnail\" alt=\"\" \/><\/a>\n\t\t\t<\/dt>\n<\/dl>\n<dl class='gallery-item'>\n<dt class='gallery-icon landscape'>\n\t\t\t\t<a href='https:\/\/www.hotelhills.sk\/wp-content\/uploads\/2025\/03\/Hotel_Hills_web_06.jpg' title=\"\" data-rl_title=\"\" class=\"rl-gallery-link\" data-rl_caption=\"\" data-rel=\"lightbox-gallery-1\"><img loading=\"lazy\" decoding=\"async\" width=\"800\" height=\"650\" src=\"https:\/\/www.hotelhills.sk\/wp-content\/uploads\/2025\/03\/Hotel_Hills_web_06-800x650.jpg\" class=\"attachment-thumbnail size-thumbnail\" alt=\"\" \/><\/a>\n\t\t\t<\/dt>\n<\/dl>\n<p><br style=\"clear: both\" \/><\/p>\n<dl class='gallery-item'>\n<dt class='gallery-icon landscape'>\n\t\t\t\t<a href='https:\/\/www.hotelhills.sk\/wp-content\/uploads\/2025\/03\/Hotel_Hills_209_210_1920x1080_03-1600x900.jpg' title=\"\" data-rl_title=\"\" class=\"rl-gallery-link\" data-rl_caption=\"\" data-rel=\"lightbox-gallery-1\"><img loading=\"lazy\" decoding=\"async\" width=\"800\" height=\"650\" src=\"https:\/\/www.hotelhills.sk\/wp-content\/uploads\/2025\/03\/Hotel_Hills_209_210_1920x1080_03-800x650.jpg\" class=\"attachment-thumbnail size-thumbnail\" alt=\"\" \/><\/a>\n\t\t\t<\/dt>\n<\/dl>\n<dl class='gallery-item'>\n<dt class='gallery-icon landscape'>\n\t\t\t\t<a href='https:\/\/www.hotelhills.sk\/wp-content\/uploads\/2025\/03\/Hotel_Hills_209_210_1920x1080_05-1600x900.jpg' title=\"\" data-rl_title=\"\" class=\"rl-gallery-link\" data-rl_caption=\"\" data-rel=\"lightbox-gallery-1\"><img loading=\"lazy\" decoding=\"async\" width=\"800\" height=\"650\" src=\"https:\/\/www.hotelhills.sk\/wp-content\/uploads\/2025\/03\/Hotel_Hills_209_210_1920x1080_05-800x650.jpg\" class=\"attachment-thumbnail size-thumbnail\" alt=\"\" \/><\/a>\n\t\t\t<\/dt>\n<\/dl>\n<dl class='gallery-item'>\n<dt class='gallery-icon landscape'>\n\t\t\t\t<a href='https:\/\/www.hotelhills.sk\/wp-content\/uploads\/2025\/03\/Hotel_Hills_1000x650_34.jpeg' title=\"\" data-rl_title=\"\" class=\"rl-gallery-link\" data-rl_caption=\"\" data-rel=\"lightbox-gallery-1\"><img loading=\"lazy\" decoding=\"async\" width=\"800\" height=\"650\" src=\"https:\/\/www.hotelhills.sk\/wp-content\/uploads\/2025\/03\/Hotel_Hills_1000x650_34-800x650.jpeg\" class=\"attachment-thumbnail size-thumbnail\" alt=\"\" \/><\/a>\n\t\t\t<\/dt>\n<\/dl>\n<p><br style=\"clear: both\" \/>\n\t\t<\/div>\n<div class=\"line\"><\/div>\n<div class=\"gdc_row\">\n<div class=\"gdc_column gdc_cthird\">\n<div class=\"gdc_inner\">\n<h2>Informace o ubytov\u00e1n\u00ed<\/h2>\n<p>Vyberte si ide\u00e1ln\u00ed pokoj pro v\u00e1\u0161 nezapomenuteln\u00fd rodinn\u00fd wellness pobyt. Nad\u010dasov\u011b a modern\u00edm zp\u016fsobem za\u0159\u00edzen\u00e9 pokoje Lux jsou perfektn\u00ed pro rodiny s d\u011btmi. Pokoje nab\u00edz\u00ed spojenou lo\u017enicovou a ob\u00fdvac\u00ed \u010d\u00e1st a dostatek prostoru pro celou rodinu. V hotelov\u00fdch \u010d\u00e1stech A, B a C najdete 33 pokoj\u016f Lux, kter\u00e9 jsou situov\u00e1ny ve 2. a 3. pat\u0159e. Interi\u00e9r je slad\u011bn v horsk\u00e9m stylu s pou\u017eit\u00edm dubov\u00e9ho d\u0159eva a jejich rozloha se pohybuje od 27 m2 do 37 m2. Ka\u017ed\u00fd pokoj m\u00e1 individu\u00e1ln\u00ed p\u016fdorys a je vybaven man\u017eelskou postel\u00ed a rozkl\u00e1dac\u00edm gau\u010dem nebo p\u0159ist\u00fdlkou. Vysoce kvalitn\u00ed matrace zajist\u00ed pohodln\u00fd sp\u00e1nek a dokonal\u00fd odpo\u010dinek po dni pln\u00e9m z\u00e1\u017eitk\u016f. Vybran\u00e9 pokoje disponuj\u00ed i \u200b\u200bbalkonem.<\/p>\n<\/div>\n<\/div>\n<div class=\"gdc_column gdc_cthird\">\n<div class=\"gdc_inner\">\n<h2>Vybaven\u00ed<\/h2>\n<ul>\n<li>Antialergick\u00e9 p\u0159ikr\u00fdvky<\/li>\n<li>Kosmetick\u00fd set<\/li>\n<li>LCD TV 55\u201c<\/li>\n<li>Minibar<\/li>\n<li>Ortopedick\u00e9 matrace<\/li>\n<li>Parkov\u00e1n\u00ed u hotelu<\/li>\n<li>Room Service &#8211; rozvoz j\u00eddla na pokoj<\/li>\n<li>Set k\u00e1vy a \u010daje<\/li>\n<li>Sprcha, WC, Vysou\u0161e\u010d vlas\u016f<\/li>\n<li>Telefon<\/li>\n<li>Trezor<\/li>\n<li>Wi-Fi<\/li>\n<li>\u017dupan<\/li>\n<\/ul>\n<\/div>\n<\/div>\n<div class=\"gdc_column gdc_cthird\">\n<div class=\"gdc_inner\">\n<h2>Extra slu\u017eby<\/h2>\n<p><strong>Late Check-out:<\/strong><\/p>\n<p>V p\u0159\u00edpad\u011b z\u00e1jmu o \u010dasn\u00fd Check \u2013 in nebo pozdn\u00ed Check \u2013 out kontaktujte pros\u00edm recepci hotelu. Poskytnut\u00ed t\u011bchto dopl\u0148kov\u00fdch slu\u017eeb z\u00e1vis\u00ed na aktu\u00e1ln\u00edch provozn\u00edch a kapacitn\u00edch mo\u017enostech hotelu.<\/p>\n<\/div>\n<\/div>\n<\/div>\n","protected":false},"excerpt":{"rendered":"","protected":false},"author":1,"featured_media":889,"parent":427,"menu_order":3,"comment_status":"closed","ping_status":"closed","template":"template-detail-pokoje.php","meta":{"footnotes":""},"class_list":["post-440","page","type-page","status-publish","has-post-thumbnail","hentry"],"acf":[],"aioseo_notices":[],"_links":{"self":[{"href":"https:\/\/www.hotelhills.sk\/cs\/wp-json\/wp\/v2\/pages\/440","targetHints":{"allow":["GET"]}}],"collection":[{"href":"https:\/\/www.hotelhills.sk\/cs\/wp-json\/wp\/v2\/pages"}],"about":[{"href":"https:\/\/www.hotelhills.sk\/cs\/wp-json\/wp\/v2\/types\/page"}],"author":[{"embeddable":true,"href":"https:\/\/www.hotelhills.sk\/cs\/wp-json\/wp\/v2\/users\/1"}],"replies":[{"embeddable":true,"href":"https:\/\/www.hotelhills.sk\/cs\/wp-json\/wp\/v2\/comments?post=440"}],"version-history":[{"count":12,"href":"https:\/\/www.hotelhills.sk\/cs\/wp-json\/wp\/v2\/pages\/440\/revisions"}],"predecessor-version":[{"id":4257,"href":"https:\/\/www.hotelhills.sk\/cs\/wp-json\/wp\/v2\/pages\/440\/revisions\/4257"}],"up":[{"embeddable":true,"href":"https:\/\/www.hotelhills.sk\/cs\/wp-json\/wp\/v2\/pages\/427"}],"wp:featuredmedia":[{"embeddable":true,"href":"https:\/\/www.hotelhills.sk\/cs\/wp-json\/wp\/v2\/media\/889"}],"wp:attachment":[{"href":"https:\/\/www.hotelhills.sk\/cs\/wp-json\/wp\/v2\/media?parent=440"}],"curies":[{"name":"wp","href":"https:\/\/api.w.org\/{rel}","templated":true}]}}