{"id":438,"date":"2020-10-16T08:51:08","date_gmt":"2020-10-16T06:51:08","guid":{"rendered":"http:\/\/arka.mh370.cz\/?page_id=438"},"modified":"2025-03-24T14:24:56","modified_gmt":"2025-03-24T13:24:56","slug":"izby-standard","status":"publish","type":"page","link":"https:\/\/www.hotelhills.sk\/cs\/ubytovanie\/izby-standard\/","title":{"rendered":"Pokoje Standard"},"content":{"rendered":"<style type=\"text\/css\">\n\t\t\t#gallery-1 {\n\t\t\t\tmargin: auto;\n\t\t\t}\n\t\t\t#gallery-1 .gallery-item {\n\t\t\t\tfloat: left;\n\t\t\t\tmargin-top: 10px;\n\t\t\t\ttext-align: center;\n\t\t\t\twidth: 25%;\n\t\t\t}\n\t\t\t#gallery-1 img {\n\t\t\t\tborder: 2px solid #cfcfcf;\n\t\t\t}\n\t\t\t#gallery-1 .gallery-caption {\n\t\t\t\tmargin-left: 0;\n\t\t\t}\n\t\t\t\/* see gallery_shortcode() in wp-includes\/media.php *\/\n\t\t<\/style>\n<div id='gallery-1' class='gallery galleryid-438 gallery-columns-4 gallery-size-thumbnail'>\n<dl class='gallery-item'>\n<dt class='gallery-icon landscape'>\n\t\t\t\t<a href='https:\/\/www.hotelhills.sk\/wp-content\/uploads\/2025\/03\/Hotel_Hills_web_01.jpg' title=\"\" data-rl_title=\"\" class=\"rl-gallery-link\" data-rl_caption=\"\" data-rel=\"lightbox-gallery-1\"><img loading=\"lazy\" decoding=\"async\" width=\"800\" height=\"650\" src=\"https:\/\/www.hotelhills.sk\/wp-content\/uploads\/2025\/03\/Hotel_Hills_web_01-800x650.jpg\" class=\"attachment-thumbnail size-thumbnail\" alt=\"\" \/><\/a>\n\t\t\t<\/dt>\n<\/dl>\n<dl class='gallery-item'>\n<dt class='gallery-icon landscape'>\n\t\t\t\t<a href='https:\/\/www.hotelhills.sk\/wp-content\/uploads\/2025\/03\/Hotel_Hills_web_00.jpg' title=\"\" data-rl_title=\"\" class=\"rl-gallery-link\" data-rl_caption=\"\" data-rel=\"lightbox-gallery-1\"><img loading=\"lazy\" decoding=\"async\" width=\"800\" height=\"650\" src=\"https:\/\/www.hotelhills.sk\/wp-content\/uploads\/2025\/03\/Hotel_Hills_web_00-800x650.jpg\" class=\"attachment-thumbnail size-thumbnail\" alt=\"\" \/><\/a>\n\t\t\t<\/dt>\n<\/dl>\n<dl class='gallery-item'>\n<dt class='gallery-icon landscape'>\n\t\t\t\t<a href='https:\/\/www.hotelhills.sk\/wp-content\/uploads\/2025\/03\/Hotel_Hills_1000x650_27.jpeg' title=\"\" data-rl_title=\"\" class=\"rl-gallery-link\" data-rl_caption=\"\" data-rel=\"lightbox-gallery-1\"><img loading=\"lazy\" decoding=\"async\" width=\"800\" height=\"650\" src=\"https:\/\/www.hotelhills.sk\/wp-content\/uploads\/2025\/03\/Hotel_Hills_1000x650_27-800x650.jpeg\" class=\"attachment-thumbnail size-thumbnail\" alt=\"\" \/><\/a>\n\t\t\t<\/dt>\n<\/dl>\n<dl class='gallery-item'>\n<dt class='gallery-icon landscape'>\n\t\t\t\t<a href='https:\/\/www.hotelhills.sk\/wp-content\/uploads\/2025\/03\/Hotel_Hills_1000x650_29.jpeg' title=\"\" data-rl_title=\"\" class=\"rl-gallery-link\" data-rl_caption=\"\" data-rel=\"lightbox-gallery-1\"><img loading=\"lazy\" decoding=\"async\" width=\"800\" height=\"650\" src=\"https:\/\/www.hotelhills.sk\/wp-content\/uploads\/2025\/03\/Hotel_Hills_1000x650_29-800x650.jpeg\" class=\"attachment-thumbnail size-thumbnail\" alt=\"\" \/><\/a>\n\t\t\t<\/dt>\n<\/dl>\n<p><br style=\"clear: both\" \/>\n\t\t<\/div>\n<div class=\"line\"><\/div>\n<div class=\"gdc_row\">\n<div class=\"gdc_column gdc_cthird\">\n<div class=\"gdc_inner\">\n<h2>Informace o ubytov\u00e1n\u00ed<\/h2>\n<p>Pokoje typu Standard o rozloze od 18,3 m\u00b2 do 33,8 m\u00b2 jsou ide\u00e1ln\u00ed volbou pro dvojice. Tyto prostorn\u00e9 a harmonick\u00e9 pokoje jsou za\u0159\u00edzeny v p\u0159\u00edrodn\u00edch odst\u00ednech, vyu\u017e\u00edvaj\u00edc dubov\u00e9 d\u0159evo a dal\u0161\u00ed p\u0159\u00edrodn\u00ed materi\u00e1ly. Poskytuj\u00ed \u00fatuln\u00fd, ale z\u00e1rove\u0148 luxusn\u00ed interi\u00e9r v horsk\u00e9m stylu, kter\u00fd je v souladu s okol\u00edm. V hotelov\u00fdch \u010d\u00e1stech A a C se nach\u00e1z\u00ed 28 pokoj\u016f typu Standard v 1., 2. a 3. pat\u0159e, p\u0159i\u010dem\u017e ka\u017ed\u00fd pokoj m\u00e1 r\u016fznou dispozici a p\u016fdorys.<\/p>\n<p>D\u011bti do 5,99 let jsou gr\u00e1tis, pokud nevy\u017eaduj\u00ed samostatn\u00e9 l\u016f\u017eko. Pro d\u011bti ve v\u011bku 0-3 let je na vy\u017e\u00e1d\u00e1n\u00ed k dispozici bezplatn\u00e1 d\u011btsk\u00e1 post\u00fdlka (pouze na vybran\u00fdch pokoj\u00edch). V pokoj\u00edch nelze p\u0159idat p\u0159ist\u00fdlky.<\/p>\n<\/div>\n<\/div>\n<div class=\"gdc_column gdc_cthird\">\n<div class=\"gdc_inner\">\n<h2>Vybaven\u00ed<\/h2>\n<ul>\n<li>Antialergick\u00e9 p\u0159ikr\u00fdvky<\/li>\n<li>Kosmetick\u00fd set<\/li>\n<li>LCD TV 55\u201c<\/li>\n<li>Minibar<\/li>\n<li>Ortopedick\u00e9 matrace<\/li>\n<li>Parkov\u00e1n\u00ed u hotelu<\/li>\n<li>Room Service &#8211; rozvoz j\u00eddla na pokoj<\/li>\n<li>Set k\u00e1vy a \u010daje<\/li>\n<li>Sprcha, WC, Vysou\u0161e\u010d vlas\u016f<\/li>\n<li>Telefon<\/li>\n<li>Trezor<\/li>\n<li>Wi-Fi<\/li>\n<li>\u017dupan<\/li>\n<\/ul>\n<\/div>\n<\/div>\n<div class=\"gdc_column gdc_cthird\">\n<div class=\"gdc_inner\">\n<h2>Extra slu\u017eby<\/h2>\n<p>Detsk\u00e1 post\u00fdlka &#8211; bezplatn\u011b<\/p>\n<p><strong>Late Check-out:<\/strong><\/p>\n<p>V p\u0159\u00edpad\u011b z\u00e1jmu o \u010dasn\u00fd Check \u2013 in nebo pozdn\u00ed Check \u2013 out kontaktujte pros\u00edm recepci hotelu. Poskytnut\u00ed t\u011bchto dopl\u0148kov\u00fdch slu\u017eeb z\u00e1vis\u00ed na aktu\u00e1ln\u00edch provozn\u00edch a kapacitn\u00edch mo\u017enostech hotelu.<\/p>\n<\/div>\n<\/div>\n<\/div>\n","protected":false},"excerpt":{"rendered":"","protected":false},"author":1,"featured_media":901,"parent":427,"menu_order":1,"comment_status":"closed","ping_status":"closed","template":"template-detail-pokoje.php","meta":{"footnotes":""},"class_list":["post-438","page","type-page","status-publish","has-post-thumbnail","hentry"],"acf":[],"aioseo_notices":[],"_links":{"self":[{"href":"https:\/\/www.hotelhills.sk\/cs\/wp-json\/wp\/v2\/pages\/438","targetHints":{"allow":["GET"]}}],"collection":[{"href":"https:\/\/www.hotelhills.sk\/cs\/wp-json\/wp\/v2\/pages"}],"about":[{"href":"https:\/\/www.hotelhills.sk\/cs\/wp-json\/wp\/v2\/types\/page"}],"author":[{"embeddable":true,"href":"https:\/\/www.hotelhills.sk\/cs\/wp-json\/wp\/v2\/users\/1"}],"replies":[{"embeddable":true,"href":"https:\/\/www.hotelhills.sk\/cs\/wp-json\/wp\/v2\/comments?post=438"}],"version-history":[{"count":9,"href":"https:\/\/www.hotelhills.sk\/cs\/wp-json\/wp\/v2\/pages\/438\/revisions"}],"predecessor-version":[{"id":4453,"href":"https:\/\/www.hotelhills.sk\/cs\/wp-json\/wp\/v2\/pages\/438\/revisions\/4453"}],"up":[{"embeddable":true,"href":"https:\/\/www.hotelhills.sk\/cs\/wp-json\/wp\/v2\/pages\/427"}],"wp:featuredmedia":[{"embeddable":true,"href":"https:\/\/www.hotelhills.sk\/cs\/wp-json\/wp\/v2\/media\/901"}],"wp:attachment":[{"href":"https:\/\/www.hotelhills.sk\/cs\/wp-json\/wp\/v2\/media?parent=438"}],"curies":[{"name":"wp","href":"https:\/\/api.w.org\/{rel}","templated":true}]}}